{"id":957,"date":"2026-02-25T15:00:38","date_gmt":"2026-02-25T12:00:38","guid":{"rendered":"https:\/\/binnurdumanakademi.org\/?page_id=957"},"modified":"2026-02-25T15:05:46","modified_gmt":"2026-02-25T12:05:46","slug":"6-level","status":"publish","type":"page","link":"https:\/\/binnurdumanakademi.org\/index.php\/6-level\/","title":{"rendered":"6.LEVEL"},"content":{"rendered":"<div data-colibri-id=\"957-c1\" class=\"style-768 style-local-957-c1 position-relative\">\n  <!---->\n  <div data-colibri-component=\"section\" data-colibri-id=\"957-c2\" id=\"custom\" class=\"h-section h-section-global-spacing d-flex align-items-lg-center align-items-md-center align-items-center style-769 style-local-957-c2 position-relative\">\n    <!---->\n    <!---->\n    <div class=\"h-section-grid-container h-section-fluid-container\">\n      <!---->\n      <div data-colibri-id=\"957-c3\" class=\"h-row-container gutters-row-lg-2 gutters-row-md-2 gutters-row-0 gutters-row-v-lg-2 gutters-row-v-md-2 gutters-row-v-2 style-770 style-local-957-c3 position-relative\">\n        <!---->\n        <div class=\"h-row justify-content-lg-center justify-content-md-center justify-content-center align-items-lg-stretch align-items-md-stretch align-items-stretch gutters-col-lg-2 gutters-col-md-2 gutters-col-0 gutters-col-v-lg-2 gutters-col-v-md-2 gutters-col-v-2\">\n          <!---->\n          <div class=\"h-column h-column-container d-flex h-col-lg-auto h-col-md-auto h-col-auto style-771-outer style-local-957-c4-outer\">\n            <div data-colibri-id=\"957-c4\" class=\"d-flex h-flex-basis h-column__inner h-px-lg-2 h-px-md-2 h-px-2 v-inner-lg-2 v-inner-md-2 v-inner-2 style-771 style-local-957-c4 position-relative\">\n              <!---->\n              <!---->\n              <div class=\"w-100 h-y-container h-column__content h-column__v-align flex-basis-100 align-self-lg-start align-self-md-start align-self-start\">\n                <!---->\n                <div data-colibri-id=\"957-c5\" class=\"d-block style-772 style-local-957-c5 position-relative h-element\">\n                  <!---->\n                  <div class=\"h-image__frame-container-outer\">\n                    <div class=\"h-image__frame-container\">\n                      <!---->\n                      <!---->\n                      <img loading=\"lazy\" decoding=\"async\" width=\"1284\" height=\"2282\" src=\"https:\/\/binnurdumanakademi.org\/wp-content\/uploads\/2026\/02\/binnur-duman.jpg\" class=\"wp-image-950 style-772-image style-local-957-c5-image\" alt=\"\" srcset=\"https:\/\/binnurdumanakademi.org\/wp-content\/uploads\/2026\/02\/binnur-duman.jpg 1284w, https:\/\/binnurdumanakademi.org\/wp-content\/uploads\/2026\/02\/binnur-duman-169x300.jpg 169w, https:\/\/binnurdumanakademi.org\/wp-content\/uploads\/2026\/02\/binnur-duman-576x1024.jpg 576w, https:\/\/binnurdumanakademi.org\/wp-content\/uploads\/2026\/02\/binnur-duman-768x1365.jpg 768w, https:\/\/binnurdumanakademi.org\/wp-content\/uploads\/2026\/02\/binnur-duman-864x1536.jpg 864w, https:\/\/binnurdumanakademi.org\/wp-content\/uploads\/2026\/02\/binnur-duman-1152x2048.jpg 1152w\" sizes=\"auto, (max-width: 1284px) 100vw, 1284px\" \/>\n                      <div class=\"h-image__frame h-hide-lg h-hide-md h-hide-sm style-772-frameImage style-local-957-c5-frameImage\"><\/div>\n                    <\/div>\n                  <\/div>\n                <\/div>\n              <\/div>\n            <\/div>\n          <\/div>\n        <\/div>\n      <\/div>\n      <div data-colibri-id=\"957-c6\" class=\"h-row-container gutters-row-lg-2 gutters-row-md-2 gutters-row-0 gutters-row-v-lg-2 gutters-row-v-md-2 gutters-row-v-2 style-773 style-local-957-c6 position-relative\">\n        <!---->\n        <div class=\"h-row justify-content-lg-center justify-content-md-center justify-content-center align-items-lg-stretch align-items-md-stretch align-items-stretch gutters-col-lg-2 gutters-col-md-2 gutters-col-0 gutters-col-v-lg-2 gutters-col-v-md-2 gutters-col-v-2\">\n          <!---->\n          <div class=\"h-column h-column-container d-flex h-col-lg-auto h-col-md-auto h-col-auto style-774-outer style-local-957-c7-outer\">\n            <div data-colibri-id=\"957-c7\" class=\"d-flex h-flex-basis h-column__inner h-px-lg-2 h-px-md-2 h-px-2 v-inner-lg-2 v-inner-md-2 v-inner-2 style-774 style-local-957-c7 position-relative\">\n              <!---->\n              <!---->\n              <div class=\"w-100 h-y-container h-column__content h-column__v-align flex-basis-100 align-self-lg-start align-self-md-start align-self-start\">\n                <!---->\n                <div data-colibri-id=\"957-c8\" class=\"h-text h-text-component style-775 style-local-957-c8 position-relative h-element\">\n                  <!---->\n                  <!---->\n                  <div class=\"\">\n                    <p>6 GRANDMASTER A\u015eAMASI<\/p>\n                    <p>\n                      <br>\n                    <\/p>\n                    <p>B\u00dcY\u00dcK B\u0130LGEL\u0130K B\u0130L\u0130NC\u0130<\/p>\n                    <p>Varolu\u015f ve sen kavram\u0131n\u0131n ortadan kalkt\u0131\u011f\u0131 veY\u00fcksek Bilin\u00e7 ile uyumun ger\u00e7ekle\u015fti\u011fi a\u015famad\u0131r.<\/p>\n                    <p>Bu a\u015famada bilgelik kap\u0131lar\u0131 a\u00e7\u0131l\u0131r.<\/p>\n                    <p>Bu a\u015famada<\/p>\n                    <p>Ta\u00e7 \u00e7akran\u0131n daha aktif \u00e7al\u0131\u015fmas\u0131 sezgisel zekan\u0131n artmas\u0131 s\u00f6z konusudur<\/p>\n                    <p>Bu muhte\u015fem b\u00fcy\u00fck harmoninin ger\u00e7ekle\u015fmesi i\u00e7in 6. LEVEL I\u015eIK ve B\u0130L\u0130N\u00c7 anahtar\u0131 ile \u00e7al\u0131\u015fmak \u015fartt\u0131r.<\/p>\n                    <p>Bu anahtar\u0131n meditasyonu ile b\u00fct\u00fcn\u00fcn d\u0131\u015f\u0131nda de\u011fil onun \u00d6z&#8217;\u00fc ve as\u0131l bilincin kayna\u011f\u0131ndan oldu\u011fumuzun fark\u0131na var\u0131r\u0131z.<\/p>\n                    <p>Bu levelde olan ki\u015fi daha y\u00fcksek frekansta olarak ,daha kronik ve kaotik t\u0131kan\u0131kl\u0131klar\u0131n\u0131n ve durumlar\u0131n \u00e7\u00f6z\u00fclmesinde Enerjisel g\u00fc\u00e7 fark\u0131ndal\u0131\u011f\u0131 , Durug\u00f6r\u00fc ve sezgisel fark\u0131ndal\u0131\u011f\u0131 sa\u011flar.<\/p>\n                    <p>Ayn\u0131 zamanda daha k\u0131sa s\u00fcrede sonuca ula\u015fma fark\u0131ndal\u0131\u011f\u0131 ya\u015fan\u0131r.<\/p>\n                    <p>Lazer tekni\u011fi ile \u00e7al\u0131\u015fmay\u0131 daha g\u00fc\u00e7l\u00fc k\u0131lan ve bu \u00e7al\u0131\u015fmay\u0131 tamamlayan bir a\u015famad\u0131r<\/p>\n                    <p>6 LEVEL bilgelik a\u015famas\u0131nda olan GrandMastere karma temizli\u011fi Yapabilme yetkisi verilir<\/p>\n                    <p>Ge\u00e7mi\u015f ya\u015famlardan getirilen ya da soya\u011fac\u0131\u011f\u0131ndan gelen t\u00fcm Karmik y\u00fcklerin ve Karmik ili\u015fkilerin s\u0131k\u0131\u015fm\u0131\u015f enerjilerinin temizli\u011fi bu a\u015famada ger\u00e7ekle\u015ftirilir<\/p>\n                    <p>Epigenetik aktar\u0131mlarla gelen beden ve bilin\u00e7alt\u0131 \u00e7al\u0131\u015fmas\u0131 yap\u0131l\u0131r<\/p>\n                    <p>\n                      <br>\n                    <\/p>\n                    <p>Bu \u00e7al\u0131\u015fmalar \u00f6zel patentli ve TEL\u0130F haklar\u0131 \u015fahs\u0131ma ait olan \u00e7al\u0131\u015fmalard\u0131r<\/p>\n                    <p>Al\u0131nmas\u0131 \u00e7al\u0131nmas\u0131 ve kopyalanmas\u0131 su\u00e7tur<\/p>\n                    <p>Binnur Duman<\/p>\n                  <\/div>\n                <\/div>\n              <\/div>\n            <\/div>\n          <\/div>\n        <\/div>\n      <\/div>\n    <\/div>\n  <\/div>\n<\/div>","protected":false},"excerpt":{"rendered":"<p>6 GRANDMASTER A\u015eAMASI B\u00dcY\u00dcK B\u0130LGEL\u0130K B\u0130L\u0130NC\u0130 Varolu\u015f ve sen kavram\u0131n\u0131n ortadan kalkt\u0131\u011f\u0131 veY\u00fcksek Bilin\u00e7 ile uyumun ger\u00e7ekle\u015fti\u011fi a\u015famad\u0131r. Bu a\u015famada bilgelik kap\u0131lar\u0131 a\u00e7\u0131l\u0131r. Bu a\u015famada Ta\u00e7 \u00e7akran\u0131n daha aktif \u00e7al\u0131\u015fmas\u0131 sezgisel zekan\u0131n artmas\u0131 s\u00f6z konusudur Bu muhte\u015fem b\u00fcy\u00fck harmoninin ger\u00e7ekle\u015fmesi i\u00e7in 6. LEVEL I\u015eIK ve B\u0130L\u0130N\u00c7 anahtar\u0131 ile \u00e7al\u0131\u015fmak \u015fartt\u0131r. Bu anahtar\u0131n meditasyonu ile b\u00fct\u00fcn\u00fcn [&hellip;]<\/p>\n","protected":false},"author":1,"featured_media":0,"parent":0,"menu_order":0,"comment_status":"closed","ping_status":"closed","template":"page-templates\/full-width-page.php","meta":{"footnotes":""},"class_list":["post-957","page","type-page","status-publish","hentry"],"_links":{"self":[{"href":"https:\/\/binnurdumanakademi.org\/index.php\/wp-json\/wp\/v2\/pages\/957","targetHints":{"allow":["GET"]}}],"collection":[{"href":"https:\/\/binnurdumanakademi.org\/index.php\/wp-json\/wp\/v2\/pages"}],"about":[{"href":"https:\/\/binnurdumanakademi.org\/index.php\/wp-json\/wp\/v2\/types\/page"}],"author":[{"embeddable":true,"href":"https:\/\/binnurdumanakademi.org\/index.php\/wp-json\/wp\/v2\/users\/1"}],"replies":[{"embeddable":true,"href":"https:\/\/binnurdumanakademi.org\/index.php\/wp-json\/wp\/v2\/comments?post=957"}],"version-history":[{"count":4,"href":"https:\/\/binnurdumanakademi.org\/index.php\/wp-json\/wp\/v2\/pages\/957\/revisions"}],"predecessor-version":[{"id":977,"href":"https:\/\/binnurdumanakademi.org\/index.php\/wp-json\/wp\/v2\/pages\/957\/revisions\/977"}],"wp:attachment":[{"href":"https:\/\/binnurdumanakademi.org\/index.php\/wp-json\/wp\/v2\/media?parent=957"}],"curies":[{"name":"wp","href":"https:\/\/api.w.org\/{rel}","templated":true}]}}