{"id":852,"date":"2025-03-18T15:44:23","date_gmt":"2025-03-18T12:44:23","guid":{"rendered":"https:\/\/binnurdumanakademi.org\/?page_id=852"},"modified":"2026-02-25T14:46:57","modified_gmt":"2026-02-25T11:46:57","slug":"5-level","status":"publish","type":"page","link":"https:\/\/binnurdumanakademi.org\/index.php\/5-level\/","title":{"rendered":"5.LEVEL"},"content":{"rendered":"<div data-colibri-id=\"852-c1\" class=\"style-758 style-local-852-c1 position-relative\">\n  <!---->\n  <div data-colibri-component=\"section\" data-colibri-id=\"852-c2\" id=\"custom\" class=\"h-section h-section-global-spacing d-flex align-items-lg-center align-items-md-center align-items-center style-759 style-local-852-c2 position-relative\">\n    <!---->\n    <!---->\n    <div class=\"h-section-grid-container h-section-fluid-container\">\n      <!---->\n      <div data-colibri-id=\"852-c3\" class=\"h-row-container gutters-row-lg-2 gutters-row-md-2 gutters-row-0 gutters-row-v-lg-2 gutters-row-v-md-2 gutters-row-v-2 style-762 style-local-852-c3 position-relative\">\n        <!---->\n        <div class=\"h-row justify-content-lg-center justify-content-md-center justify-content-center align-items-lg-stretch align-items-md-stretch align-items-stretch gutters-col-lg-2 gutters-col-md-2 gutters-col-0 gutters-col-v-lg-2 gutters-col-v-md-2 gutters-col-v-2\">\n          <!---->\n          <div class=\"h-column h-column-container d-flex h-col-lg-auto h-col-md-auto h-col-auto style-763-outer style-local-852-c4-outer\">\n            <div data-colibri-id=\"852-c4\" class=\"d-flex h-flex-basis h-column__inner h-px-lg-2 h-px-md-2 h-px-2 v-inner-lg-2 v-inner-md-2 v-inner-2 style-763 style-local-852-c4 position-relative\">\n              <!---->\n              <!---->\n              <div class=\"w-100 h-y-container h-column__content h-column__v-align flex-basis-100 align-self-lg-start align-self-md-start align-self-start\">\n                <!---->\n                <div data-colibri-id=\"852-c5\" class=\"d-block style-764 style-local-852-c5 position-relative h-element\">\n                  <!---->\n                  <div class=\"h-image__frame-container-outer\">\n                    <div class=\"h-image__frame-container\">\n                      <!---->\n                      <!---->\n                      <img loading=\"lazy\" decoding=\"async\" width=\"1284\" height=\"2282\" src=\"https:\/\/binnurdumanakademi.org\/wp-content\/uploads\/2025\/03\/5.jpg\" class=\"wp-image-845 style-764-image style-local-852-c5-image\" alt=\"\" srcset=\"https:\/\/binnurdumanakademi.org\/wp-content\/uploads\/2025\/03\/5.jpg 1284w, https:\/\/binnurdumanakademi.org\/wp-content\/uploads\/2025\/03\/5-169x300.jpg 169w, https:\/\/binnurdumanakademi.org\/wp-content\/uploads\/2025\/03\/5-576x1024.jpg 576w, https:\/\/binnurdumanakademi.org\/wp-content\/uploads\/2025\/03\/5-768x1365.jpg 768w, https:\/\/binnurdumanakademi.org\/wp-content\/uploads\/2025\/03\/5-864x1536.jpg 864w, https:\/\/binnurdumanakademi.org\/wp-content\/uploads\/2025\/03\/5-1152x2048.jpg 1152w\" sizes=\"auto, (max-width: 1284px) 100vw, 1284px\" \/>\n                      <div class=\"h-image__frame h-hide-lg h-hide-md h-hide-sm style-764-frameImage style-local-852-c5-frameImage\"><\/div>\n                    <\/div>\n                  <\/div>\n                <\/div>\n              <\/div>\n            <\/div>\n          <\/div>\n        <\/div>\n      <\/div>\n      <div data-colibri-id=\"852-c6\" class=\"h-row-container gutters-row-lg-2 gutters-row-md-2 gutters-row-0 gutters-row-v-lg-2 gutters-row-v-md-2 gutters-row-v-2 style-760 style-local-852-c6 position-relative\">\n        <!---->\n        <div class=\"h-row justify-content-lg-center justify-content-md-center justify-content-center align-items-lg-stretch align-items-md-stretch align-items-stretch gutters-col-lg-2 gutters-col-md-2 gutters-col-0 gutters-col-v-lg-2 gutters-col-v-md-2 gutters-col-v-2\">\n          <!---->\n          <div class=\"h-column h-column-container d-flex h-col-lg-auto h-col-md-auto h-col-auto style-761-outer style-local-852-c7-outer\">\n            <div data-colibri-id=\"852-c7\" class=\"d-flex h-flex-basis h-column__inner h-px-lg-2 h-px-md-2 h-px-2 v-inner-lg-2 v-inner-md-2 v-inner-2 style-761 style-local-852-c7 position-relative\">\n              <!---->\n              <!---->\n              <div class=\"w-100 h-y-container h-column__content h-column__v-align flex-basis-100 align-self-lg-start align-self-md-start align-self-start\">\n                <!---->\n                <div data-colibri-id=\"852-c8\" class=\"h-text h-text-component style-765 style-local-852-c8 position-relative h-element\">\n                  <!---->\n                  <!---->\n                  <div class=\"\">\n                    <p>5. LEVEL GRANDMASTER<\/p>\n                    <p>I\u015eIK A\u015eAMASI<\/p>\n                    <p>\n                      <br>\n                    <\/p>\n                    <p>B\u00dcY\u00dcK HARMON\u0130<\/p>\n                    <p>I\u015f\u0131k a\u015famalar\u0131n\u0131n ilk kap\u0131s\u0131 olan bu seviyeye ilk 4 level\u0131 ge\u00e7enler bu seviyeye hak kazanm\u0131\u015f olanlarm\u0131\u015f.<\/p>\n                    <p>Bu a\u015famada T\u0131pk\u0131 1. level\u2019daki gibi ar\u0131nmalar ya\u015fan\u0131r.<\/p>\n                    <p>Bu ar\u0131nmalardan ge\u00e7ebilenler varolu\u015fla b\u00fcy\u00fck bir uyum ger\u00e7ekle\u015ftirir.<\/p>\n                    <p>Bunun sonucunda varolu\u015f ger\u00e7e\u011fini idrak edip art\u0131k ki\u015fisel egolar\u0131ndan kurtulur.<\/p>\n                    <p>D\u00fcnyevi korku ve kayg\u0131lar ge\u00e7mi\u015fte kal\u0131r.<\/p>\n                    <p>Ki\u015fi 5. level \u0131\u015f\u0131k a\u015famas\u0131nda sevginin kayna\u011f\u0131n\u0131n ne oldu\u011funu ger\u00e7ek sevginin ko\u015fulsuz oldu\u011funu alg\u0131lar ve yaradan ile olan ba\u011flants\u0131 \u00e7ok daha g\u00fc\u00e7lenir.<\/p>\n                    <p>Bu a\u015famada yap\u0131lan t\u00fcm \u00e7al\u0131\u015fmalar lazer tekni\u011fi ile yap\u0131ld\u0131\u011f\u0131 i\u00e7in \u00e7ok k\u0131sa s\u00fcrede ve etkin \u00e7al\u0131\u015fmalar olur.<\/p>\n                    <p>\n                      <br>\n                    <\/p>\n                    <p>5. I\u015eIK A\u015eAMA DA NELER OLUR<\/p>\n                    <p>Bu a\u015fama sonsuz ve ko\u015fulsuz sevginin ve uyumun kayna\u011f\u0131n\u0131 fark edip anlamak, sonu\u00e7ta ger\u00e7ek ko\u015fulsuz sevgiyle b\u00fct\u00fcnle\u015fmek i\u00e7indir.<\/p>\n                    <p>Ko\u015fulsuz sevginin ne oldu\u011funu anlamak ve onunla b\u00fct\u00fcnle\u015fmek ve bunu t\u00fcm eylemlerimize yans\u0131tma Ger\u00e7ekle\u015fir<\/p>\n                    <p>Konu\u015fmalar\u0131m\u0131zla d\u00fc\u015f\u00fcnce ve davran\u0131\u015flar\u0131m\u0131zla auram\u0131zla etraf\u0131m\u0131za ve t\u00fcm varolu\u015fa yay\u0131l\u0131r.<\/p>\n                    <p>5. Level ile yap\u0131lacak \u00e7al\u0131\u015fmalar\u0131n ki\u015fiye kazand\u0131rd\u0131\u011f\u0131 a\u00e7\u0131l\u0131m her alanda i\u00e7sel ve d\u0131\u015fsal (maddi-manevi-d\u00fcnyevi) fark\u0131ndal\u0131klar\u0131n artarak \u00e7o\u011falmas\u0131d\u0131r<\/p>\n                    <p>Her canl\u0131n\u0131n ve her nesnenin bir a\u015fk sevgi sonucunda olu\u015ftu\u011funun ve i\u00e7sel fark\u0131ndal\u0131\u011f\u0131n\u0131n kazan\u0131lmas\u0131 ve b\u00fcy\u00fck ger\u00e7ek uyumun sa\u011flanmas\u0131d\u0131r.<\/p>\n                    <p>Varolu\u015fa ne verirsen bana kat kat geri verir. Bilincine sahip olarak her canl\u0131ya her nesneye buna g\u00f6re davranmakt\u0131r.<\/p>\n                    <p>\u00d6rne\u011fin birine kar\u015f\u0131 nefret ya da sevgi duydu\u011funda evrenin bana bunu \u00e7o\u011faltarak geri verece\u011fini bilirim.<\/p>\n                    <p>Bu nedenle yarat\u0131lan her \u015feyi sevmem ve sayg\u0131 duymam gerekir.<\/p>\n                    <p>\u00c7\u00fcnk\u00fc her \u015fey olmas\u0131 gerekti\u011fi gibi olacakt\u0131r. Baz\u0131 durumlar insani olarak bize ilk ba\u015fta negatifmi\u015f gibi gelebilir. Ama bunun bizim hayr\u0131m\u0131za oldu\u011funu bilmemiz gerekebilir.<\/p>\n                    <p>Bu a\u015famada yap\u0131lan t\u00fcm \u00e7al\u0131\u015fmalar lazer tekni\u011fi ile yap\u0131ld\u0131\u011f\u0131 i\u00e7in \u00e7ok k\u0131sa s\u00fcrede ve etkin \u00e7al\u0131\u015fmalar olur.<\/p>\n                    <p>\n                      <br>\n                    <\/p>\n                    <p>Bu \u00e7al\u0131\u015fmalar \u00f6zel patentli ve TEL\u0130F haklar\u0131 \u015fahs\u0131ma ait olan \u00e7al\u0131\u015fmalard\u0131r<\/p>\n                    <p>Al\u0131nmas\u0131 ,\u00e7al\u0131nmas\u0131 ve kopyalanmas\u0131 su\u00e7tur<\/p>\n                    <p>Binnur Duman<\/p>\n                    <p>\n                      <br>\n                    <\/p>\n                  <\/div>\n                <\/div>\n              <\/div>\n            <\/div>\n          <\/div>\n        <\/div>\n      <\/div>\n    <\/div>\n  <\/div>\n<\/div>","protected":false},"excerpt":{"rendered":"<p>5. LEVEL GRANDMASTER I\u015eIK A\u015eAMASI B\u00dcY\u00dcK HARMON\u0130 I\u015f\u0131k a\u015famalar\u0131n\u0131n ilk kap\u0131s\u0131 olan bu seviyeye ilk 4 level\u0131 ge\u00e7enler bu seviyeye hak kazanm\u0131\u015f olanlarm\u0131\u015f. Bu a\u015famada T\u0131pk\u0131 1. level\u2019daki gibi ar\u0131nmalar ya\u015fan\u0131r. Bu ar\u0131nmalardan ge\u00e7ebilenler varolu\u015fla b\u00fcy\u00fck bir uyum ger\u00e7ekle\u015ftirir. Bunun sonucunda varolu\u015f ger\u00e7e\u011fini idrak edip art\u0131k ki\u015fisel egolar\u0131ndan kurtulur. D\u00fcnyevi korku ve kayg\u0131lar ge\u00e7mi\u015fte kal\u0131r. [&hellip;]<\/p>\n","protected":false},"author":1,"featured_media":0,"parent":0,"menu_order":0,"comment_status":"closed","ping_status":"closed","template":"page-templates\/full-width-page.php","meta":{"footnotes":""},"class_list":["post-852","page","type-page","status-publish","hentry"],"_links":{"self":[{"href":"https:\/\/binnurdumanakademi.org\/index.php\/wp-json\/wp\/v2\/pages\/852","targetHints":{"allow":["GET"]}}],"collection":[{"href":"https:\/\/binnurdumanakademi.org\/index.php\/wp-json\/wp\/v2\/pages"}],"about":[{"href":"https:\/\/binnurdumanakademi.org\/index.php\/wp-json\/wp\/v2\/types\/page"}],"author":[{"embeddable":true,"href":"https:\/\/binnurdumanakademi.org\/index.php\/wp-json\/wp\/v2\/users\/1"}],"replies":[{"embeddable":true,"href":"https:\/\/binnurdumanakademi.org\/index.php\/wp-json\/wp\/v2\/comments?post=852"}],"version-history":[{"count":4,"href":"https:\/\/binnurdumanakademi.org\/index.php\/wp-json\/wp\/v2\/pages\/852\/revisions"}],"predecessor-version":[{"id":943,"href":"https:\/\/binnurdumanakademi.org\/index.php\/wp-json\/wp\/v2\/pages\/852\/revisions\/943"}],"wp:attachment":[{"href":"https:\/\/binnurdumanakademi.org\/index.php\/wp-json\/wp\/v2\/media?parent=852"}],"curies":[{"name":"wp","href":"https:\/\/api.w.org\/{rel}","templated":true}]}}