{"id":83,"date":"2024-06-13T12:56:50","date_gmt":"2024-06-13T09:56:50","guid":{"rendered":"http:\/\/binnurdumanakademi.org\/?page_id=83"},"modified":"2026-02-25T14:46:20","modified_gmt":"2026-02-25T11:46:20","slug":"4-level","status":"publish","type":"page","link":"https:\/\/binnurdumanakademi.org\/index.php\/4-level\/","title":{"rendered":"4.LEVEL"},"content":{"rendered":"<div data-colibri-id=\"83-c1\" class=\"style-535 style-local-83-c1 position-relative\">\n  <!---->\n  <div data-colibri-component=\"section\" data-colibri-id=\"83-c2\" id=\"custom\" class=\"h-section h-section-global-spacing d-flex align-items-lg-center align-items-md-center align-items-center style-536 style-local-83-c2 position-relative\">\n    <!---->\n    <!---->\n    <div class=\"h-section-grid-container h-section-boxed-container\">\n      <!---->\n      <div data-colibri-id=\"83-c3\" class=\"h-row-container gutters-row-lg-0 gutters-row-md-0 gutters-row-0 gutters-row-v-lg-0 gutters-row-v-md-0 gutters-row-v-0 style-539 style-local-83-c3 position-relative\">\n        <!---->\n        <div class=\"h-row justify-content-lg-center justify-content-md-center justify-content-center align-items-lg-stretch align-items-md-stretch align-items-stretch gutters-col-lg-0 gutters-col-md-0 gutters-col-0 gutters-col-v-lg-0 gutters-col-v-md-0 gutters-col-v-0\">\n          <!---->\n          <div class=\"h-column h-column-container d-flex h-col-lg-auto h-col-md-auto h-col-auto style-540-outer style-local-83-c4-outer\">\n            <div data-colibri-id=\"83-c4\" class=\"d-flex h-flex-basis h-column__inner h-px-lg-0 h-px-md-0 h-px-0 v-inner-lg-0 v-inner-md-0 v-inner-0 style-540 style-local-83-c4 position-relative\">\n              <!---->\n              <!---->\n              <div class=\"w-100 h-y-container h-column__content h-column__v-align flex-basis-100 align-self-lg-start align-self-md-start align-self-start\">\n                <!---->\n                <div data-colibri-id=\"83-c5\" class=\"d-block style-541 style-local-83-c5 position-relative h-element\">\n                  <!---->\n                  <div class=\"h-image__frame-container-outer\">\n                    <div class=\"h-image__frame-container\">\n                      <!---->\n                      <!---->\n                      <img loading=\"lazy\" decoding=\"async\" width=\"1284\" height=\"2282\" src=\"https:\/\/binnurdumanakademi.org\/wp-content\/uploads\/2024\/06\/level4.jpg\" class=\"wp-image-355 style-541-image style-local-83-c5-image\" alt=\"\" srcset=\"https:\/\/binnurdumanakademi.org\/wp-content\/uploads\/2024\/06\/level4.jpg 1284w, https:\/\/binnurdumanakademi.org\/wp-content\/uploads\/2024\/06\/level4-169x300.jpg 169w, https:\/\/binnurdumanakademi.org\/wp-content\/uploads\/2024\/06\/level4-576x1024.jpg 576w, https:\/\/binnurdumanakademi.org\/wp-content\/uploads\/2024\/06\/level4-768x1365.jpg 768w, https:\/\/binnurdumanakademi.org\/wp-content\/uploads\/2024\/06\/level4-864x1536.jpg 864w, https:\/\/binnurdumanakademi.org\/wp-content\/uploads\/2024\/06\/level4-1152x2048.jpg 1152w\" sizes=\"auto, (max-width: 1284px) 100vw, 1284px\" \/>\n                      <div class=\"h-image__frame h-hide-lg h-hide-md h-hide-sm style-541-frameImage style-local-83-c5-frameImage\"><\/div>\n                    <\/div>\n                  <\/div>\n                <\/div>\n              <\/div>\n            <\/div>\n          <\/div>\n        <\/div>\n      <\/div>\n      <div data-colibri-id=\"83-c6\" class=\"h-row-container gutters-row-lg-2 gutters-row-md-2 gutters-row-0 gutters-row-v-lg-2 gutters-row-v-md-2 gutters-row-v-2 style-542 style-local-83-c6 position-relative\">\n        <!---->\n        <div class=\"h-row justify-content-lg-center justify-content-md-center justify-content-center align-items-lg-stretch align-items-md-stretch align-items-stretch gutters-col-lg-2 gutters-col-md-2 gutters-col-0 gutters-col-v-lg-2 gutters-col-v-md-2 gutters-col-v-2\">\n          <!---->\n          <div class=\"h-column h-column-container d-flex h-col-lg-auto h-col-md-auto h-col-auto style-543-outer style-local-83-c7-outer\">\n            <div data-colibri-id=\"83-c7\" class=\"d-flex h-flex-basis h-column__inner h-px-lg-2 h-px-md-2 h-px-2 v-inner-lg-2 v-inner-md-2 v-inner-2 style-543 style-local-83-c7 position-relative\">\n              <!---->\n              <!---->\n              <div class=\"w-100 h-y-container h-column__content h-column__v-align flex-basis-100 align-self-lg-start align-self-md-start align-self-start\">\n                <!---->\n                <div data-colibri-id=\"83-c8\" class=\"h-text h-text-component style-544 style-local-83-c8 position-relative h-element\">\n                  <!---->\n                  <!---->\n                  <div class=\"\">\n                    <p>4.LEVEL<\/p>\n                    <p>Bu Level \u00fcstadl\u0131k a\u015famas\u0131 olup y\u00fcksek \u0131\u015f\u0131k boyutunda Astral \u00e7al\u0131\u015fmalar\u0131 yapmay\u0131 gerektiren t\u00fcm \u00f6\u011fretileri i\u00e7erir. Bu Level da bilin\u00e7 s\u0131\u00e7ramas\u0131 ya\u015fan\u0131r t\u00fcm \u00e7akra sistemlerinden ge\u00e7en enerji miktar\u0131 \u00e7ok y\u00fcksektir aura alan\u0131 binlerce\n                      insan\u0131n k\u00f6t\u00fc enerjisini n\u00f6t\u00fcrleyecek kapsam alan\u0131 yarat\u0131r.\u00dcstad art\u0131k Rehberlik g\u00f6revlerini yerine getirerek \u00f6\u011frenci yeti\u015ftirmeye ba\u015flar.birinci,ikinci,\u00fc\u00e7\u00fcnc\u00fc levellardaki t\u00fcm \u00e7al\u0131\u015fmalar\u0131 \u00f6\u011fretmeye yetkilendirilir-El verme teknikleri\n                      ve yetkileri \u00f6\u011fretilir\u00d6\u011frencinin geli\u015fimini de\u011fi\u015fimini ve t\u00fcm yolculu\u011funu onunla birlikte takip eder<\/p>\n                    <p>Bu \u00e7al\u0131\u015fmalar \u00f6zel patentli ve TEL\u0130F haklar\u0131 \u015fahs\u0131ma ait olan \u00e7al\u0131\u015fmalard\u0131r<\/p>\n                    <p>Al\u0131nmas\u0131 ,\u00e7al\u0131nmas\u0131 ve kopyalanmas\u0131 su\u00e7tur<\/p>\n                    <p>Binnur Duman<\/p>\n                    <p>\n                      <br>\n                    <\/p>\n                  <\/div>\n                <\/div>\n              <\/div>\n            <\/div>\n          <\/div>\n        <\/div>\n      <\/div>\n    <\/div>\n  <\/div>\n<\/div>","protected":false},"excerpt":{"rendered":"<p>4.LEVEL Bu Level \u00fcstadl\u0131k a\u015famas\u0131 olup y\u00fcksek \u0131\u015f\u0131k boyutunda Astral \u00e7al\u0131\u015fmalar\u0131 yapmay\u0131 gerektiren t\u00fcm \u00f6\u011fretileri i\u00e7erir. Bu Level da bilin\u00e7 s\u0131\u00e7ramas\u0131 ya\u015fan\u0131r t\u00fcm \u00e7akra sistemlerinden ge\u00e7en enerji miktar\u0131 \u00e7ok y\u00fcksektir aura alan\u0131 binlerce insan\u0131n k\u00f6t\u00fc enerjisini n\u00f6t\u00fcrleyecek kapsam alan\u0131 yarat\u0131r.\u00dcstad art\u0131k Rehberlik g\u00f6revlerini yerine getirerek \u00f6\u011frenci yeti\u015ftirmeye ba\u015flar.birinci,ikinci,\u00fc\u00e7\u00fcnc\u00fc levellardaki t\u00fcm \u00e7al\u0131\u015fmalar\u0131 \u00f6\u011fretmeye yetkilendirilir-El verme teknikleri [&hellip;]<\/p>\n","protected":false},"author":1,"featured_media":0,"parent":0,"menu_order":0,"comment_status":"closed","ping_status":"closed","template":"page-templates\/full-width-page.php","meta":{"footnotes":""},"class_list":["post-83","page","type-page","status-publish","hentry"],"_links":{"self":[{"href":"https:\/\/binnurdumanakademi.org\/index.php\/wp-json\/wp\/v2\/pages\/83","targetHints":{"allow":["GET"]}}],"collection":[{"href":"https:\/\/binnurdumanakademi.org\/index.php\/wp-json\/wp\/v2\/pages"}],"about":[{"href":"https:\/\/binnurdumanakademi.org\/index.php\/wp-json\/wp\/v2\/types\/page"}],"author":[{"embeddable":true,"href":"https:\/\/binnurdumanakademi.org\/index.php\/wp-json\/wp\/v2\/users\/1"}],"replies":[{"embeddable":true,"href":"https:\/\/binnurdumanakademi.org\/index.php\/wp-json\/wp\/v2\/comments?post=83"}],"version-history":[{"count":5,"href":"https:\/\/binnurdumanakademi.org\/index.php\/wp-json\/wp\/v2\/pages\/83\/revisions"}],"predecessor-version":[{"id":936,"href":"https:\/\/binnurdumanakademi.org\/index.php\/wp-json\/wp\/v2\/pages\/83\/revisions\/936"}],"wp:attachment":[{"href":"https:\/\/binnurdumanakademi.org\/index.php\/wp-json\/wp\/v2\/media?parent=83"}],"curies":[{"name":"wp","href":"https:\/\/api.w.org\/{rel}","templated":true}]}}