{"id":82,"date":"2024-06-13T12:56:50","date_gmt":"2024-06-13T09:56:50","guid":{"rendered":"http:\/\/binnurdumanakademi.org\/?page_id=82"},"modified":"2026-02-25T14:45:52","modified_gmt":"2026-02-25T11:45:52","slug":"3-level","status":"publish","type":"page","link":"https:\/\/binnurdumanakademi.org\/index.php\/3-level\/","title":{"rendered":"3.LEVEL"},"content":{"rendered":"<div data-colibri-id=\"82-c1\" class=\"style-525 style-local-82-c1 position-relative\">\n  <!---->\n  <div data-colibri-component=\"section\" data-colibri-id=\"82-c2\" id=\"custom\" class=\"h-section h-section-global-spacing d-flex align-items-lg-center align-items-md-center align-items-center style-526 style-local-82-c2 position-relative\">\n    <!---->\n    <!---->\n    <div class=\"h-section-grid-container h-section-boxed-container\">\n      <!---->\n      <div data-colibri-id=\"82-c3\" class=\"h-row-container gutters-row-lg-0 gutters-row-md-0 gutters-row-0 gutters-row-v-lg-0 gutters-row-v-md-0 gutters-row-v-0 style-529 style-local-82-c3 position-relative\">\n        <!---->\n        <div class=\"h-row justify-content-lg-center justify-content-md-center justify-content-center align-items-lg-stretch align-items-md-stretch align-items-stretch gutters-col-lg-0 gutters-col-md-0 gutters-col-0 gutters-col-v-lg-0 gutters-col-v-md-0 gutters-col-v-0\">\n          <!---->\n          <div class=\"h-column h-column-container d-flex h-col-lg-auto h-col-md-auto h-col-auto style-530-outer style-local-82-c4-outer\">\n            <div data-colibri-id=\"82-c4\" class=\"d-flex h-flex-basis h-column__inner h-px-lg-0 h-px-md-0 h-px-0 v-inner-lg-0 v-inner-md-0 v-inner-0 style-530 style-local-82-c4 position-relative\">\n              <!---->\n              <!---->\n              <div class=\"w-100 h-y-container h-column__content h-column__v-align flex-basis-100 align-self-lg-start align-self-md-start align-self-start\">\n                <!---->\n                <div data-colibri-id=\"82-c5\" class=\"d-block style-531 style-local-82-c5 position-relative h-element\">\n                  <!---->\n                  <div class=\"h-image__frame-container-outer\">\n                    <div class=\"h-image__frame-container\">\n                      <!---->\n                      <!---->\n                      <img loading=\"lazy\" decoding=\"async\" width=\"1284\" height=\"2282\" src=\"https:\/\/binnurdumanakademi.org\/wp-content\/uploads\/2024\/06\/level3.jpg\" class=\"wp-image-354 style-531-image style-local-82-c5-image\" alt=\"\" srcset=\"https:\/\/binnurdumanakademi.org\/wp-content\/uploads\/2024\/06\/level3.jpg 1284w, https:\/\/binnurdumanakademi.org\/wp-content\/uploads\/2024\/06\/level3-169x300.jpg 169w, https:\/\/binnurdumanakademi.org\/wp-content\/uploads\/2024\/06\/level3-576x1024.jpg 576w, https:\/\/binnurdumanakademi.org\/wp-content\/uploads\/2024\/06\/level3-768x1365.jpg 768w, https:\/\/binnurdumanakademi.org\/wp-content\/uploads\/2024\/06\/level3-864x1536.jpg 864w, https:\/\/binnurdumanakademi.org\/wp-content\/uploads\/2024\/06\/level3-1152x2048.jpg 1152w\" sizes=\"auto, (max-width: 1284px) 100vw, 1284px\" \/>\n                      <div class=\"h-image__frame h-hide-lg h-hide-md h-hide-sm style-531-frameImage style-local-82-c5-frameImage\"><\/div>\n                    <\/div>\n                  <\/div>\n                <\/div>\n              <\/div>\n            <\/div>\n          <\/div>\n        <\/div>\n      <\/div>\n      <div data-colibri-id=\"82-c6\" class=\"h-row-container gutters-row-lg-2 gutters-row-md-2 gutters-row-0 gutters-row-v-lg-2 gutters-row-v-md-2 gutters-row-v-2 style-532 style-local-82-c6 position-relative\">\n        <!---->\n        <div class=\"h-row justify-content-lg-center justify-content-md-center justify-content-center align-items-lg-stretch align-items-md-stretch align-items-stretch gutters-col-lg-2 gutters-col-md-2 gutters-col-0 gutters-col-v-lg-2 gutters-col-v-md-2 gutters-col-v-2\">\n          <!---->\n          <div class=\"h-column h-column-container d-flex h-col-lg-auto h-col-md-auto h-col-auto style-533-outer style-local-82-c7-outer\">\n            <div data-colibri-id=\"82-c7\" class=\"d-flex h-flex-basis h-column__inner h-px-lg-2 h-px-md-2 h-px-2 v-inner-lg-2 v-inner-md-2 v-inner-2 style-533 style-local-82-c7 position-relative\">\n              <!---->\n              <!---->\n              <div class=\"w-100 h-y-container h-column__content h-column__v-align flex-basis-100 align-self-lg-start align-self-md-start align-self-start\">\n                <!---->\n                <div data-colibri-id=\"82-c8\" class=\"h-text h-text-component style-534 style-local-82-c8 position-relative h-element\">\n                  <!---->\n                  <!---->\n                  <div class=\"\">\n                    <p>3.LEVEL<\/p>\n                    <p>ikinci Level den 500 kat daha y\u00fcksek bir frekans boyutudur. T\u00fcm \u00e7akra sistemleri ve aura sistemleri 600 mhz \u00fcst\u00fcne \u00e7\u0131kacak bir frekans boyutuna ula\u015f\u0131r.<\/p>\n                    <p>-\u00c7akra Temizleme<\/p>\n                    <p>-\u00c7akra Dengeleme<\/p>\n                    <p>-\u015eifa \u00e7al\u0131\u015fmas\u0131<\/p>\n                    <p>-Aura Temizli\u011fi<\/p>\n                    <p>-Mekan Temizli\u011fi<\/p>\n                    <p>-PS\u0130\u015e\u0130K enerjileri temizleme-Zihinsel travmalar\u0131<\/p>\n                    <p>-Duygusal travmalar\u0131 ve<\/p>\n                    <p>-Bedensel kronik hastal\u0131klar\u0131 iyile\u015ftirmesi teknikleri \u00f6\u011fretiliry\u00fcksek enerji boyutunda Mental \u00e7al\u0131\u015fmalar Astral boyutta yap\u0131lmas\u0131 \u00f6\u011fretilir. \u00c7ok daha k\u0131sa s\u00fcrede daha etkili olan ve t\u00fcm kap\u0131lar\u0131 a\u00e7an master sembol y\u00fcklemesi ki\u015finin\n                      hayat\u0131nda Denge olu\u015fturur<\/p>\n                    <p>\n                      <br>\n                    <\/p>\n                    <p>Bu \u00e7al\u0131\u015fmalar \u00f6zel patentli ve TEL\u0130F haklar\u0131 \u015fahs\u0131ma ait olan \u00e7al\u0131\u015fmalard\u0131r<\/p>\n                    <p>Al\u0131nmas\u0131 ,\u00e7al\u0131nmas\u0131 ve kopyalanmas\u0131 su\u00e7tur<\/p>\n                    <p>Binnur Duman<\/p>\n                    <p>\n                      <br>\n                    <\/p>\n                    <p>\n                      <br>\n                    <\/p>\n                  <\/div>\n                <\/div>\n              <\/div>\n            <\/div>\n          <\/div>\n        <\/div>\n      <\/div>\n    <\/div>\n  <\/div>\n<\/div>","protected":false},"excerpt":{"rendered":"<p>3.LEVEL ikinci Level den 500 kat daha y\u00fcksek bir frekans boyutudur. T\u00fcm \u00e7akra sistemleri ve aura sistemleri 600 mhz \u00fcst\u00fcne \u00e7\u0131kacak bir frekans boyutuna ula\u015f\u0131r. -\u00c7akra Temizleme -\u00c7akra Dengeleme -\u015eifa \u00e7al\u0131\u015fmas\u0131 -Aura Temizli\u011fi -Mekan Temizli\u011fi -PS\u0130\u015e\u0130K enerjileri temizleme-Zihinsel travmalar\u0131 -Duygusal travmalar\u0131 ve -Bedensel kronik hastal\u0131klar\u0131 iyile\u015ftirmesi teknikleri \u00f6\u011fretiliry\u00fcksek enerji boyutunda Mental \u00e7al\u0131\u015fmalar Astral boyutta yap\u0131lmas\u0131 [&hellip;]<\/p>\n","protected":false},"author":1,"featured_media":0,"parent":0,"menu_order":0,"comment_status":"closed","ping_status":"closed","template":"page-templates\/full-width-page.php","meta":{"footnotes":""},"class_list":["post-82","page","type-page","status-publish","hentry"],"_links":{"self":[{"href":"https:\/\/binnurdumanakademi.org\/index.php\/wp-json\/wp\/v2\/pages\/82","targetHints":{"allow":["GET"]}}],"collection":[{"href":"https:\/\/binnurdumanakademi.org\/index.php\/wp-json\/wp\/v2\/pages"}],"about":[{"href":"https:\/\/binnurdumanakademi.org\/index.php\/wp-json\/wp\/v2\/types\/page"}],"author":[{"embeddable":true,"href":"https:\/\/binnurdumanakademi.org\/index.php\/wp-json\/wp\/v2\/users\/1"}],"replies":[{"embeddable":true,"href":"https:\/\/binnurdumanakademi.org\/index.php\/wp-json\/wp\/v2\/comments?post=82"}],"version-history":[{"count":6,"href":"https:\/\/binnurdumanakademi.org\/index.php\/wp-json\/wp\/v2\/pages\/82\/revisions"}],"predecessor-version":[{"id":929,"href":"https:\/\/binnurdumanakademi.org\/index.php\/wp-json\/wp\/v2\/pages\/82\/revisions\/929"}],"wp:attachment":[{"href":"https:\/\/binnurdumanakademi.org\/index.php\/wp-json\/wp\/v2\/media?parent=82"}],"curies":[{"name":"wp","href":"https:\/\/api.w.org\/{rel}","templated":true}]}}