{"id":81,"date":"2024-06-13T12:56:50","date_gmt":"2024-06-13T09:56:50","guid":{"rendered":"http:\/\/binnurdumanakademi.org\/?page_id=81"},"modified":"2026-02-25T14:45:27","modified_gmt":"2026-02-25T11:45:27","slug":"2-level","status":"publish","type":"page","link":"https:\/\/binnurdumanakademi.org\/index.php\/2-level\/","title":{"rendered":"2.LEVEL"},"content":{"rendered":"<div data-colibri-id=\"81-c1\" class=\"style-515 style-local-81-c1 position-relative\">\n  <!---->\n  <div data-colibri-component=\"section\" data-colibri-id=\"81-c2\" id=\"custom\" class=\"h-section h-section-global-spacing d-flex align-items-lg-center align-items-md-center align-items-center style-516 style-local-81-c2 position-relative\">\n    <!---->\n    <!---->\n    <div class=\"h-section-grid-container h-section-boxed-container\">\n      <!---->\n      <div data-colibri-id=\"81-c3\" class=\"h-row-container gutters-row-lg-0 gutters-row-md-0 gutters-row-0 gutters-row-v-lg-0 gutters-row-v-md-0 gutters-row-v-0 style-519 style-local-81-c3 position-relative\">\n        <!---->\n        <div class=\"h-row justify-content-lg-center justify-content-md-center justify-content-center align-items-lg-stretch align-items-md-stretch align-items-stretch gutters-col-lg-0 gutters-col-md-0 gutters-col-0 gutters-col-v-lg-0 gutters-col-v-md-0 gutters-col-v-0\">\n          <!---->\n          <div class=\"h-column h-column-container d-flex h-col-lg-auto h-col-md-auto h-col-auto style-520-outer style-local-81-c4-outer\">\n            <div data-colibri-id=\"81-c4\" class=\"d-flex h-flex-basis h-column__inner h-px-lg-0 h-px-md-0 h-px-0 v-inner-lg-0 v-inner-md-0 v-inner-0 style-520 style-local-81-c4 position-relative\">\n              <!---->\n              <!---->\n              <div class=\"w-100 h-y-container h-column__content h-column__v-align flex-basis-100 align-self-lg-start align-self-md-start align-self-start\">\n                <!---->\n                <div data-colibri-id=\"81-c5\" class=\"d-block style-521 style-local-81-c5 position-relative h-element\">\n                  <!---->\n                  <div class=\"h-image__frame-container-outer\">\n                    <div class=\"h-image__frame-container\">\n                      <!---->\n                      <!---->\n                      <img loading=\"lazy\" decoding=\"async\" width=\"1284\" height=\"2282\" src=\"https:\/\/binnurdumanakademi.org\/wp-content\/uploads\/2024\/06\/level2.jpg\" class=\"wp-image-353 style-521-image style-local-81-c5-image\" alt=\"\" srcset=\"https:\/\/binnurdumanakademi.org\/wp-content\/uploads\/2024\/06\/level2.jpg 1284w, https:\/\/binnurdumanakademi.org\/wp-content\/uploads\/2024\/06\/level2-169x300.jpg 169w, https:\/\/binnurdumanakademi.org\/wp-content\/uploads\/2024\/06\/level2-576x1024.jpg 576w, https:\/\/binnurdumanakademi.org\/wp-content\/uploads\/2024\/06\/level2-768x1365.jpg 768w, https:\/\/binnurdumanakademi.org\/wp-content\/uploads\/2024\/06\/level2-864x1536.jpg 864w, https:\/\/binnurdumanakademi.org\/wp-content\/uploads\/2024\/06\/level2-1152x2048.jpg 1152w\" sizes=\"auto, (max-width: 1284px) 100vw, 1284px\" \/>\n                      <div class=\"h-image__frame h-hide-lg h-hide-md h-hide-sm style-521-frameImage style-local-81-c5-frameImage\"><\/div>\n                    <\/div>\n                  <\/div>\n                <\/div>\n              <\/div>\n            <\/div>\n          <\/div>\n        <\/div>\n      <\/div>\n      <div data-colibri-id=\"81-c6\" class=\"h-row-container gutters-row-lg-2 gutters-row-md-2 gutters-row-0 gutters-row-v-lg-2 gutters-row-v-md-2 gutters-row-v-2 style-522 style-local-81-c6 position-relative\">\n        <!---->\n        <div class=\"h-row justify-content-lg-center justify-content-md-center justify-content-center align-items-lg-stretch align-items-md-stretch align-items-stretch gutters-col-lg-2 gutters-col-md-2 gutters-col-0 gutters-col-v-lg-2 gutters-col-v-md-2 gutters-col-v-2\">\n          <!---->\n          <div class=\"h-column h-column-container d-flex h-col-lg-auto h-col-md-auto h-col-auto style-523-outer style-local-81-c7-outer\">\n            <div data-colibri-id=\"81-c7\" class=\"d-flex h-flex-basis h-column__inner h-px-lg-2 h-px-md-2 h-px-2 v-inner-lg-2 v-inner-md-2 v-inner-2 style-523 style-local-81-c7 position-relative\">\n              <!---->\n              <!---->\n              <div class=\"w-100 h-y-container h-column__content h-column__v-align flex-basis-100 align-self-lg-start align-self-md-start align-self-start\">\n                <!---->\n                <div data-colibri-id=\"81-c8\" class=\"h-text h-text-component style-524 style-local-81-c8 position-relative h-element\">\n                  <!---->\n                  <!---->\n                  <div class=\"\">\n                    <p>2.Level \u00c7al\u0131\u015fmalar\u0131<\/p>\n                    <p>PS\u0130\u015e\u0130K Ameliyat \u00e7al\u0131\u015fmas\u0131 ve 1. Level dan sonra Gelir ve \u00e7ok daha derinlemesine kapsaml\u0131 \u0130yile\u015fmeler sa\u011flar.<\/p>\n                    <p>\n                      <br>\n                    <\/p>\n                    <p>Bu iyile\u015fmeler -Ruhsal -Zihinsel -Bedensel -Duygusal -ya\u015famsal Alan\u0131 kapsar Bu Level da ald\u0131\u011f\u0131n\u0131z yetkinlik sizde bir \u00e7ok alanda enerjiyi kullanabilme telekinetik olarak ya\u015fam\u0131 ve alan\u0131 iyile\u015ftirme g\u00fcc\u00fc sa\u011flar<\/p>\n                    <p>1. O\u0308zellikle ilis\u0327ki sorunlar\u0131n\u0131 tedavi etmekte<\/p>\n                    <p>2. Asabiyet, depresyon, o\u0308fke ve u\u0308zu\u0308ntu\u0308 gibi duygusal\/zihinsel gerginlikler ic\u0327in<\/p>\n                    <p>3. Belleg\u0306i gelis\u0327tirmek ic\u0327in<\/p>\n                    <p>4.Bilinc\u0327alt\u0131n\u0131n derinliklerine daha iyi girebilmelerini sag\u0306layarak, yeni olumlu du\u0308s\u0327u\u0308nce kal\u0131plar\u0131n\u0131n yerles\u0327tirilmesini ve etkisini artt\u0131rmakta da kullan\u0131labilir.<\/p>\n                    <p>6.Ayn\u0131 zamanda auray\u0131 ve bedenin enerjilerini tedavi etmek ic\u0327in de kullan\u0131l\u0131r.<\/p>\n                    <p>7.psikolojik sorunlar ic\u0327in kullanmak c\u0327ok yararl\u0131 olur. Eski sorunlar\u0131, korku, bag\u0306\u0131ml\u0131l\u0131k ve ilis\u0327kileri iyiles\u0327tirmek ic\u0327in c\u0327ok yararl\u0131d\u0131r.<\/p>\n                    <p>8.Tart\u0131s\u0327malarda, gergin ortamlarda, is\u0327 go\u0308ru\u0308s\u0327melerinde ilgili herkesin en yu\u0308ksek iyilig\u0306i ic\u0327in diye niyetlenip o kis\u0327ileri du\u0308s\u0327u\u0308nu\u0308n ve filtre gibi sizi korumas\u0131n\u0131 sa\u011flayabilirsiniz Daima ilgili kis\u0327ilerin yu\u0308ksek hayr\u0131n\u0131 hat\u0131rlamak\n                      zorunday\u0131z.<\/p>\n                    <p>9.I\u0307ki kis\u0327inin aras\u0131ndaki ilis\u0327kiye s\u0327ifa verecek olursak \u201cilgili tu\u0308m kis\u0327ilerin en yu\u0308ksek hayr\u0131na \u2026\u2026..ile benim arama s\u0327ifa veriyor\u201d s\u0327eklinde niyetlenip s\u0327ifa verebiliriz. 10.O\u0308g\u0306renme kapasitemizi art\u0131rmak ic\u0327in, dikkatimiz dag\u0306\u0131ld\u0131g\u0306\u0131n\u0131\n                      gidermek i\u00e7in 11. Herhangi bir s\u0327eyinizi kaybettig\u0306inizde o\u0308rneg\u0306in, anahtarlar\u0131n\u0131z\u0131 ya da konus\u0327mak istedig\u0306iniz kis\u0327inin ad\u0131n\u0131 unuttug\u0306unuz o garip anlarda c\u0327ok kullan\u0131s\u0327l\u0131d\u0131r. kaybettig\u0306iniz s\u0327eyi go\u0308zu\u0308nu\u0308zu\u0308n o\u0308nu\u0308ne getirerek\n                      kayb\u0131n\u0131za s\u0327ifa verebilirsiniz. Canl\u0131 yada Cans\u0131z bir \u00e7ok \u015feyi -G\u00fc\u00e7lendirmek -korumak -temizlemek -bolluk bereket -m\u00fch\u00fcrleme ve kodlama \u0130\u00e7in kullan\u0131l\u0131r<\/p>\n                    <p>Bu \u00e7al\u0131\u015fmalar \u00f6zel patentli ve TEL\u0130F haklar\u0131 \u015fahs\u0131ma ait olan \u00e7al\u0131\u015fmalard\u0131r<\/p>\n                    <p>Al\u0131nmas\u0131 ,\u00e7al\u0131nmas\u0131 ve kopyalanmas\u0131 su\u00e7tur<\/p>\n                    <p>Binnur Duman<\/p>\n                    <p>\n                      <br>\n                    <\/p>\n                  <\/div>\n                <\/div>\n              <\/div>\n            <\/div>\n          <\/div>\n        <\/div>\n      <\/div>\n    <\/div>\n  <\/div>\n<\/div>","protected":false},"excerpt":{"rendered":"<p>2.Level \u00c7al\u0131\u015fmalar\u0131 PS\u0130\u015e\u0130K Ameliyat \u00e7al\u0131\u015fmas\u0131 ve 1. Level dan sonra Gelir ve \u00e7ok daha derinlemesine kapsaml\u0131 \u0130yile\u015fmeler sa\u011flar. Bu iyile\u015fmeler -Ruhsal -Zihinsel -Bedensel -Duygusal -ya\u015famsal Alan\u0131 kapsar Bu Level da ald\u0131\u011f\u0131n\u0131z yetkinlik sizde bir \u00e7ok alanda enerjiyi kullanabilme telekinetik olarak ya\u015fam\u0131 ve alan\u0131 iyile\u015ftirme g\u00fcc\u00fc sa\u011flar 1. O\u0308zellikle ilis\u0327ki sorunlar\u0131n\u0131 tedavi etmekte 2. Asabiyet, depresyon, [&hellip;]<\/p>\n","protected":false},"author":1,"featured_media":0,"parent":0,"menu_order":0,"comment_status":"closed","ping_status":"closed","template":"page-templates\/full-width-page.php","meta":{"footnotes":""},"class_list":["post-81","page","type-page","status-publish","hentry"],"_links":{"self":[{"href":"https:\/\/binnurdumanakademi.org\/index.php\/wp-json\/wp\/v2\/pages\/81","targetHints":{"allow":["GET"]}}],"collection":[{"href":"https:\/\/binnurdumanakademi.org\/index.php\/wp-json\/wp\/v2\/pages"}],"about":[{"href":"https:\/\/binnurdumanakademi.org\/index.php\/wp-json\/wp\/v2\/types\/page"}],"author":[{"embeddable":true,"href":"https:\/\/binnurdumanakademi.org\/index.php\/wp-json\/wp\/v2\/users\/1"}],"replies":[{"embeddable":true,"href":"https:\/\/binnurdumanakademi.org\/index.php\/wp-json\/wp\/v2\/comments?post=81"}],"version-history":[{"count":5,"href":"https:\/\/binnurdumanakademi.org\/index.php\/wp-json\/wp\/v2\/pages\/81\/revisions"}],"predecessor-version":[{"id":922,"href":"https:\/\/binnurdumanakademi.org\/index.php\/wp-json\/wp\/v2\/pages\/81\/revisions\/922"}],"wp:attachment":[{"href":"https:\/\/binnurdumanakademi.org\/index.php\/wp-json\/wp\/v2\/media?parent=81"}],"curies":[{"name":"wp","href":"https:\/\/api.w.org\/{rel}","templated":true}]}}