{"id":80,"date":"2024-06-13T12:56:50","date_gmt":"2024-06-13T09:56:50","guid":{"rendered":"http:\/\/binnurdumanakademi.org\/?page_id=80"},"modified":"2026-02-25T14:45:05","modified_gmt":"2026-02-25T11:45:05","slug":"1-level","status":"publish","type":"page","link":"https:\/\/binnurdumanakademi.org\/index.php\/1-level\/","title":{"rendered":"1. LEVEL"},"content":{"rendered":"<div data-colibri-id=\"80-c1\" class=\"style-504 style-local-80-c1 position-relative\">\n  <!---->\n  <div data-colibri-component=\"section\" data-colibri-id=\"80-c2\" id=\"custom\" class=\"h-section h-section-global-spacing d-flex align-items-lg-center align-items-md-center align-items-center style-505 style-local-80-c2 position-relative\">\n    <!---->\n    <!---->\n    <div class=\"h-section-grid-container h-section-boxed-container\">\n      <!---->\n      <div data-colibri-id=\"80-c3\" class=\"h-row-container gutters-row-lg-0 gutters-row-md-0 gutters-row-0 gutters-row-v-lg-0 gutters-row-v-md-0 gutters-row-v-0 style-508 style-local-80-c3 position-relative\">\n        <!---->\n        <div class=\"h-row justify-content-lg-center justify-content-md-center justify-content-center align-items-lg-stretch align-items-md-stretch align-items-stretch gutters-col-lg-0 gutters-col-md-0 gutters-col-0 gutters-col-v-lg-0 gutters-col-v-md-0 gutters-col-v-0\">\n          <!---->\n          <div class=\"h-column h-column-container d-flex h-col-lg-auto h-col-md-auto h-col-auto style-509-outer style-local-80-c4-outer\">\n            <div data-colibri-id=\"80-c4\" class=\"d-flex h-flex-basis h-column__inner h-px-lg-0 h-px-md-0 h-px-0 v-inner-lg-0 v-inner-md-0 v-inner-0 style-509 style-local-80-c4 position-relative\">\n              <!---->\n              <!---->\n              <div class=\"w-100 h-y-container h-column__content h-column__v-align flex-basis-100 align-self-lg-start align-self-md-start align-self-start\">\n                <!---->\n                <div data-colibri-id=\"80-c5\" class=\"d-block style-510 style-local-80-c5 position-relative h-element\">\n                  <!---->\n                  <div class=\"h-image__frame-container-outer\">\n                    <div class=\"h-image__frame-container\">\n                      <!---->\n                      <!---->\n                      <img loading=\"lazy\" decoding=\"async\" width=\"1284\" height=\"2282\" src=\"https:\/\/binnurdumanakademi.org\/wp-content\/uploads\/2024\/06\/level1.jpg\" class=\"wp-image-352 style-510-image style-local-80-c5-image\" alt=\"\" srcset=\"https:\/\/binnurdumanakademi.org\/wp-content\/uploads\/2024\/06\/level1.jpg 1284w, https:\/\/binnurdumanakademi.org\/wp-content\/uploads\/2024\/06\/level1-169x300.jpg 169w, https:\/\/binnurdumanakademi.org\/wp-content\/uploads\/2024\/06\/level1-576x1024.jpg 576w, https:\/\/binnurdumanakademi.org\/wp-content\/uploads\/2024\/06\/level1-768x1365.jpg 768w, https:\/\/binnurdumanakademi.org\/wp-content\/uploads\/2024\/06\/level1-864x1536.jpg 864w, https:\/\/binnurdumanakademi.org\/wp-content\/uploads\/2024\/06\/level1-1152x2048.jpg 1152w\" sizes=\"auto, (max-width: 1284px) 100vw, 1284px\" \/>\n                      <div class=\"h-image__frame h-hide-lg h-hide-md h-hide-sm style-510-frameImage style-local-80-c5-frameImage\"><\/div>\n                    <\/div>\n                  <\/div>\n                <\/div>\n              <\/div>\n            <\/div>\n          <\/div>\n        <\/div>\n      <\/div>\n      <div data-colibri-id=\"80-c6\" class=\"h-row-container gutters-row-lg-0 gutters-row-md-0 gutters-row-0 gutters-row-v-lg-0 gutters-row-v-md-0 gutters-row-v-0 style-512 style-local-80-c6 position-relative\">\n        <!---->\n        <div class=\"h-row justify-content-lg-center justify-content-md-center justify-content-center align-items-lg-stretch align-items-md-stretch align-items-stretch gutters-col-lg-0 gutters-col-md-0 gutters-col-0 gutters-col-v-lg-0 gutters-col-v-md-0 gutters-col-v-0\">\n          <!---->\n          <div class=\"h-column h-column-container d-flex h-col-lg-auto h-col-md-auto h-col-auto style-513-outer style-local-80-c7-outer\">\n            <div data-colibri-id=\"80-c7\" class=\"d-flex h-flex-basis h-column__inner h-px-lg-2 h-px-md-2 h-px-2 v-inner-lg-2 v-inner-md-2 v-inner-2 style-513 style-local-80-c7 position-relative\">\n              <!---->\n              <!---->\n              <div class=\"w-100 h-y-container h-column__content h-column__v-align flex-basis-100 align-self-lg-start align-self-md-start align-self-start\">\n                <!---->\n                <div data-colibri-id=\"80-c8\" class=\"h-text h-text-component style-514 style-local-80-c8 position-relative h-element\">\n                  <!---->\n                  <!---->\n                  <div class=\"\">\n                    <p>1. LEVEL<\/p>\n                    <p>\n                      <br>\n                    <\/p>\n                    <p>Kendinizi ve ba\u015fkalar\u0131n\u0131 nas\u0131l iyile\u015ftirebilece\u011finizi , Auran\u0131z\u0131 nas\u0131l temiz tutaca\u011f\u0131n\u0131z\u0131 , nas\u0131l koruma alt\u0131na alabilece\u011finizi \u00e7akralar\u0131n\u0131z\u0131 nas\u0131l temiz tutaca\u011f\u0131n\u0131z\u0131 ve ba\u015fkalar\u0131nada nas\u0131l uygulayaca\u011f\u0131n\u0131z\u0131 \u00f6\u011frenmi\u015f olacaks\u0131n\u0131z<\/p>\n                    <p>Her A\u015famada Her Level da Frekans boyutu artarken beraberinde bilin\u00e7 boyutunda y\u00fckseli\u015f ba\u015flar Bu boyuta ge\u00e7i\u015f uyan\u0131\u015fla asl\u0131nda fark\u0131ndal\u0131kla sa\u011flayan bir ruhsal E\u011fitimdir Her level\u0131 enerji seviyesi katlanarak ilerler<\/p>\n                    <p>Level olarak Y\u00fckselmek Ki\u015finin haz\u0131r olu\u015f s\u00fcrecine g\u00f6re geli\u015fir Bu \u00e7al\u0131\u015fmada her Level \u00f6ncesi ve Level sonras\u0131 hayat\u0131n\u0131z Bir \u00e7ok anlamda de\u011fi\u015fler olur LEVEL a\u015famalar\u0131ndan sonra dilerseniz yolculu\u011funuzda ruhsal dan\u0131\u015fman olarak ilerleyebiliyorsunuz\n                      aura a\u00e7ma Aura temizleme \u00e7akra temizleme zihinsel ar\u0131nma bilin\u00e7alt\u0131 kodlama blokaj kald\u0131rma teknikleri Dokunmadan uzaktan t\u00fcm enerji \u00e7al\u0131\u015fmalar\u0131 ikinci Level da verilir.<\/p>\n                    <p>3 level masterlik a\u015famas\u0131d\u0131r..<\/p>\n                    <p>\u00dcstat olmaya haz\u0131rl\u0131kt\u0131r.<\/p>\n                    <p>Daha y\u00fcksek ezoterik bilgileri i\u00e7erdi\u011fi i\u00e7in Sonraki Levellarda Daha y\u00fcksek bilin\u00e7 boyutlar\u0131 gerektirir ve yeni \u00f6\u011fretiler verilir Her Level da bilin\u00e7 boyutu ve \u00e7akralardan ge\u00e7en enerji g\u00fcc\u00fc daha \u00e7ok artar . Aura alan\u0131 geni\u015fler ve frekans\n                      boyutu daha da y\u00fckselir.<\/p>\n                    <p>Beraberinde fark\u0131ndal\u0131k da artar Level a\u015famalar\u0131ndan ge\u00e7en ki\u015filerde frekans boyutunun artmas\u0131 ve ya\u015fam\u0131na yans\u0131r.<\/p>\n                    <p>Auran\u0131n geni\u015flemesiyle birlikte Aura alan\u0131nda bulunan herkesin iyile\u015fmesine katk\u0131 sa\u011flar Ki\u015fi art\u0131k s\u0131radan biri olmaktan \u00e7\u0131kar daha \u00fcst frekansta Yetkinli\u011fi olan iyile\u015ftirici g\u00fcce sahip olan Yaradan\u0131n yery\u00fcz\u00fcndeki \u015fifa Da\u011f\u0131tan Ellerinden\n                      biridir<\/p>\n                    <p>Her Level a\u015famada Yetkileri kat kat artarak Bir ba\u015fkas\u0131n\u0131n Enerji alan\u0131n\u0131 temizleyebilme iyile\u015ftirebilme dokunmadan uzaktan enerji verebilme ve enerji g\u00f6nderebilme ve sembollerin dilini kullanabilme varl\u0131\u011f\u0131yla bile \u015fifaland\u0131rabilme\n                      g\u00fcc\u00fcne sahiptir ler Astral boyutta PS\u0130\u015e\u0130K \u00e7al\u0131\u015fmalar<\/p>\n                    <p>4. Level \u00fcstatl\u0131k a\u015famas\u0131nda yap\u0131l\u0131r.<\/p>\n                    <p>Bu yolculu\u011fa ilk ba\u015flad\u0131\u011f\u0131n\u0131zda dilerseniz sizde \u00fcstatl\u0131k a\u015famas\u0131na kadar y\u00fckselebilirsiniz bunun ilk ad\u0131m\u0131 psi\u015fik Ameliyat \u00c7al\u0131\u015fmas\u0131 olup \u00e7ok ama\u00e7l\u0131 bu Ar\u0131nma \u00e7al\u0131\u015fmas\u0131 \u00dczerine verilen yetkiler ile \u0130yile\u015fme ve geli\u015ftirmeler \u00e7ok daha\n                      h\u0131zl\u0131 olur kendi i\u00e7inizdeki mucizeyi ke\u015ffetmeye ba\u015flars\u0131n\u0131z spirit\u00fcel bir varl\u0131k oldu\u011funuzun fark\u0131na var\u0131rs\u0131n\u0131z<\/p>\n                    <p>Art\u0131k sizin i\u00e7in ya\u015fam \u00e7ok daha farkl\u0131d\u0131r Asl\u0131nda hepimiz Mucize varl\u0131klar<\/p>\n                    <p>2.LEVEL Birinci Level dan 200 kat daha y\u00fcksek bir enerji boyutuna uyumlanan ki\u015finin frekans\u0131 ve bilin\u00e7 boyutu o oranda a\u00e7\u0131l\u0131r t\u00fcm \u00e7akra sistemlerinden ge\u00e7en enerji frekans\u0131 400 mHz de Titre\u015fim g\u00f6stererek \u00e7ok daha y\u00fcksektir<\/p>\n                    <p>-Elle Dokunmadan uzaktan Mental olarak beyin dalgalar\u0131n\u0131 kullanarak astral boyutta enerjiyi Kullanabilme<\/p>\n                    <p>-sizin d\u0131\u015f\u0131n\u0131zda ve uzakta bulunan sevdiklerinizi ve isteklerinize Ve hayallerinize enerji g\u00f6nderebilme yetkisine sahip olursunuz<\/p>\n                    <p>\u2013 bilin\u00e7 alt\u0131na girebilme hayat\u0131n\u0131zdaki bir \u00e7ok ak\u0131\u015f\u0131 kontrol alt\u0131na alabilme gelece\u011fe Yada ge\u00e7mi\u015fe enerji g\u00f6nderebilme \u00f6\u011fretilerini \u0130\u00e7erir duygusal -zihinsel,ruhsal,bedensel ve ya\u015famsal ar\u0131nma \u00f6\u011fretileri bu Level da \u00f6\u011fretilir Elleri\n                      kullanmadan ezoterik Semboller kullan\u0131l\u0131r<\/p>\n                    <p>-Bolluk, bereket, g\u00fc\u00e7,ba\u015far\u0131 Kap\u0131lar\u0131n\u0131 a\u00e7an ezoterik yetkiler verilir<\/p>\n                    <p>-kay\u0131p olan e\u015fyalar\u0131n bulunmas\u0131<\/p>\n                    <p>\u2013 yiyecek ve i\u00e7ece\u011fin kodlanmas\u0131 -bilin\u00e7alt\u0131n\u0131n derinliklerinde bulunan travmalar\u0131n iyile\u015ftirilmesi -Mekan temizli\u011fi e\u015fyalar\u0131n objelerin enerji temizli\u011fi bu Level\u0131 da \u00f6\u011fretilir<\/p>\n                    <p>\n                      <br>\n                    <\/p>\n                    <p>Bu \u00e7al\u0131\u015fmalar \u00f6zel patentli ve TEL\u0130F haklar\u0131 \u015fahs\u0131ma ait olan \u00e7al\u0131\u015fmalard\u0131r<\/p>\n                    <p>Al\u0131nmas\u0131 ,\u00e7al\u0131nmas\u0131 ve kopyalanmas\u0131 su\u00e7tur<\/p>\n                    <p>Binnur Duman<\/p>\n                    <p>\n                      <br>\n                    <\/p>\n                  <\/div>\n                <\/div>\n              <\/div>\n            <\/div>\n          <\/div>\n        <\/div>\n      <\/div>\n    <\/div>\n  <\/div>\n<\/div>","protected":false},"excerpt":{"rendered":"<p>1. LEVEL Kendinizi ve ba\u015fkalar\u0131n\u0131 nas\u0131l iyile\u015ftirebilece\u011finizi , Auran\u0131z\u0131 nas\u0131l temiz tutaca\u011f\u0131n\u0131z\u0131 , nas\u0131l koruma alt\u0131na alabilece\u011finizi \u00e7akralar\u0131n\u0131z\u0131 nas\u0131l temiz tutaca\u011f\u0131n\u0131z\u0131 ve ba\u015fkalar\u0131nada nas\u0131l uygulayaca\u011f\u0131n\u0131z\u0131 \u00f6\u011frenmi\u015f olacaks\u0131n\u0131z Her A\u015famada Her Level da Frekans boyutu artarken beraberinde bilin\u00e7 boyutunda y\u00fckseli\u015f ba\u015flar Bu boyuta ge\u00e7i\u015f uyan\u0131\u015fla asl\u0131nda fark\u0131ndal\u0131kla sa\u011flayan bir ruhsal E\u011fitimdir Her level\u0131 enerji seviyesi katlanarak [&hellip;]<\/p>\n","protected":false},"author":1,"featured_media":0,"parent":0,"menu_order":0,"comment_status":"closed","ping_status":"closed","template":"page-templates\/full-width-page.php","meta":{"footnotes":""},"class_list":["post-80","page","type-page","status-publish","hentry"],"_links":{"self":[{"href":"https:\/\/binnurdumanakademi.org\/index.php\/wp-json\/wp\/v2\/pages\/80","targetHints":{"allow":["GET"]}}],"collection":[{"href":"https:\/\/binnurdumanakademi.org\/index.php\/wp-json\/wp\/v2\/pages"}],"about":[{"href":"https:\/\/binnurdumanakademi.org\/index.php\/wp-json\/wp\/v2\/types\/page"}],"author":[{"embeddable":true,"href":"https:\/\/binnurdumanakademi.org\/index.php\/wp-json\/wp\/v2\/users\/1"}],"replies":[{"embeddable":true,"href":"https:\/\/binnurdumanakademi.org\/index.php\/wp-json\/wp\/v2\/comments?post=80"}],"version-history":[{"count":4,"href":"https:\/\/binnurdumanakademi.org\/index.php\/wp-json\/wp\/v2\/pages\/80\/revisions"}],"predecessor-version":[{"id":915,"href":"https:\/\/binnurdumanakademi.org\/index.php\/wp-json\/wp\/v2\/pages\/80\/revisions\/915"}],"wp:attachment":[{"href":"https:\/\/binnurdumanakademi.org\/index.php\/wp-json\/wp\/v2\/media?parent=80"}],"curies":[{"name":"wp","href":"https:\/\/api.w.org\/{rel}","templated":true}]}}