{"id":78,"date":"2024-06-13T12:56:50","date_gmt":"2024-06-13T09:56:50","guid":{"rendered":"http:\/\/binnurdumanakademi.org\/?page_id=78"},"modified":"2024-06-13T16:42:27","modified_gmt":"2024-06-13T13:42:27","slug":"3-goz-aktivasyonu","status":"publish","type":"page","link":"https:\/\/binnurdumanakademi.org\/index.php\/3-goz-aktivasyonu\/","title":{"rendered":"3.G\u00f6z Aktivasyonu"},"content":{"rendered":"<div data-colibri-id=\"78-c1\" class=\"style-494 style-local-78-c1 position-relative\">\n  <!---->\n  <div data-colibri-component=\"section\" data-colibri-id=\"78-c2\" id=\"custom\" class=\"h-section h-section-global-spacing d-flex align-items-lg-center align-items-md-center align-items-center style-495 style-local-78-c2 position-relative\">\n    <!---->\n    <!---->\n    <div class=\"h-section-grid-container h-section-boxed-container\">\n      <!---->\n      <div data-colibri-id=\"78-c3\" class=\"h-row-container gutters-row-lg-0 gutters-row-md-0 gutters-row-0 gutters-row-v-lg-0 gutters-row-v-md-0 gutters-row-v-0 style-498 style-local-78-c3 position-relative\">\n        <!---->\n        <div class=\"h-row justify-content-lg-center justify-content-md-center justify-content-center align-items-lg-stretch align-items-md-stretch align-items-stretch gutters-col-lg-0 gutters-col-md-0 gutters-col-0 gutters-col-v-lg-0 gutters-col-v-md-0 gutters-col-v-0\">\n          <!---->\n          <div class=\"h-column h-column-container d-flex h-col-lg-auto h-col-md-auto h-col-auto style-499-outer style-local-78-c4-outer\">\n            <div data-colibri-id=\"78-c4\" class=\"d-flex h-flex-basis h-column__inner h-px-lg-0 h-px-md-0 h-px-0 v-inner-lg-0 v-inner-md-0 v-inner-0 style-499 style-local-78-c4 position-relative\">\n              <!---->\n              <!---->\n              <div class=\"w-100 h-y-container h-column__content h-column__v-align flex-basis-100 align-self-lg-start align-self-md-start align-self-start\">\n                <!---->\n                <div data-colibri-id=\"78-c5\" class=\"d-block style-500 style-local-78-c5 position-relative h-element\">\n                  <!---->\n                  <div class=\"h-image__frame-container-outer\">\n                    <div class=\"h-image__frame-container\">\n                      <!---->\n                      <!---->\n                      <img loading=\"lazy\" decoding=\"async\" width=\"400\" height=\"600\" src=\"https:\/\/binnurdumanakademi.org\/wp-content\/uploads\/2024\/06\/Adsiz-Tasarim-Kopyasi-2.png\" class=\"wp-image-429 style-500-image style-local-78-c5-image\" alt=\"\" srcset=\"https:\/\/binnurdumanakademi.org\/wp-content\/uploads\/2024\/06\/Adsiz-Tasarim-Kopyasi-2.png 400w, https:\/\/binnurdumanakademi.org\/wp-content\/uploads\/2024\/06\/Adsiz-Tasarim-Kopyasi-2-200x300.png 200w\" sizes=\"auto, (max-width: 400px) 100vw, 400px\" \/>\n                      <div class=\"h-image__frame h-hide-lg h-hide-md h-hide-sm style-500-frameImage style-local-78-c5-frameImage\"><\/div>\n                    <\/div>\n                  <\/div>\n                <\/div>\n              <\/div>\n            <\/div>\n          <\/div>\n        <\/div>\n      <\/div>\n      <div data-colibri-id=\"78-c6\" class=\"h-row-container gutters-row-lg-2 gutters-row-md-2 gutters-row-0 gutters-row-v-lg-2 gutters-row-v-md-2 gutters-row-v-2 style-501 style-local-78-c6 position-relative\">\n        <!---->\n        <div class=\"h-row justify-content-lg-center justify-content-md-center justify-content-center align-items-lg-stretch align-items-md-stretch align-items-stretch gutters-col-lg-2 gutters-col-md-2 gutters-col-0 gutters-col-v-lg-2 gutters-col-v-md-2 gutters-col-v-2\">\n          <!---->\n          <div class=\"h-column h-column-container d-flex h-col-lg-auto h-col-md-auto h-col-auto style-502-outer style-local-78-c7-outer\">\n            <div data-colibri-id=\"78-c7\" class=\"d-flex h-flex-basis h-column__inner h-px-lg-2 h-px-md-2 h-px-2 v-inner-lg-2 v-inner-md-2 v-inner-2 style-502 style-local-78-c7 position-relative\">\n              <!---->\n              <!---->\n              <div class=\"w-100 h-y-container h-column__content h-column__v-align flex-basis-100 align-self-lg-start align-self-md-start align-self-start\">\n                <!---->\n                <div data-colibri-id=\"78-c8\" class=\"h-text h-text-component style-503 style-local-78-c8 position-relative h-element\">\n                  <!---->\n                  <!---->\n                  <div class=\"\">\n                    <p>\u00dc\u00e7\u00fcnc\u00fc g\u00f6z , ayn\u0131 zamanda Alt\u0131nc\u0131 \u00e7akra olarak bilinir. Sezgi, bilgelik, zeka, duru g\u00f6r\u00fc, vizyon, enerji alg\u0131s\u0131, de\u011fi\u015fen bilin\u00e7 durumlar\u0131na eri\u015fim, ilham, hayal g\u00fcc\u00fc ve uyan\u0131\u015f\u0131 ifade eder. G\u00f6zler, epifiz bezi, hipofiz bezi, beyin,\n                      ka\u015f b\u00f6lgelerinde etkileri hissedilir<\/p>\n                    <p>Beynimiz bir yay\u0131n merkezi gibidir . G\u00f6zlerimiz \u0131\u015f\u0131\u011fa duyarl\u0131yken, bu bez ise sadece karanl\u0131kta i\u015flevini g\u00f6r\u00fcr. Ve\u201dmelatonin\u201d hormonu sadece karanl\u0131kta salg\u0131lan\u0131r<\/p>\n                    <p>Epifiz bezinin deniz seviyesinde daha az, y\u00fckseklerde ise daha \u00e7ok hormon salg\u0131lad\u0131\u011f\u0131 bilimsel bir ger\u00e7ektir. Bu y\u00fczden tarih boyunca t\u00fcm ibadethaneler olabildi\u011fince y\u00fckse\u011fe yap\u0131lm\u0131\u015ft\u0131r. S\u00fcmela manast\u0131r\u0131 gibi.<\/p>\n                    <p>Ayn\u0131 anda alt\u0131nc\u0131 \u00e7akra ile Pinal bezine ve d\u00f6rd\u00fcnc\u00fc \u00e7akra olan Kalp \u00e7akras\u0131na aktivasyon yap\u0131larak sezgisel yeteneklerin daha do\u011fru yolu y\u00f6ntemlerle aktivasyonu sa\u011flan\u0131r<\/p>\n                    <p>Peki \u00dc\u00e7\u00fcnc\u00fc G\u00f6z\u00fc A\u00e7man\u0131n bir tehlikesi var m\u0131? \u00dc\u00e7\u00fcnc\u00fc g\u00f6z, G\u00f6r\u00fcnmeyeni g\u00f6rmenizi sa\u011flar. Kapal\u0131 \u00fc\u00e7\u00fcnc\u00fc g\u00f6z Hem beden hem ruh sa\u011fl\u0131\u011f\u0131 \u00fczerinde hem de ya\u015fam \u00fczerinde pek \u00e7ok olumsuz etki yaratsa da, \u00fc\u00e7\u00fcnc\u00fc g\u00f6z\u00fcn Kontrols\u00fczce Zamans\u0131z\n                      a\u00e7\u0131lmas\u0131 bazen Ki\u015finin hayat\u0131 daha fazla SORUNLAR ya\u015famas\u0131na neden olabilir.<\/p>\n                    <p>Bu a\u015fama a\u015fama yap\u0131lmas\u0131 gereken t\u00fcm \u00e7akra sistemlerin a\u00e7\u0131lmas\u0131 bedendeki dengeli \u00e7akra sistemlerin sonucunda yap\u0131lmas\u0131 gereken bir \u00e7al\u0131\u015fmad\u0131r ve her laf\u0131 boyutunda artan bilin\u00e7 boyutundan sonra ger\u00e7ekle\u015ftirilmelidir frekans\u0131n ve titre\u015fimin\n                      y\u00fcksek olmas\u0131 gerekiyor<\/p>\n                    <p>D\u00fc\u015f\u00fck titre\u015fimli durumundayken veya \u00c7akralar yeterince aktif ve dengede de\u011filse \u00fc\u00e7\u00fcnc\u00fc g\u00f6z\u00fc a\u00e7mak son derece tehlikelidir, \u00e7\u00fcnk\u00fc G\u00f6rmeniz gerekenden \u00e7ok g\u00f6rmemeniz gereken karanl\u0131k enerjilere maruz kalabilirsiniz, ger\u00e7ek olanla olmayan\n                      aras\u0131ndaki dengeyi Kuramayaca\u011f\u0131n\u0131z i\u00e7in Obsesyon ya\u015fayabilirsiniz.<\/p>\n                    <p>Ruhsal olarak Derin kutular\u0131n i\u00e7ine d\u00fc\u015fersiniz. Bu gezegende yaln\u0131z de\u011filiz d\u00fcnyam\u0131z\u0131 normal g\u00f6zle g\u00f6remedi\u011fimiz D\u00fc\u015f\u00fck frekansta, d\u00fc\u015f\u00fck boyutlu varl\u0131klarla payla\u015f\u0131yoruz.<\/p>\n                    <p>\u00fc\u00e7\u00fcnc\u00fc g\u00f6z\u00fc Kontrols\u00fcz ve bilin\u00e7sizce a\u00e7mak korkun\u00e7 varl\u0131klar g\u00f6rmenize ve hissetmenize Neden olaca\u011f\u0131 i\u00e7in korku girdab\u0131nda bo\u011fulabilirsiniz bu varl\u0131klar g\u00f6rmek Sizde iyile\u015ftirilemeyen travmalara neden olabilir.<\/p>\n                    <p>Astral boyutta, Astral seyahat deneyimi yapmak i\u00e7in ve spirit\u00fcel d\u00fcnyada boyutlar aras\u0131nda ge\u00e7i\u015fler yapabilmek i\u00e7in Y\u00fcksek titre\u015fim frekans boyutunda olman\u0131z gerekir.<\/p>\n                    <p>B\u00fct\u00fcn \u00e7akra sistemlerinin a\u00e7\u0131k ve dengede olmas\u0131 gerekiyor. 3. g\u00f6z\u00fcn gelinen bilin\u00e7 boyutuna g\u00f6re a\u015fama a\u015fama a\u00e7\u0131lm\u0131\u015f ve y\u00fcksek frekansta kontroll\u00fc kullan\u0131l\u0131yor olmas\u0131 gerekir.<\/p>\n                    <p>Aura bedeninizin de y\u00fcksek frekansta olmas\u0131 gerekir. Auran\u0131z g\u00fc\u00e7l\u00fc oldu\u011funda, d\u00fc\u015f\u00fck boyuttaki varl\u0131k enerjileri Auran\u0131za tutunamazlar , Normal g\u00f6zle g\u00f6r\u00fcnmeyen bu karanl\u0131k varl\u0131klar\u0131n engeline tak\u0131lmadan astral alanda gezinmeniz m\u00fcmk\u00fcn\n                      olur<\/p>\n                    <p>Auran\u0131z korunma kalkan\u0131n\u0131zd\u0131r Di\u011fer varl\u0131klar, sizin izniniz olmadan titre\u015fim durumunuzu istila edemez.ve size musallat olamaz aksi halde bu Bu enerjilerin sald\u0131r\u0131s\u0131na maruz kalabilirsiniz Rehberinize \u00e7akra ve Aura alan\u0131n\u0131 temizletmelisiniz.\n                      \u00fczerinize yap\u0131\u015fan t\u00fcm negatif enerjiyi topraklamal\u0131s\u0131n\u0131z Ayr\u0131ca, sanr\u0131lar hayat\u0131n\u0131z\u0131 ele ge\u00e7irmeden \u00f6nce kendinizi psi\u015fik ameliyatlarla temizletmek en kesin yoldur.<\/p>\n                    <p>\u00dc\u00e7\u00fcnc\u00fc g\u00f6z\u00fcn\u00fcz\u00fc a\u00e7mak i\u00e7in acele etmeyin, yava\u015f ve sab\u0131rl\u0131 olun ve bunun i\u00e7in do\u011fru zaman\u0131n Gelmesini Level ,Level bilin\u00e7 boyutunu art\u0131rarak oldu\u011funu bilen.<\/p>\n                    <p>\n                      <br>\n                    <\/p>\n                    <p>Ak\u0131\u015fa uyum sa\u011flay\u0131n. Aksi takdirde \u00fc\u00e7\u00fcnc\u00fc g\u00f6z\u00fcn a\u00e7man\u0131n muhte\u015fem avantajlar\u0131 yerine, sizde unutamayaca\u011f\u0131n\u0131z bir kabusa d\u00f6n\u00fc\u015fecektir. Bu nedenle bunun bir oyun olmad\u0131\u011f\u0131n\u0131 bir &#8220;s\u00fcre\u00e7&#8221; oldu\u011funu bilin.<\/p>\n                    <p>Bu Bir haz\u0131rl\u0131k yolculu\u011fudur tekam\u00fcl, bilgelik yoluyla a\u00e7\u0131l\u0131r ve onu a\u00e7maya giden yolda istikrarl\u0131 bir \u015fekilde ilerleyebilirsiniz. \u00c7ok h\u0131zl\u0131 giderseniz, karanl\u0131ktan birden bire ayd\u0131nl\u0131\u011fa \u00e7\u0131kar gibi g\u00f6ren g\u00f6z\u00fcn\u00fcz hi\u00e7 g\u00f6rmez olur<\/p>\n                    <p>Bu y\u00fczden manevi bir rehbere sahip olmak \u00e7ok \u00f6nemlidir. rehberiniz bu s\u00fcreci bilir ve do\u011fru h\u0131zda ilerlemenize yard\u0131mc\u0131 olur .<\/p>\n                    <p>sizi yava\u015f yava\u015f \u0131\u015f\u0131\u011fa \u00e7\u0131kar\u0131r Rehberiniz ile \u00f6nce Psi\u015fik Ameliyat \u00e7al\u0131\u015fmas\u0131yla b\u00fct\u00fcn bariyerleriniz ve t\u0131kan\u0131kl\u0131klar\u0131n\u0131z temizlenmeli, \u00e7akra sistemlerimiz aktif hale getirilmeli sonra aktif olan t\u00fcm \u00e7akra sistemleri dengelenmelidir\n                      .<\/p>\n                    <p>Aura alan\u0131 temizlenmeli sonra her leveldaki bilin\u00e7 boyutuna g\u00f6re a\u015fama a\u015fama, artan frekans\u0131n\u0131za g\u00f6re \u00fc\u00e7\u00fcnc\u00fc g\u00f6z\u00fcn\u00fcz a\u00e7\u0131lmal\u0131d\u0131r.do\u011fru s\u00fcre\u00e7 budur. \u00f6nce az miktarda \u0131\u015f\u0131\u011f\u0131n i\u00e7eri girmesine izin verilir bu g\u00f6zlerinizin uyum sa\u011flamas\u0131na\n                      izin vermek gibidir.<\/p>\n                    <p>Ruhsal rehberiniz, sizi geli\u015ftirecek ve en iyi \u015fekilde yararlanman\u0131za yard\u0131mc\u0131 olacakt\u0131r. Yolculu\u011funuz \u00e7ok daha keyifli olacakt\u0131r.<\/p>\n                    <p>EL VERME \u00c7al\u0131\u015fma sonras\u0131nda el verme dedi\u011fimiz Bir \u015fifa kanal\u0131d\u0131r insiye ile sizde \u0130\u00e7inizdeki \u015fifa g\u00fcc\u00fcn\u00fc Aktif etmi\u015f olacaks\u0131n\u0131z \u00e7\u00fcnk\u00fc herkesin ruhunda bu g\u00fc\u00e7 vard\u0131r Her ruh \u015fifa kanal\u0131na ba\u011flanabilir kendi kendini \u015fifaland\u0131rabilme\n                      g\u00fcc\u00fcne sahiptir yeterki bunu a\u00e7\u0131\u011fa \u00e7\u0131kartacak do\u011fru rehberle bulu\u015fmak \u00f6nemli oland\u0131r \u015fifa kanall\u0131\u011f\u0131n\u0131z Aktif oldu\u011funda Kendi kendinize ve sevdiklerinize \u015fifa vermeye ba\u015flam\u0131\u015f olacaks\u0131n\u0131z bu uygulama ayn\u0131 zamanda sizde Bilin\u00e7 boyutunu\n                      a\u00e7an bir uygulama oldu\u011fu i\u00e7in uyan\u0131\u015f\u0131 ve ayd\u0131nlanmay\u0131 H\u0131zland\u0131r\u0131n alg\u0131da se\u00e7icili\u011fi art\u0131ran haf\u0131zay\u0131 kuvvetlendiren h\u00fccre haf\u0131zas\u0131n\u0131 ve h\u00fccrelerdeki iyile\u015fmeyi yenileyerek bedensel iyile\u015fmeyi h\u0131zland\u0131ran bir antiaging \u00f6zellik sa\u011flar\n                      asl\u0131nda bu bir ruhsal do\u011fumdur.<\/p>\n                    <p>\n                      <br>\n                    <\/p>\n                    <p>Hayat\u0131n\u0131zdaki bir d\u00f6n\u00fcm noktas\u0131d\u0131r.<\/p>\n                    <p>\u00c7al\u0131\u015ft\u0131\u011f\u0131m\u0131z konular<\/p>\n                    <p>\u2705 Atalar\u0131n\u0131zdan ge\u00e7en genetik hastal\u0131klar, gen karmalar\u0131 ve ge\u00e7mi\u015f ya\u015famdan gelen karmalar<\/p>\n                    <p>\u2705 Kadersel ba\u011flar, eterik ba\u011flar ve enerji kancalar\u0131<\/p>\n                    <p>\u2705 \u00dczerinizdeki psi\u015fik ataklar (b\u00fcy\u00fc &#8211; sihir &#8211; t\u0131ls\u0131m &#8211; metafizik varl\u0131klar)<\/p>\n                    <p>\u2705 Bilin\u00e7alt\u0131 temizli\u011fi, zihinsel, duygusal, ruhsal ar\u0131nma ve programlama<\/p>\n                    <p>\u2705 T\u0131kal\u0131 \u00e7akralar\u0131n a\u00e7\u0131lmas\u0131, aura temizli\u011fi ve aura y\u0131rt\u0131klar\u0131n\u0131n iyile\u015ftirilmesi<\/p>\n                    <p>\u2705 Anne karn\u0131 \u015fifalanmas\u0131, i\u00e7sel denge, mekan temizli\u011fi, bolluk ve bereket \u00e7al\u0131\u015fmalar\u0131<\/p>\n                    <p>\u2705 \u00c7ocuklukta ya\u015fad\u0131\u011f\u0131n\u0131z travmalar<\/p>\n                    <p>\u2705 Eril \/ di\u015fil enerji aktivasyonu ve cinsel problemler<\/p>\n                    <p>\u2705 Yolunda gitmeyen ili\u015fkiler, kar\u015f\u0131 cinsle ili\u015fkiler ve evlilik sorunlar\u0131<\/p>\n                    <p>\u2705 Affedememe, aldat\u0131lma, su\u00e7luluk ve de\u011fersizlik duygusu<\/p>\n                    <p>\u2705 Anla\u015f\u0131lmama, kendini ifade edememe ve ileti\u015fim problemleri<\/p>\n                    <p>\u2705 \u00d6zg\u00fcven, \u00f6zde\u011fer, \u00f6zsayg\u0131, cesaret \u00e7al\u0131\u015fmas\u0131, kendinden \u00f6z\u00fcr dileme ve i\u00e7indeki SEN ile bar\u0131\u015fma<\/p>\n                    <p>\u2705 \u00d6fke kontrol\u00fc, depresyon, major depresyon, obsesif komp\u00fclsif bozukluk, panik atak, bipolar, borderline, endi\u015fe, tak\u0131nt\u0131, anksiyete, ki\u015filik bozuklu\u011fu ve t\u00fcm fobiler<\/p>\n                    <p>\u2705 A\u011fr\u0131lar, ac\u0131lar, alerjiler, bedensel t\u0131kan\u0131kl\u0131klar, kronik hastal\u0131klar ve kilo problemleri Gibi bir\u00e7ok konuda \u00fczerinizdeki blokajlar temizlenecek ve frekans\u0131n\u0131z y\u00fckselecek \u015fifalanacaks\u0131n\u0131z, ya\u015fam kaliteniz y\u00fckselecek.<\/p>\n                  <\/div>\n                <\/div>\n              <\/div>\n            <\/div>\n          <\/div>\n        <\/div>\n      <\/div>\n    <\/div>\n  <\/div>\n<\/div>","protected":false},"excerpt":{"rendered":"<p>\u00dc\u00e7\u00fcnc\u00fc g\u00f6z , ayn\u0131 zamanda Alt\u0131nc\u0131 \u00e7akra olarak bilinir. Sezgi, bilgelik, zeka, duru g\u00f6r\u00fc, vizyon, enerji alg\u0131s\u0131, de\u011fi\u015fen bilin\u00e7 durumlar\u0131na eri\u015fim, ilham, hayal g\u00fcc\u00fc ve uyan\u0131\u015f\u0131 ifade eder. G\u00f6zler, epifiz bezi, hipofiz bezi, beyin, ka\u015f b\u00f6lgelerinde etkileri hissedilir Beynimiz bir yay\u0131n merkezi gibidir . G\u00f6zlerimiz \u0131\u015f\u0131\u011fa duyarl\u0131yken, bu bez ise sadece karanl\u0131kta i\u015flevini g\u00f6r\u00fcr. Ve\u201dmelatonin\u201d [&hellip;]<\/p>\n","protected":false},"author":1,"featured_media":0,"parent":0,"menu_order":0,"comment_status":"closed","ping_status":"closed","template":"page-templates\/full-width-page.php","meta":{"footnotes":""},"class_list":["post-78","page","type-page","status-publish","hentry"],"_links":{"self":[{"href":"https:\/\/binnurdumanakademi.org\/index.php\/wp-json\/wp\/v2\/pages\/78","targetHints":{"allow":["GET"]}}],"collection":[{"href":"https:\/\/binnurdumanakademi.org\/index.php\/wp-json\/wp\/v2\/pages"}],"about":[{"href":"https:\/\/binnurdumanakademi.org\/index.php\/wp-json\/wp\/v2\/types\/page"}],"author":[{"embeddable":true,"href":"https:\/\/binnurdumanakademi.org\/index.php\/wp-json\/wp\/v2\/users\/1"}],"replies":[{"embeddable":true,"href":"https:\/\/binnurdumanakademi.org\/index.php\/wp-json\/wp\/v2\/comments?post=78"}],"version-history":[{"count":3,"href":"https:\/\/binnurdumanakademi.org\/index.php\/wp-json\/wp\/v2\/pages\/78\/revisions"}],"predecessor-version":[{"id":432,"href":"https:\/\/binnurdumanakademi.org\/index.php\/wp-json\/wp\/v2\/pages\/78\/revisions\/432"}],"wp:attachment":[{"href":"https:\/\/binnurdumanakademi.org\/index.php\/wp-json\/wp\/v2\/media?parent=78"}],"curies":[{"name":"wp","href":"https:\/\/api.w.org\/{rel}","templated":true}]}}