{"id":77,"date":"2024-06-13T12:56:50","date_gmt":"2024-06-13T09:56:50","guid":{"rendered":"http:\/\/binnurdumanakademi.org\/?page_id=77"},"modified":"2024-06-13T16:38:56","modified_gmt":"2024-06-13T13:38:56","slug":"7-kusak-atasal-soyagaci-calismasi","status":"publish","type":"page","link":"https:\/\/binnurdumanakademi.org\/index.php\/7-kusak-atasal-soyagaci-calismasi\/","title":{"rendered":"7-ku\u015fak Atasal Soya\u011fac\u0131 \u00e7al\u0131\u015fmas\u0131"},"content":{"rendered":"<div data-colibri-id=\"77-c1\" class=\"style-484 style-local-77-c1 position-relative\">\n  <!---->\n  <div data-colibri-component=\"section\" data-colibri-id=\"77-c2\" id=\"custom\" class=\"h-section h-section-global-spacing d-flex align-items-lg-center align-items-md-center align-items-center style-485 style-local-77-c2 position-relative\">\n    <!---->\n    <!---->\n    <div class=\"h-section-grid-container h-section-boxed-container\">\n      <!---->\n      <div data-colibri-id=\"77-c3\" class=\"h-row-container gutters-row-lg-0 gutters-row-md-0 gutters-row-0 gutters-row-v-lg-0 gutters-row-v-md-0 gutters-row-v-0 style-488 style-local-77-c3 position-relative\">\n        <!---->\n        <div class=\"h-row justify-content-lg-center justify-content-md-center justify-content-center align-items-lg-stretch align-items-md-stretch align-items-stretch gutters-col-lg-0 gutters-col-md-0 gutters-col-0 gutters-col-v-lg-0 gutters-col-v-md-0 gutters-col-v-0\">\n          <!---->\n          <div class=\"h-column h-column-container d-flex h-col-lg-auto h-col-md-auto h-col-auto style-489-outer style-local-77-c4-outer\">\n            <div data-colibri-id=\"77-c4\" class=\"d-flex h-flex-basis h-column__inner h-px-lg-0 h-px-md-0 h-px-0 v-inner-lg-0 v-inner-md-0 v-inner-0 style-489 style-local-77-c4 position-relative\">\n              <!---->\n              <!---->\n              <div class=\"w-100 h-y-container h-column__content h-column__v-align flex-basis-100 align-self-lg-start align-self-md-start align-self-start\">\n                <!---->\n                <div data-colibri-id=\"77-c5\" class=\"d-block style-490 style-local-77-c5 position-relative h-element\">\n                  <!---->\n                  <div class=\"h-image__frame-container-outer\">\n                    <div class=\"h-image__frame-container\">\n                      <!---->\n                      <!---->\n                      <img loading=\"lazy\" decoding=\"async\" width=\"400\" height=\"600\" src=\"https:\/\/binnurdumanakademi.org\/wp-content\/uploads\/2024\/06\/Adsiz-Tasarim-Kopyasi-1.png\" class=\"wp-image-421 style-490-image style-local-77-c5-image\" alt=\"\" srcset=\"https:\/\/binnurdumanakademi.org\/wp-content\/uploads\/2024\/06\/Adsiz-Tasarim-Kopyasi-1.png 400w, https:\/\/binnurdumanakademi.org\/wp-content\/uploads\/2024\/06\/Adsiz-Tasarim-Kopyasi-1-200x300.png 200w\" sizes=\"auto, (max-width: 400px) 100vw, 400px\" \/>\n                      <div class=\"h-image__frame h-hide-lg h-hide-md h-hide-sm style-490-frameImage style-local-77-c5-frameImage\"><\/div>\n                    <\/div>\n                  <\/div>\n                <\/div>\n              <\/div>\n            <\/div>\n          <\/div>\n        <\/div>\n      <\/div>\n      <div data-colibri-id=\"77-c6\" class=\"h-row-container gutters-row-lg-2 gutters-row-md-2 gutters-row-0 gutters-row-v-lg-2 gutters-row-v-md-2 gutters-row-v-2 style-491 style-local-77-c6 position-relative\">\n        <!---->\n        <div class=\"h-row justify-content-lg-center justify-content-md-center justify-content-center align-items-lg-stretch align-items-md-stretch align-items-stretch gutters-col-lg-2 gutters-col-md-2 gutters-col-0 gutters-col-v-lg-2 gutters-col-v-md-2 gutters-col-v-2\">\n          <!---->\n          <div class=\"h-column h-column-container d-flex h-col-lg-auto h-col-md-auto h-col-auto style-492-outer style-local-77-c7-outer\">\n            <div data-colibri-id=\"77-c7\" class=\"d-flex h-flex-basis h-column__inner h-px-lg-2 h-px-md-2 h-px-2 v-inner-lg-2 v-inner-md-2 v-inner-2 style-492 style-local-77-c7 position-relative\">\n              <!---->\n              <!---->\n              <div class=\"w-100 h-y-container h-column__content h-column__v-align flex-basis-100 align-self-lg-start align-self-md-start align-self-start\">\n                <!---->\n                <div data-colibri-id=\"77-c8\" class=\"h-text h-text-component style-493 style-local-77-c8 position-relative h-element\">\n                  <!---->\n                  <!---->\n                  <div class=\"\">\n                    <p>\n                      <br>\n                    <\/p>\n                    <p>E\u011fer ayn\u0131 \u00e7\u0131kmaza tak\u0131l\u0131p ve Bunun alt\u0131nda yatan nedeni bilemiyorsan\u0131z ve bu durumu \u00e7\u00f6zemiyorsan\u0131z atasal ba\u011flant\u0131lar\u0131 g\u00f6zden ge\u00e7irmeniz gerekir<\/p>\n                    <p>Ge\u00e7mi\u015fimizin ve soya\u011fac\u0131m\u0131z\u0131n, hayat\u0131m\u0131z\u0131n bir par\u00e7as\u0131 , hatta ba\u015flang\u0131c\u0131 oldu\u011funu bilirsek,<\/p>\n                    <p>En ba\u015fa d\u00f6nerek ge\u00e7mi\u015fimizi Ba\u015flang\u0131c\u0131m\u0131z\u0131 \u015fifaland\u0131rd\u0131\u011f\u0131m\u0131zda Atalar\u0131m\u0131za giden yolu ayd\u0131nlatt\u0131\u011f\u0131m\u0131zda bu ya\u015famdada yollar a\u00e7\u0131lm\u0131\u015f olur. Sadece bu da de\u011fil bu g\u00fcn\u00fcm\u00fcm\u00fcz\u00fc Hatta gelecek yar\u0131nlar\u0131m\u0131z\u0131 da bizden sonraki ku\u015faklaram\u0131z\u0131\n                      da \u015fifaland\u0131rm\u0131\u015f olaca\u011f\u0131z.<\/p>\n                    <p>D\u00fcn ve yar\u0131n aras\u0131ndaki ba\u011flant\u0131 Bu g\u00fcnd\u00fcr. Bug\u00fcn biz var\u0131z, bug\u00fcn biz hayattay\u0131z K\u0131sacas\u0131 bug\u00fcn\u00fc Ve yar\u0131n\u0131 \u015fifaland\u0131rmak istiyorsak D\u00fcnden gelenleri \u00d6ncelikle d\u00fczeltmemiz gerekir<\/p>\n                    <p>Aile ,ku\u015faklar boyu birbirine g\u00f6r\u00fcnmez ba\u011flarla ba\u011fl\u0131d\u0131r. soya\u011fac\u0131m\u0131zdaki ki\u015filerle olan bu Ba\u011flar yoluyla epi genetik aktar\u0131mlar bu g\u00fcnk\u00fc ya\u015fam\u0131n\u0131zda bizi etkileyerek bloke eder ve ya\u015fam\u0131nda Anlam veremedi\u011fimiz s\u00fcrekli tekrar eden\n                      k\u0131s\u0131r d\u00f6ng\u00fclerin Olmas\u0131 bunun belirtisidir kayna\u011f\u0131 Soy a\u011fac\u0131m\u0131z olabilir. onlar\u0131n ya\u015fam\u0131\u015f oldu\u011fu ve etkisinde kald\u0131\u011f\u0131 her durum, ya da her olayda s\u0131k\u0131\u015fan duygular DNA lar\u0131m\u0131z da iz b\u0131rak\u0131r ,bug\u00fcn bizim ya\u015fad\u0131\u011f\u0131m\u0131z bir \u00e7ok olay\u0131n\n                      alt\u0131nda bu \u0130zler vard\u0131r<\/p>\n                    <p>\n                      <br>\n                    <\/p>\n                    <p>Ge\u00e7mi\u015fte ya\u015fanan ac\u0131lar\u0131n\u0131 kay\u0131plar\u0131n\u0131 h\u00fcz\u00fcnlerin S\u0131k\u0131\u015fm\u0131\u015f enerjilerini nas\u0131l d\u00f6n\u00fc\u015ft\u00fcrece\u011fimizi bilirsek k\u00f6klerimizden gelen dinamikleri bug\u00fcn bile \u0130yile\u015ftirebiliriz Epigenetik Bilmi atalar\u0131m\u0131z\u0131n 7 ku\u015fak boyunca aktar\u0131mlar\u0131n\u0131n sadece\n                      fiziksel \u00f6zellikler olmad\u0131\u011f\u0131n\u0131 Fenotip ve genetiklara ge\u00e7en bir \u00e7ok aktar\u0131m oldu\u011funu;<\/p>\n                    <p>\n                      <br>\n                    <\/p>\n                    <p>duygular\u0131n, hislerin ,d\u00fc\u015f\u00fcncelerin, t\u00fcm S\u0131k\u0131\u015fm\u0131\u015f enerjilerin davran\u0131\u015flar\u0131n aktar\u0131m\u0131 oldu\u011fu ger\u00e7e\u011fini vurguluyor ya\u015fam\u0131n\u0131zda sorun olarak g\u00f6rd\u00fc\u011f\u00fcn\u00fcz her durum davran\u0131\u015f ba\u011f\u0131ml\u0131l\u0131klar, maddi iflaslar ya da manevi SORUNLAR mutsuz ili\u015fkiler\n                      Ge\u00e7mi\u015fte Ya\u015fan\u0131lm\u0131\u015f travmalar\u0131n bizdeki yans\u0131mas\u0131 olabilir<\/p>\n                    <p>Ge\u00e7mi\u015fte ya\u015fanm\u0131\u015f ahlar\u0131n , haks\u0131zl\u0131klar\u0131n, hastal\u0131klar\u0131n k\u0131rg\u0131nl\u0131klar\u0131n hesapla\u015fmalar\u0131n izlerini bug\u00fcnk\u00fc hayatlar\u0131m\u0131zda yans\u0131mas\u0131n\u0131 Ya\u015f\u0131yor olabiliriz.<\/p>\n                    <p>Onlar\u0131n ac\u0131lar\u0131n\u0131 miras Olarak alm\u0131\u015f olabiliriz . maddi iflaslar k\u00f6klenme sorunu k\u0131tl\u0131k bilinci atalar\u0131m\u0131z\u0131n korkular\u0131 genlerimizde ta\u015f\u0131yor olabiliriz onlar\u0131n duygusal \u00e7at\u0131\u015fmalar\u0131 beden h\u00fccre haf\u0131zas\u0131ndaki t\u00fcm h\u00fccresel aktar\u0131mlar\u0131\n                      fenotip ve genetikleri ile aktar\u0131lan hastal\u0131klar\u0131n biyolojik ge\u00e7i\u015fler bug\u00fcn hala her h\u00fccremizde var Aileye y\u00f6neltilen bir beddua bir lanet, bir ah bir yemin Bile 7 Nesil boyu do\u011fan \u00e7ocuklar\u0131n hayatlar\u0131 \u00dczerinde erkisini g\u00f6sterir.\n                      Bu karma y\u00fck\u00fcn\u00fc t\u00fcm aile \u00dcstlenmi\u015f olabilir yada ailedeki karde\u015fler aras\u0131nda da\u011f\u0131l\u0131m g\u00f6stermi\u015f olabilir genellikle b\u00fcy\u00fck evlat en b\u00fcy\u00fck y\u00fck\u00fc al\u0131r son karde\u015fe do\u011fru etki azal\u0131r ya da Karde\u015flerden sadece birisi de bunu \u00fcstlemi\u015f olabilir.\n                      Soy a\u011fac\u0131m\u0131z dan gelen atasal K\u00f6klerin bize aktar\u0131mlar\u0131n\u0131 nas\u0131l \u015fifa aland\u0131rca\u011f\u0131z<\/p>\n                    <p>Kuantum alan\u0131nda, kolektif bilin\u00e7le ba\u011flant\u0131ya ge\u00e7erek, Soya\u011fac\u0131 ile yap\u0131lan atasal \u00e7al\u0131\u015fmalar bizlere aktar\u0131lm\u0131\u015f olan t\u00fcm olumsuz k\u00f6k inan\u00e7lar\u0131 karmalar\u0131 \u015fifaland\u0131rma imkan\u0131 sa\u011flar ve onlardan ge\u00e7en sa\u011fl\u0131ks\u0131z t\u00fcm Genetik kodlar\u0131n\n                      ne oldu\u011funu Merak ediyorsan\u0131z Ya\u015fam\u0131m\u0131za Ve ya\u015fad\u0131klar\u0131nza bak\u0131n s\u00fcrekli Ayn\u0131 \u015feyleri mi ya\u015f\u0131yorsunuz<\/p>\n                    <p>\n                      <br>\n                    <\/p>\n                    <p>Anne ve babam\u0131zdan ba\u015flayarak 7 ku\u015fak geriye gitti\u011fimizde tam 254 ata ile \u015fifalanmada, onlarla ilgili t\u00fcm bilgilere kuantum alan\u0131nda ula\u015faca\u011f\u0131z kolektif bilin\u00e7te t\u00fcm bilgiler kay\u0131tl\u0131d\u0131r ve biz bu bilgilere ba\u011flanarak kolektif bilin\u00e7den\n                      bu bilgileri \u00e7ekerek bu kay\u0131tlar\u0131 \u015fifaland\u0131rabiliriz<\/p>\n                    <p>Bu aktar\u0131mlar\u0131 \u0130yile\u015ftirmek bizim bu hayattaki sa\u011fl\u0131\u011f\u0131m\u0131z\u0131, ili\u015fkilerimizi, para ak\u0131\u015f\u0131 ba\u015far\u0131m\u0131z\u0131 etkileyen Aktar\u0131mlar\u0131 \u0130yile\u015ftirmek olacakt\u0131r bu ya\u015famda kendi hayat\u0131m\u0131z\u0131 revize etmeli ve kendi hayat\u0131n\u0131z \u00fczerinde \u00e7al\u0131\u015f\u0131rken ilk ad\u0131m\n                      k\u00f6klerimizden gelen aktar\u0131mlar\u0131 \u00f6ncelikle d\u00fczeltmeliyiz bizim \u00e7\u00f6zd\u00fc\u011f\u00fcm\u00fcz her sorunun gelecek nesili de iyile\u015ftirece\u011fini bilirsek bu sorumluluk bilinciyle \u00e7\u00f6z\u00fcme ula\u015fmak daha kolay olacakt\u0131r O atalar\u0131m\u0131z\u0131 tan\u0131yor ya da biliyor olmam\u0131z\n                      gerekmiyor bu \u00e7al\u0131\u015fmay\u0131 kendiniz i\u00e7in yapt\u0131\u011f\u0131n\u0131z\u0131 bilin. sizler onlar\u0131n devam\u0131s\u0131n\u0131z onlardan ge\u00e7en t\u00fcm aktar\u0131mlar\u0131 sizden sonraki ku\u015faklara ta\u015f\u0131yacak Olan da sizsiniz<\/p>\n                    <p>DNA aktivasyonu ve Kundalini y\u00fckseltme tekni\u011fi Bedenimizdeki t\u00fcm \u00e7akra sistemleri ayn\u0131 anda aktif \u00e7al\u0131\u015ft\u0131rpp 33 omurdan olu\u015fan omurgam\u0131zda sakl\u0131 bulunan t\u00fcm \u015fifrelerin a\u00e7\u0131lmas\u0131 ile olu\u015fan ve denge de Kundalini y\u00fckselir k\u00f6k \u00e7akradaki\n                      gizil depolanm\u0131\u015f Potansiyel enerjinin aktivasyonunu yaparak 33 basamakl\u0131 merdivenden \u00e7\u0131kar gibi Omurgan\u0131n 33 b\u00f6l\u00fcm\u00fcnden ge\u00e7irerek 6 \u00e7akran\u0131n ate\u015flenmesi d\u00fczenli nefes Tekni\u011fiyle DNA aktivasyonu yap\u0131l\u0131r<\/p>\n                    <p>\n                      <br>\n                    <\/p>\n                  <\/div>\n                <\/div>\n              <\/div>\n            <\/div>\n          <\/div>\n        <\/div>\n      <\/div>\n    <\/div>\n  <\/div>\n<\/div>","protected":false},"excerpt":{"rendered":"<p>E\u011fer ayn\u0131 \u00e7\u0131kmaza tak\u0131l\u0131p ve Bunun alt\u0131nda yatan nedeni bilemiyorsan\u0131z ve bu durumu \u00e7\u00f6zemiyorsan\u0131z atasal ba\u011flant\u0131lar\u0131 g\u00f6zden ge\u00e7irmeniz gerekir Ge\u00e7mi\u015fimizin ve soya\u011fac\u0131m\u0131z\u0131n, hayat\u0131m\u0131z\u0131n bir par\u00e7as\u0131 , hatta ba\u015flang\u0131c\u0131 oldu\u011funu bilirsek, En ba\u015fa d\u00f6nerek ge\u00e7mi\u015fimizi Ba\u015flang\u0131c\u0131m\u0131z\u0131 \u015fifaland\u0131rd\u0131\u011f\u0131m\u0131zda Atalar\u0131m\u0131za giden yolu ayd\u0131nlatt\u0131\u011f\u0131m\u0131zda bu ya\u015famdada yollar a\u00e7\u0131lm\u0131\u015f olur. Sadece bu da de\u011fil bu g\u00fcn\u00fcm\u00fcm\u00fcz\u00fc Hatta gelecek yar\u0131nlar\u0131m\u0131z\u0131 da [&hellip;]<\/p>\n","protected":false},"author":1,"featured_media":0,"parent":0,"menu_order":0,"comment_status":"closed","ping_status":"closed","template":"page-templates\/full-width-page.php","meta":{"footnotes":""},"class_list":["post-77","page","type-page","status-publish","hentry"],"_links":{"self":[{"href":"https:\/\/binnurdumanakademi.org\/index.php\/wp-json\/wp\/v2\/pages\/77","targetHints":{"allow":["GET"]}}],"collection":[{"href":"https:\/\/binnurdumanakademi.org\/index.php\/wp-json\/wp\/v2\/pages"}],"about":[{"href":"https:\/\/binnurdumanakademi.org\/index.php\/wp-json\/wp\/v2\/types\/page"}],"author":[{"embeddable":true,"href":"https:\/\/binnurdumanakademi.org\/index.php\/wp-json\/wp\/v2\/users\/1"}],"replies":[{"embeddable":true,"href":"https:\/\/binnurdumanakademi.org\/index.php\/wp-json\/wp\/v2\/comments?post=77"}],"version-history":[{"count":3,"href":"https:\/\/binnurdumanakademi.org\/index.php\/wp-json\/wp\/v2\/pages\/77\/revisions"}],"predecessor-version":[{"id":424,"href":"https:\/\/binnurdumanakademi.org\/index.php\/wp-json\/wp\/v2\/pages\/77\/revisions\/424"}],"wp:attachment":[{"href":"https:\/\/binnurdumanakademi.org\/index.php\/wp-json\/wp\/v2\/media?parent=77"}],"curies":[{"name":"wp","href":"https:\/\/api.w.org\/{rel}","templated":true}]}}