{"id":75,"date":"2024-06-13T12:56:50","date_gmt":"2024-06-13T09:56:50","guid":{"rendered":"http:\/\/binnurdumanakademi.org\/?page_id=75"},"modified":"2024-06-13T16:34:02","modified_gmt":"2024-06-13T13:34:02","slug":"psisik-calisma","status":"publish","type":"page","link":"https:\/\/binnurdumanakademi.org\/index.php\/psisik-calisma\/","title":{"rendered":"Psi\u015fik \u00e7al\u0131\u015fma"},"content":{"rendered":"<div data-colibri-id=\"75-c1\" class=\"style-464 style-local-75-c1 position-relative\">\n  <!---->\n  <div data-colibri-component=\"section\" data-colibri-id=\"75-c2\" id=\"custom\" class=\"h-section h-section-global-spacing d-flex align-items-lg-center align-items-md-center align-items-center style-465 style-local-75-c2 position-relative\">\n    <!---->\n    <!---->\n    <div class=\"h-section-grid-container h-section-boxed-container\">\n      <!---->\n      <div data-colibri-id=\"75-c3\" class=\"h-row-container gutters-row-lg-0 gutters-row-md-0 gutters-row-0 gutters-row-v-lg-0 gutters-row-v-md-0 gutters-row-v-0 style-468 style-local-75-c3 position-relative\">\n        <!---->\n        <div class=\"h-row justify-content-lg-center justify-content-md-center justify-content-center align-items-lg-stretch align-items-md-stretch align-items-stretch gutters-col-lg-0 gutters-col-md-0 gutters-col-0 gutters-col-v-lg-0 gutters-col-v-md-0 gutters-col-v-0\">\n          <!---->\n          <div class=\"h-column h-column-container d-flex h-col-lg-auto h-col-md-auto h-col-auto style-469-outer style-local-75-c4-outer\">\n            <div data-colibri-id=\"75-c4\" class=\"d-flex h-flex-basis h-column__inner h-px-lg-0 h-px-md-0 h-px-0 v-inner-lg-0 v-inner-md-0 v-inner-0 style-469 style-local-75-c4 position-relative\">\n              <!---->\n              <!---->\n              <div class=\"w-100 h-y-container h-column__content h-column__v-align flex-basis-100 align-self-lg-start align-self-md-start align-self-start\">\n                <!---->\n                <div data-colibri-id=\"75-c5\" class=\"d-block style-470 style-local-75-c5 position-relative h-element\">\n                  <!---->\n                  <div class=\"h-image__frame-container-outer\">\n                    <div class=\"h-image__frame-container\">\n                      <!---->\n                      <!---->\n                      <img loading=\"lazy\" decoding=\"async\" width=\"1284\" height=\"2282\" src=\"https:\/\/binnurdumanakademi.org\/wp-content\/uploads\/2024\/06\/Ameliyat.jpg\" class=\"wp-image-351 style-470-image style-local-75-c5-image\" alt=\"\" srcset=\"https:\/\/binnurdumanakademi.org\/wp-content\/uploads\/2024\/06\/Ameliyat.jpg 1284w, https:\/\/binnurdumanakademi.org\/wp-content\/uploads\/2024\/06\/Ameliyat-169x300.jpg 169w, https:\/\/binnurdumanakademi.org\/wp-content\/uploads\/2024\/06\/Ameliyat-576x1024.jpg 576w, https:\/\/binnurdumanakademi.org\/wp-content\/uploads\/2024\/06\/Ameliyat-768x1365.jpg 768w, https:\/\/binnurdumanakademi.org\/wp-content\/uploads\/2024\/06\/Ameliyat-864x1536.jpg 864w, https:\/\/binnurdumanakademi.org\/wp-content\/uploads\/2024\/06\/Ameliyat-1152x2048.jpg 1152w\" sizes=\"auto, (max-width: 1284px) 100vw, 1284px\" \/>\n                      <div class=\"h-image__frame h-hide-lg h-hide-md h-hide-sm style-470-frameImage style-local-75-c5-frameImage\"><\/div>\n                    <\/div>\n                  <\/div>\n                <\/div>\n              <\/div>\n            <\/div>\n          <\/div>\n        <\/div>\n      <\/div>\n      <div data-colibri-id=\"75-c6\" class=\"h-row-container gutters-row-lg-2 gutters-row-md-2 gutters-row-0 gutters-row-v-lg-2 gutters-row-v-md-2 gutters-row-v-2 style-471 style-local-75-c6 position-relative\">\n        <!---->\n        <div class=\"h-row justify-content-lg-center justify-content-md-center justify-content-center align-items-lg-stretch align-items-md-stretch align-items-stretch gutters-col-lg-2 gutters-col-md-2 gutters-col-0 gutters-col-v-lg-2 gutters-col-v-md-2 gutters-col-v-2\">\n          <!---->\n          <div class=\"h-column h-column-container d-flex h-col-lg-auto h-col-md-auto h-col-auto style-472-outer style-local-75-c7-outer\">\n            <div data-colibri-id=\"75-c7\" class=\"d-flex h-flex-basis h-column__inner h-px-lg-2 h-px-md-2 h-px-2 v-inner-lg-2 v-inner-md-2 v-inner-2 style-472 style-local-75-c7 position-relative\">\n              <!---->\n              <!---->\n              <div class=\"w-100 h-y-container h-column__content h-column__v-align flex-basis-100 align-self-lg-start align-self-md-start align-self-start\">\n                <!---->\n                <div data-colibri-id=\"75-c8\" class=\"h-text h-text-component style-473 style-local-75-c8 position-relative h-element\">\n                  <!---->\n                  <!---->\n                  <div class=\"\">\n                    <p>\n                      <br>Fark\u0131nda olmadan Aura alan\u0131na yap\u0131\u015fm\u0131\u015f PS\u0130\u015e\u0130K enerjiler;<\/p>\n                    <p>\u00dc\u00e7\u00fcnc\u00fc boyut varl\u0131k enerjileri ,parazit enerjileri \u00dczerine \u00e7\u00f6ken bir \u00f6l\u00fc topra\u011f\u0131, sana darl\u0131k,yokluk, ruhsal s\u0131k\u0131nt\u0131 ya\u015fatarak hasta hissettirir, S\u00fcrekli i\u015flerinde olumsuzluk ya\u015farken kazalar,belalar ,Aksiliklerin hayat\u0131nda eksik olmaz.<\/p>\n                    <p>d\u00f6n\u00fcp dola\u015f\u0131p yine seni bulur.<\/p>\n                    <p>Bu ba\u015f\u0131ndan eksik olmayan olumsuzluklar\u0131n as\u0131l nedeni; psi\u015fik ataklar ,bedensiz varl\u0131klar,\u00fczerine yap\u0131\u015fan kara basanlar , ve vampir enerjiler Enerji h\u0131rs\u0131zlar\u0131d\u0131r..<\/p>\n                    <p>senin Enerjinden beslenir..<\/p>\n                    <p>sen Bunun neden kaynakland\u0131\u011f\u0131n\u0131n fark\u0131nda bile olmayabilirsin .<\/p>\n                    <p>Acaba senin hayat\u0131nda yolunda Bunlardan hangisi seni engelliyor Var olan potansiyelinin a\u00e7\u0131\u011fa \u00e7\u0131kmas\u0131n\u0131 Engelliyor ya\u015famda olmak istedi\u011fin As\u0131l kendin olman\u0131 engelliyor hedeflerine ula\u015fman\u0131 Senin sen olman\u0131 engelleyen hangisi?<\/p>\n                    <p>Sana iyi Gelmeyen Geli\u015fimine Hizmet etmeyen seni erteleyen ve engelleyen,a\u015fa\u011f\u0131 \u00e7eken t\u00fcm blokajlar\u0131ndan ,<\/p>\n                    <p>Art\u0131k kurtul..! bunlar\u0131 kendinle birlikte ta\u015f\u0131maktan S\u0131rt\u0131na y\u00fck etmekten Kurtul ya\u015fam\u0131n\u0131da, ili\u015fkilerinde aile ba\u011flar\u0131nda , \u0130\u015flerinde yada kazanc\u0131ndaki Bolluk, bereket ak\u0131\u015f\u0131nda; K\u00f6klerinden getirdi\u011finiz ne kadar k\u0131tl\u0131k bilinci varsa\n                      t\u0131kan\u0131kl\u0131k varsa t\u00fcm bu ge\u00e7mi\u015f y\u00fcklerinizden Ar\u0131n\u0131p yenilenmek ve y\u00fcksek enerji Frekans\u0131na sizi haz\u0131rlayacak olan muhte\u015fem bir D\u00f6n\u00fcm noktas\u0131na ge\u00e7i\u015f yapman\u0131z\u0131 sa\u011flayacak PS\u0130\u015e\u0130K ameliyat \u00e7al\u0131\u015fmas\u0131yla mutlaka tan\u0131\u015f\u0131n . Nas\u0131l m\u0131 ?<\/p>\n                    <p>PS\u0130\u015e\u0130K Ameliyat \u00c7al\u0131\u015fmas\u0131 ve Yedi ku\u015fak soya\u011fac\u0131 \u00e7al\u0131\u015fmas\u0131 Hayat\u0131n\u0131zdaki Bir d\u00f6n\u00fcm noktas\u0131 Bir Milatt\u0131r.<\/p>\n                    <p>b\u00fct\u00fcn bu blokajlar\u0131n bariyerlerin ve t\u0131kan\u0131kl\u0131klar\u0131n a\u00e7\u0131lmas\u0131n\u0131 sa\u011flayan Ki\u015filerin ruhsal, zihinsel ,duygusal, bedensel ve ya\u015famsal anlamda 5 boyutta hayatlar\u0131n\u0131 iyile\u015ftiren Holistic t\u0131p ,di\u011fer ad\u0131yla tamamlay\u0131c\u0131 ve b\u00fct\u00fcnc\u00fcl t\u0131p alan\u0131nda\n                      enerjisel anatomiyi kullanarak , bilin\u00e7alt\u0131 de\u011fi\u015ftirip d\u00f6n\u00fc\u015ft\u00fcrme ve Yeniden programlama, zihin y\u00f6netimi, hipnoterapi nefes terapileri, aura ve \u00e7akra sistemleri ile yap\u0131lan , Beyin dalgalar\u0131n\u0131 ve y\u00fcksek frekans d\u00fczeyinde Enerjiyi\n                      kullanmay\u0131 gerektiren meditatif ve mental bir \u00e7al\u0131\u015fmad\u0131r . Ki\u015finin auras\u0131 a\u00e7\u0131larak k\u00f6klerinden ba\u015flan\u0131r.<\/p>\n                    <p>t\u00fcm \u00e7akra sistemleri \u00fczerindeki t\u00fcm blokajlar ve t\u0131kan\u0131kl\u0131klar aura y\u0131rt\u0131klar\u0131 ve Aura \u00fczerindeki pi\u015fik ataklar\u0131n temizlendi\u011fi bu \u00e7al\u0131\u015fmada hastal\u0131klar\u0131n alt\u0131nda yatan zihinsel ve ruhsal nedenlerden kaynakl\u0131 S\u0131k\u0131\u015fan bedensel t\u0131kan\u0131kl\u0131klar\n                      temizlenerek a\u00e7\u0131l\u0131r ve yeniden aktive edilir. zihinsel kay\u0131tlar, \u00c7ocukluk travmalar\u0131, tacizler,suistimaller, de\u011fersizlik duygusu, bilin\u00e7alt\u0131 kay\u0131tlar\u0131,ge\u00e7mi\u015f karmalar\u0131 anne baba atalardan ge\u00e7en gen aktar\u0131m\u0131,hastal\u0131klar, \u00f6\u011frenilmi\u015f\n                      al\u0131\u015fkanl\u0131klar, \u00f6\u011frenilmi\u015f \u00e7aresizlikler, Ge\u00e7mi\u015ften getirilen ve kader zannetti\u011fimiz ama bize ait olmayan t\u00fcm karmalar\u0131n kadersel ve ata ba\u011flar\u0131n\u0131n kesilmesi Kanca enerjilerinin ve eterik enerjilerinin temizlenmesi ve iyile\u015ftirilmesi\n                      k\u00f6kler ile yap\u0131lan \u00e7al\u0131\u015fmada d\u00fczenlenir\u2026<\/p>\n                    <p>Bir \u00e7ok y\u00f6ntem ve teknikler Arka arkaya iki g\u00fcn yo\u011fun uygulan\u0131r, Derin bir kaz\u0131ma ,ar\u0131nma, temizlenme devam\u0131nda Do\u011fru \u00e7apalar\u0131n at\u0131lmas\u0131 ve iyile\u015ftirme \u00e7al\u0131\u015fmas\u0131d\u0131r.<\/p>\n                    <p>Zihin tamamen bo\u015falt\u0131l\u0131r ki\u015fi alfa dalgaboyuna getirilerek zihinsel ar\u0131nma yap\u0131l\u0131r.<\/p>\n                    <p>\n                      <br>\n                    <\/p>\n                    <p>\n                      <br>\n                    <\/p>\n                  <\/div>\n                <\/div>\n              <\/div>\n            <\/div>\n          <\/div>\n        <\/div>\n      <\/div>\n    <\/div>\n  <\/div>\n<\/div>","protected":false},"excerpt":{"rendered":"<p>Fark\u0131nda olmadan Aura alan\u0131na yap\u0131\u015fm\u0131\u015f PS\u0130\u015e\u0130K enerjiler; \u00dc\u00e7\u00fcnc\u00fc boyut varl\u0131k enerjileri ,parazit enerjileri \u00dczerine \u00e7\u00f6ken bir \u00f6l\u00fc topra\u011f\u0131, sana darl\u0131k,yokluk, ruhsal s\u0131k\u0131nt\u0131 ya\u015fatarak hasta hissettirir, S\u00fcrekli i\u015flerinde olumsuzluk ya\u015farken kazalar,belalar ,Aksiliklerin hayat\u0131nda eksik olmaz. d\u00f6n\u00fcp dola\u015f\u0131p yine seni bulur. Bu ba\u015f\u0131ndan eksik olmayan olumsuzluklar\u0131n as\u0131l nedeni; psi\u015fik ataklar ,bedensiz varl\u0131klar,\u00fczerine yap\u0131\u015fan kara basanlar , ve [&hellip;]<\/p>\n","protected":false},"author":1,"featured_media":0,"parent":0,"menu_order":0,"comment_status":"closed","ping_status":"closed","template":"page-templates\/full-width-page.php","meta":{"footnotes":""},"class_list":["post-75","page","type-page","status-publish","hentry"],"_links":{"self":[{"href":"https:\/\/binnurdumanakademi.org\/index.php\/wp-json\/wp\/v2\/pages\/75","targetHints":{"allow":["GET"]}}],"collection":[{"href":"https:\/\/binnurdumanakademi.org\/index.php\/wp-json\/wp\/v2\/pages"}],"about":[{"href":"https:\/\/binnurdumanakademi.org\/index.php\/wp-json\/wp\/v2\/types\/page"}],"author":[{"embeddable":true,"href":"https:\/\/binnurdumanakademi.org\/index.php\/wp-json\/wp\/v2\/users\/1"}],"replies":[{"embeddable":true,"href":"https:\/\/binnurdumanakademi.org\/index.php\/wp-json\/wp\/v2\/comments?post=75"}],"version-history":[{"count":3,"href":"https:\/\/binnurdumanakademi.org\/index.php\/wp-json\/wp\/v2\/pages\/75\/revisions"}],"predecessor-version":[{"id":416,"href":"https:\/\/binnurdumanakademi.org\/index.php\/wp-json\/wp\/v2\/pages\/75\/revisions\/416"}],"wp:attachment":[{"href":"https:\/\/binnurdumanakademi.org\/index.php\/wp-json\/wp\/v2\/media?parent=75"}],"curies":[{"name":"wp","href":"https:\/\/api.w.org\/{rel}","templated":true}]}}