{"id":74,"date":"2024-06-13T12:56:50","date_gmt":"2024-06-13T09:56:50","guid":{"rendered":"http:\/\/binnurdumanakademi.org\/?page_id=74"},"modified":"2024-06-13T16:14:45","modified_gmt":"2024-06-13T13:14:45","slug":"anne-ve-babayla-helallesme-calismasi","status":"publish","type":"page","link":"https:\/\/binnurdumanakademi.org\/index.php\/anne-ve-babayla-helallesme-calismasi\/","title":{"rendered":"Anne ve Babayla helalle\u015fme \u00e7al\u0131\u015fmas\u0131"},"content":{"rendered":"<div data-colibri-id=\"74-c1\" class=\"style-454 style-local-74-c1 position-relative\">\n  <!---->\n  <div data-colibri-component=\"section\" data-colibri-id=\"74-c2\" id=\"custom\" class=\"h-section h-section-global-spacing d-flex align-items-lg-center align-items-md-center align-items-center style-455 style-local-74-c2 position-relative\">\n    <!---->\n    <!---->\n    <div class=\"h-section-grid-container h-section-boxed-container\">\n      <!---->\n      <div data-colibri-id=\"74-c3\" class=\"h-row-container gutters-row-lg-0 gutters-row-md-0 gutters-row-0 gutters-row-v-lg-0 gutters-row-v-md-0 gutters-row-v-0 style-458 style-local-74-c3 position-relative\">\n        <!---->\n        <div class=\"h-row justify-content-lg-center justify-content-md-center justify-content-center align-items-lg-stretch align-items-md-stretch align-items-stretch gutters-col-lg-0 gutters-col-md-0 gutters-col-0 gutters-col-v-lg-0 gutters-col-v-md-0 gutters-col-v-0\">\n          <!---->\n          <div class=\"h-column h-column-container d-flex h-col-lg-auto h-col-md-auto h-col-auto style-459-outer style-local-74-c4-outer\">\n            <div data-colibri-id=\"74-c4\" class=\"d-flex h-flex-basis h-column__inner h-px-lg-0 h-px-md-0 h-px-0 v-inner-lg-0 v-inner-md-0 v-inner-0 style-459 style-local-74-c4 position-relative\">\n              <!---->\n              <!---->\n              <div class=\"w-100 h-y-container h-column__content h-column__v-align flex-basis-100 align-self-lg-start align-self-md-start align-self-start\">\n                <!---->\n                <div data-colibri-id=\"74-c5\" class=\"d-block style-460 style-local-74-c5 position-relative h-element\">\n                  <!---->\n                  <div class=\"h-image__frame-container-outer\">\n                    <div class=\"h-image__frame-container\">\n                      <!---->\n                      <!---->\n                      <img loading=\"lazy\" decoding=\"async\" width=\"400\" height=\"600\" src=\"https:\/\/binnurdumanakademi.org\/wp-content\/uploads\/2024\/06\/anne-baba.png\" class=\"wp-image-406 style-460-image style-local-74-c5-image\" alt=\"\" srcset=\"https:\/\/binnurdumanakademi.org\/wp-content\/uploads\/2024\/06\/anne-baba.png 400w, https:\/\/binnurdumanakademi.org\/wp-content\/uploads\/2024\/06\/anne-baba-200x300.png 200w\" sizes=\"auto, (max-width: 400px) 100vw, 400px\" \/>\n                      <div class=\"h-image__frame h-hide-lg h-hide-md h-hide-sm style-460-frameImage style-local-74-c5-frameImage\"><\/div>\n                    <\/div>\n                  <\/div>\n                <\/div>\n              <\/div>\n            <\/div>\n          <\/div>\n        <\/div>\n      <\/div>\n      <div data-colibri-id=\"74-c6\" class=\"h-row-container gutters-row-lg-2 gutters-row-md-2 gutters-row-0 gutters-row-v-lg-2 gutters-row-v-md-2 gutters-row-v-2 style-461 style-local-74-c6 position-relative\">\n        <!---->\n        <div class=\"h-row justify-content-lg-center justify-content-md-center justify-content-center align-items-lg-stretch align-items-md-stretch align-items-stretch gutters-col-lg-2 gutters-col-md-2 gutters-col-0 gutters-col-v-lg-2 gutters-col-v-md-2 gutters-col-v-2\">\n          <!---->\n          <div class=\"h-column h-column-container d-flex h-col-lg-auto h-col-md-auto h-col-auto style-462-outer style-local-74-c7-outer\">\n            <div data-colibri-id=\"74-c7\" class=\"d-flex h-flex-basis h-column__inner h-px-lg-2 h-px-md-2 h-px-2 v-inner-lg-2 v-inner-md-2 v-inner-2 style-462 style-local-74-c7 position-relative\">\n              <!---->\n              <!---->\n              <div class=\"w-100 h-y-container h-column__content h-column__v-align flex-basis-100 align-self-lg-start align-self-md-start align-self-start\">\n                <!---->\n                <div data-colibri-id=\"74-c8\" class=\"h-text h-text-component style-463 style-local-74-c8 position-relative h-element\">\n                  <!---->\n                  <!---->\n                  <div class=\"\">\n                    <p>Anne ve Babayla helalle\u015fme \u00e7al\u0131\u015fmas\u0131 Bir\u00e7o\u011fumuz Ge\u00e7mi\u015fte anne ve babam\u0131zla ya\u015fan\u0131lan ac\u0131 ve \u00dcz\u00fcnt\u00fclerin travmalar\u0131n bedenimizde b\u0131rakt\u0131\u011f\u0131 izlerle ya\u015f\u0131yoruz.<\/p>\n                    <p>Ruhunun derinliklerine kaz\u0131lan bu izler Zamanla Her durumda ortaya \u00e7\u0131karak kendini g\u00f6sterir \u00c7ocuklu\u011fundan itibaren d\u0131\u015fardan yap\u0131lan kodlamalar ya\u015fam\u0131n\u0131 \u015fekillendirdi.<\/p>\n                    <p>b\u00fcy\u00fcd\u00fc\u011f\u00fcn aile, \u00e7evre, \u00fclke ,ald\u0131\u011f\u0131m\u0131z e\u011fitim sistemi d\u00fc\u015f\u00fcnce kal\u0131plar\u0131, y\u00fcklenen korku kayg\u0131lar\u0131n etkisiyle de\u011fi\u015fmeye Ve d\u00f6n\u00fc\u015fmeye ba\u015flad\u0131n nereden gelip nereye gitti\u011fini, Kim oldu\u011fu unutup d\u00fcnyadaki ilizyon ve sim\u00fclasyon i\u00e7ine kendini\n                      kapt\u0131rd\u0131n . \u00e7ocuklu\u011funu ya\u015fayamadan yasaklarla korkularla ilkel masallar uyutuldun .<\/p>\n                    <p>D\u0131\u015fardan beklenen ki\u015fi olmaya \u00e7al\u0131\u015ft\u0131n maskelerin arkas\u0131nda ya\u015fayarak, su\u00e7luluk, utan\u00e7 duygular\u0131 i\u00e7imizdeki saf \u00e7ocu\u011fu en derine hapsedip d\u0131\u015fardan yap\u0131lan bu kodlamalarla d\u00fc\u015f\u00fcnemeyen hayal kuramayan sorgulayamayan b\u00f6len d\u00f6n\u00fc\u015ft\u00fcren\n                      Yarg\u0131layan korkan birine d\u00f6n\u00fc\u015ft\u00fcn Ve robotla\u015ft\u0131n Maddi de\u011feri olan \u015feylere Markal\u0131 k\u0131yafetlere \u0130lker isteklere ba\u011fland\u0131n mutlulu\u011fu Bunlarda arad\u0131n D\u0131\u015fardan bilin\u00e7alt\u0131na y\u00fcklenen kay\u0131tlar, kodlar, bask\u0131lar,tabular, konan s\u0131n\u0131rlar\n                      yasaklar, dayat\u0131lan \u00e7ekirdek inan\u00e7lar ; senin kendi i\u00e7indeki as\u0131l seni g\u00f6rmeni engelledi .<\/p>\n                    <p>D\u0131\u015fardan beklenen rollere girdin. Sana ait olmayan sorumluluklar\u0131 \u00fcstlendin.<\/p>\n                    <p>Herkesi mutlu etmeye \u00e7al\u0131\u015ft\u0131n, hep kendini erteledin. Ba\u015fkalar\u0131n\u0131n ne dediklerini \u00d6nemsedin<\/p>\n                  <\/div>\n                <\/div>\n              <\/div>\n            <\/div>\n          <\/div>\n        <\/div>\n      <\/div>\n    <\/div>\n  <\/div>\n<\/div>","protected":false},"excerpt":{"rendered":"<p>Anne ve Babayla helalle\u015fme \u00e7al\u0131\u015fmas\u0131 Bir\u00e7o\u011fumuz Ge\u00e7mi\u015fte anne ve babam\u0131zla ya\u015fan\u0131lan ac\u0131 ve \u00dcz\u00fcnt\u00fclerin travmalar\u0131n bedenimizde b\u0131rakt\u0131\u011f\u0131 izlerle ya\u015f\u0131yoruz. Ruhunun derinliklerine kaz\u0131lan bu izler Zamanla Her durumda ortaya \u00e7\u0131karak kendini g\u00f6sterir \u00c7ocuklu\u011fundan itibaren d\u0131\u015fardan yap\u0131lan kodlamalar ya\u015fam\u0131n\u0131 \u015fekillendirdi. b\u00fcy\u00fcd\u00fc\u011f\u00fcn aile, \u00e7evre, \u00fclke ,ald\u0131\u011f\u0131m\u0131z e\u011fitim sistemi d\u00fc\u015f\u00fcnce kal\u0131plar\u0131, y\u00fcklenen korku kayg\u0131lar\u0131n etkisiyle de\u011fi\u015fmeye Ve d\u00f6n\u00fc\u015fmeye ba\u015flad\u0131n [&hellip;]<\/p>\n","protected":false},"author":1,"featured_media":0,"parent":0,"menu_order":0,"comment_status":"closed","ping_status":"closed","template":"page-templates\/full-width-page.php","meta":{"footnotes":""},"class_list":["post-74","page","type-page","status-publish","hentry"],"_links":{"self":[{"href":"https:\/\/binnurdumanakademi.org\/index.php\/wp-json\/wp\/v2\/pages\/74","targetHints":{"allow":["GET"]}}],"collection":[{"href":"https:\/\/binnurdumanakademi.org\/index.php\/wp-json\/wp\/v2\/pages"}],"about":[{"href":"https:\/\/binnurdumanakademi.org\/index.php\/wp-json\/wp\/v2\/types\/page"}],"author":[{"embeddable":true,"href":"https:\/\/binnurdumanakademi.org\/index.php\/wp-json\/wp\/v2\/users\/1"}],"replies":[{"embeddable":true,"href":"https:\/\/binnurdumanakademi.org\/index.php\/wp-json\/wp\/v2\/comments?post=74"}],"version-history":[{"count":5,"href":"https:\/\/binnurdumanakademi.org\/index.php\/wp-json\/wp\/v2\/pages\/74\/revisions"}],"predecessor-version":[{"id":409,"href":"https:\/\/binnurdumanakademi.org\/index.php\/wp-json\/wp\/v2\/pages\/74\/revisions\/409"}],"wp:attachment":[{"href":"https:\/\/binnurdumanakademi.org\/index.php\/wp-json\/wp\/v2\/media?parent=74"}],"curies":[{"name":"wp","href":"https:\/\/api.w.org\/{rel}","templated":true}]}}