{"id":73,"date":"2024-06-13T12:56:50","date_gmt":"2024-06-13T09:56:50","guid":{"rendered":"http:\/\/binnurdumanakademi.org\/?page_id=73"},"modified":"2024-06-13T16:07:32","modified_gmt":"2024-06-13T13:07:32","slug":"anne-karni-sifa-calismasi","status":"publish","type":"page","link":"https:\/\/binnurdumanakademi.org\/index.php\/anne-karni-sifa-calismasi\/","title":{"rendered":"Anne karn\u0131 \u015fifa \u00c7al\u0131\u015fmas\u0131"},"content":{"rendered":"<div data-colibri-id=\"73-c1\" class=\"style-444 style-local-73-c1 position-relative\">\n  <!---->\n  <div data-colibri-component=\"section\" data-colibri-id=\"73-c2\" id=\"custom\" class=\"h-section h-section-global-spacing d-flex align-items-lg-center align-items-md-center align-items-center style-445 style-local-73-c2 position-relative\">\n    <!---->\n    <!---->\n    <div class=\"h-section-grid-container h-section-fluid-container\">\n      <!---->\n      <div data-colibri-id=\"73-c3\" class=\"h-row-container gutters-row-lg-2 gutters-row-md-2 gutters-row-0 gutters-row-v-lg-2 gutters-row-v-md-2 gutters-row-v-2 style-448 style-local-73-c3 position-relative\">\n        <!---->\n        <div class=\"h-row justify-content-lg-center justify-content-md-center justify-content-center align-items-lg-stretch align-items-md-stretch align-items-stretch gutters-col-lg-2 gutters-col-md-2 gutters-col-0 gutters-col-v-lg-2 gutters-col-v-md-2 gutters-col-v-2\">\n          <!---->\n          <div class=\"h-column h-column-container d-flex h-col-lg-auto h-col-md-auto h-col-auto style-449-outer style-local-73-c4-outer\">\n            <div data-colibri-id=\"73-c4\" class=\"d-flex h-flex-basis h-column__inner h-px-lg-2 h-px-md-2 h-px-2 v-inner-lg-2 v-inner-md-2 v-inner-2 style-449 style-local-73-c4 position-relative\">\n              <!---->\n              <!---->\n              <div class=\"w-100 h-y-container h-column__content h-column__v-align flex-basis-100 align-self-lg-start align-self-md-start align-self-start\">\n                <!---->\n                <div data-colibri-id=\"73-c5\" class=\"d-block style-450 style-local-73-c5 position-relative h-element\">\n                  <!---->\n                  <div class=\"h-image__frame-container-outer\">\n                    <div class=\"h-image__frame-container\">\n                      <!---->\n                      <!---->\n                      <img loading=\"lazy\" decoding=\"async\" width=\"400\" height=\"600\" src=\"https:\/\/binnurdumanakademi.org\/wp-content\/uploads\/2024\/06\/hamile.png\" class=\"wp-image-398 style-450-image style-local-73-c5-image\" alt=\"\" srcset=\"https:\/\/binnurdumanakademi.org\/wp-content\/uploads\/2024\/06\/hamile.png 400w, https:\/\/binnurdumanakademi.org\/wp-content\/uploads\/2024\/06\/hamile-200x300.png 200w\" sizes=\"auto, (max-width: 400px) 100vw, 400px\" \/>\n                      <div class=\"h-image__frame h-hide-lg h-hide-md h-hide-sm style-450-frameImage style-local-73-c5-frameImage\"><\/div>\n                    <\/div>\n                  <\/div>\n                <\/div>\n              <\/div>\n            <\/div>\n          <\/div>\n        <\/div>\n      <\/div>\n      <div data-colibri-id=\"73-c6\" class=\"h-row-container gutters-row-lg-2 gutters-row-md-2 gutters-row-0 gutters-row-v-lg-2 gutters-row-v-md-2 gutters-row-v-2 style-451 style-local-73-c6 position-relative\">\n        <!---->\n        <div class=\"h-row justify-content-lg-center justify-content-md-center justify-content-center align-items-lg-stretch align-items-md-stretch align-items-stretch gutters-col-lg-2 gutters-col-md-2 gutters-col-0 gutters-col-v-lg-2 gutters-col-v-md-2 gutters-col-v-2\">\n          <!---->\n          <div class=\"h-column h-column-container d-flex h-col-lg-auto h-col-md-auto h-col-auto style-452-outer style-local-73-c7-outer\">\n            <div data-colibri-id=\"73-c7\" class=\"d-flex h-flex-basis h-column__inner h-px-lg-2 h-px-md-2 h-px-2 v-inner-lg-2 v-inner-md-2 v-inner-2 style-452 style-local-73-c7 position-relative\">\n              <!---->\n              <!---->\n              <div class=\"w-100 h-y-container h-column__content h-column__v-align flex-basis-100 align-self-lg-start align-self-md-start align-self-start\">\n                <!---->\n                <div data-colibri-id=\"73-c8\" class=\"h-text h-text-component style-453 style-local-73-c8 position-relative h-element\">\n                  <!---->\n                  <!---->\n                  <div class=\"\">\n                    <p>Anne karn\u0131 \u015fifa \u00c7al\u0131\u015fmas\u0131 Hi\u00e7 d\u00fc\u015f\u00fcnd\u00fcn\u00fcz m\u00fc? <\/p>\n                    <p>-Anneniz size nas\u0131l hamile kald\u0131?<\/p>\n                    <p>-\u0130stenen ve beklenen bir bebek miydiniz? -Annenizin o d\u00f6nemde baban\u0131zla olan ili\u015fkileri nas\u0131ld\u0131?<\/p>\n                    <p>-Hamilelik s\u00fcrecinde ya\u015fad\u0131\u011f\u0131 duygusal travmalar var m\u0131yd\u0131? ya da o d\u00f6nemde ge\u00e7irdi\u011fi hastal\u0131klar var m\u0131yd\u0131?<\/p>\n                    <p>-Aile i\u00e7i \u00e7at\u0131\u015fmalar\u0131n oldu\u011fu bir s\u00fcrecin \u00fczerine mi geldiniz?<\/p>\n                    <p>-Anneniz e\u015f akraba gelin g\u00f6r\u00fcmce yada Kay\u0131nvalide sorunlar\u0131 ile ilgili \u00c7at\u0131\u015fmalara maruz kald\u0131ysa.. -Dahas\u0131 Anneniz size hamileyken bir psi\u015fik sald\u0131r\u0131ya maruz kald\u0131ysa..<\/p>\n                    <p>-Planlanmam\u0131\u015f veya istenmeyen bir gebelik sonucu do\u011fduysan\u0131z,<\/p>\n                    <p>&#8211;Erken veya sezaryenle do\u011fum sonras\u0131nda kuv\u00f6zde kalma durumu,<\/p>\n                    <p>-Ebeveynlerin \u00e7ocuk olmadan \u00f6nce veya sonra bo\u015fanmas\u0131, -\u00c7ocuk ya\u015flarda taciz olay\u0131 ya\u015fanmas\u0131 ve<\/p>\n                    <p>-ikili ili\u015fkilerde bu blokaj\u0131n hala hissediliyor olmas\u0131,<\/p>\n                    <p>-ki\u015finin dayak yemesi ve bu daya\u011f\u0131n fiziksel, duygusal, zihinsel bedeninde yaralar a\u00e7m\u0131\u015f olmas\u0131 hamile iken anne karn\u0131ndaki bebe\u011fe ge\u00e7er<\/p>\n                    <p>-Annenizin sizden \u00f6nceki Hamileliklerinde d\u00fc\u015f\u00fck ya da k\u00fcrtajlar varsa da S\u0131k\u0131\u015fm\u0131\u015f bu enerjilerin \u00e7ocuk \u00fczerine olumsuz yans\u0131malara neden olabilir.<\/p>\n                    <p>T\u00fcm bu bilgiler bebe\u011fin h\u00fccre haf\u0131zan\u0131za Kaydedilir ve h\u00fccre haf\u0131zan\u0131z kay\u0131t tutar.<\/p>\n                    <p>Ve g\u00fcn gelince hepsi g\u00fcn y\u00fcz\u00fcne tekrar \u00e7\u0131kar. Sectigimiz annenin karn\u0131nda Annemizin pin kodlar\u0131yla hayat\u0131m\u0131z \u015fekillenmeye ba\u015flar. Anne karn\u0131 ,ruhun bedene girdi\u011fi Bedenle\u015fmenin ilk ba\u015flad\u0131\u011f\u0131 yerdir.<\/p>\n                    <p>Kim oldu\u011fumuz ve Kim olaca\u011f\u0131m\u0131z\u0131 belirleyen ve hayat\u0131m\u0131z\u0131n nas\u0131l geli\u015fece\u011fine dair t\u00fcm kodlar daha anne karn\u0131ndayken olu\u015fmaya ba\u015flar.<\/p>\n                    <p>Hamilelik s\u00fcrecinde \u00d6zellikle anneyle olu\u015fan kordon ba\u011f\u0131 ile t\u00fcm h\u00fccre yap\u0131s\u0131, duygular\u0131, korkular\u0131 Beden h\u00fccre haf\u0131zas\u0131 ve Onun DNA lar\u0131ndaki t\u00fcm pin kodlar\u0131 bize kopyalan\u0131r.<\/p>\n                    <p>Annemizin Genlerlerinden ge\u00e7en fiziksel \u00f6zellikleri, fenotip ve genotipi yan\u0131 s\u0131ra Bu s\u00fcre\u00e7te Onun sahibi oldu\u011fu duygular\u0131 kendimize aitmi\u015f gibi alg\u0131lar\u0131z. hen\u00fcz bir ceninken a\u00e7\u0131k olan alg\u0131lar\u0131m\u0131z, annemizin i\u00e7 d\u00fcnyas\u0131n\u0131 ve \u00e7evremizde\n                      olup bitenleri alg\u0131lar. hayattaki ilk ba\u011f\u0131m\u0131z, annemizle olan ba\u011f\u0131m\u0131zd\u0131r. Onunla kurulan bu ba\u011f kendimizle Olan ba\u011f\u0131m\u0131z\u0131 ve d\u0131\u015f d\u00fcnyayla Kurdu\u011fumuz t\u00fcm ba\u011flant\u0131lar\u0131 da etkiler.<\/p>\n                    <p>Annemizin hamilelik boyunca ya\u015fad\u0131\u011f\u0131 de\u011fersizlik, yetersizlik duygular\u0131n\u0131 oldu\u011fu gibi kabul ederiz. D\u0131\u015f d\u00fcnyay\u0131, annemizin hisleri ile Alg\u0131lamaya \u00e7al\u0131\u015f\u0131r\u0131z Travmatik d\u00fc\u015f\u00fcnceler, Annenin o d\u00f6nemde ge\u00e7irdi\u011fi t\u00fcm huzursuzluk ve mutsuzluklar\u0131\n                      ya da kalp k\u0131rg\u0131nl\u0131klar\u0131,<\/p>\n                    <p>De\u011fersizlik duygular\u0131, Sevgi eksikli\u011fi duygusal Ruhsal travmalar\u0131 ya da \u00e7evresiyle ya\u015fad\u0131\u011f\u0131 uyum sorunlar\u0131 , kay\u0131nvalide sorunlardaki t\u00fcm duygu ge\u00e7i\u015fleri beden h\u00fccre haf\u0131zam\u0131za kaydedilir. Bilin\u00e7alt\u0131 kay\u0131tlar\u0131m\u0131z do\u011fdu\u011fumuz anda de\u011fil\n                      ana rahmine d\u00fc\u015ft\u00fc\u011f\u00fcm\u00fcz anda ba\u015flar.<\/p>\n                    <p>Asl\u0131nda dahada ge\u00e7mi\u015fe gidersek Her \u015fey biz do\u011fmadan \u00e7ok \u00f6nce ba\u015flar., anne karn\u0131na d\u00fc\u015fmeden \u00f6nce anne babam\u0131z\u0131n ya\u015famlar\u0131nda hissettikleri \u00f6ncesinden bize yans\u0131r.<\/p>\n                    <p>Ge\u00e7mi\u015f ya\u015fam kay\u0131tlar\u0131m\u0131z ruhla beraber bilin\u00e7alt\u0131m\u0131zda depolan\u0131r. K\u0131sacas\u0131 her \u015fey bizden \u00f6nce ba\u015flar<\/p>\n                    <p>\n                      <br>\n                    <\/p>\n                  <\/div>\n                <\/div>\n              <\/div>\n            <\/div>\n          <\/div>\n        <\/div>\n      <\/div>\n    <\/div>\n  <\/div>\n<\/div>","protected":false},"excerpt":{"rendered":"<p>Anne karn\u0131 \u015fifa \u00c7al\u0131\u015fmas\u0131 Hi\u00e7 d\u00fc\u015f\u00fcnd\u00fcn\u00fcz m\u00fc? -Anneniz size nas\u0131l hamile kald\u0131? -\u0130stenen ve beklenen bir bebek miydiniz? -Annenizin o d\u00f6nemde baban\u0131zla olan ili\u015fkileri nas\u0131ld\u0131? -Hamilelik s\u00fcrecinde ya\u015fad\u0131\u011f\u0131 duygusal travmalar var m\u0131yd\u0131? ya da o d\u00f6nemde ge\u00e7irdi\u011fi hastal\u0131klar var m\u0131yd\u0131? -Aile i\u00e7i \u00e7at\u0131\u015fmalar\u0131n oldu\u011fu bir s\u00fcrecin \u00fczerine mi geldiniz? -Anneniz e\u015f akraba gelin g\u00f6r\u00fcmce yada [&hellip;]<\/p>\n","protected":false},"author":1,"featured_media":0,"parent":0,"menu_order":0,"comment_status":"closed","ping_status":"closed","template":"page-templates\/full-width-page.php","meta":{"footnotes":""},"class_list":["post-73","page","type-page","status-publish","hentry"],"_links":{"self":[{"href":"https:\/\/binnurdumanakademi.org\/index.php\/wp-json\/wp\/v2\/pages\/73","targetHints":{"allow":["GET"]}}],"collection":[{"href":"https:\/\/binnurdumanakademi.org\/index.php\/wp-json\/wp\/v2\/pages"}],"about":[{"href":"https:\/\/binnurdumanakademi.org\/index.php\/wp-json\/wp\/v2\/types\/page"}],"author":[{"embeddable":true,"href":"https:\/\/binnurdumanakademi.org\/index.php\/wp-json\/wp\/v2\/users\/1"}],"replies":[{"embeddable":true,"href":"https:\/\/binnurdumanakademi.org\/index.php\/wp-json\/wp\/v2\/comments?post=73"}],"version-history":[{"count":4,"href":"https:\/\/binnurdumanakademi.org\/index.php\/wp-json\/wp\/v2\/pages\/73\/revisions"}],"predecessor-version":[{"id":401,"href":"https:\/\/binnurdumanakademi.org\/index.php\/wp-json\/wp\/v2\/pages\/73\/revisions\/401"}],"wp:attachment":[{"href":"https:\/\/binnurdumanakademi.org\/index.php\/wp-json\/wp\/v2\/media?parent=73"}],"curies":[{"name":"wp","href":"https:\/\/api.w.org\/{rel}","templated":true}]}}