{"id":485,"date":"2024-07-07T23:02:53","date_gmt":"2024-07-07T20:02:53","guid":{"rendered":"http:\/\/binnurdumanakademi.org\/?page_id=485"},"modified":"2024-07-10T16:44:14","modified_gmt":"2024-07-10T13:44:14","slug":"kitaplarimiz","status":"publish","type":"page","link":"https:\/\/binnurdumanakademi.org\/index.php\/kitaplarimiz\/","title":{"rendered":"Kitaplar\u0131m\u0131z"},"content":{"rendered":"<div data-colibri-id=\"485-c1\" class=\"style-568 style-local-485-c1 position-relative\">\n  <!---->\n  <div data-colibri-component=\"section\" data-colibri-id=\"485-c2\" id=\"custom\" class=\"h-section h-section-global-spacing d-flex align-items-lg-center align-items-md-center align-items-center style-569 style-local-485-c2 position-relative\">\n    <!---->\n    <!---->\n    <div class=\"h-section-grid-container h-section-boxed-container\">\n      <!---->\n      <div data-colibri-id=\"485-c3\" class=\"h-row-container gutters-row-lg-0 gutters-row-md-0 gutters-row-0 gutters-row-v-lg-0 gutters-row-v-md-0 gutters-row-v-0 style-572 style-local-485-c3 position-relative\">\n        <!---->\n        <div class=\"h-row justify-content-lg-center justify-content-md-center justify-content-center align-items-lg-stretch align-items-md-stretch align-items-stretch gutters-col-lg-0 gutters-col-md-0 gutters-col-0 gutters-col-v-lg-0 gutters-col-v-md-0 gutters-col-v-0\">\n          <!---->\n          <div class=\"h-column h-column-container d-flex h-col-lg-auto h-col-md-auto h-col-auto style-573-outer style-local-485-c4-outer\">\n            <div data-colibri-id=\"485-c4\" class=\"d-flex h-flex-basis h-column__inner h-px-lg-0 h-px-md-0 h-px-0 v-inner-lg-0 v-inner-md-0 v-inner-0 style-573 style-local-485-c4 position-relative\">\n              <!---->\n              <!---->\n              <div class=\"w-100 h-y-container h-column__content h-column__v-align flex-basis-100 align-self-lg-start align-self-md-start align-self-start\">\n                <!---->\n                <div data-colibri-id=\"485-c5\" class=\"d-block style-574 style-local-485-c5 position-relative h-element\">\n                  <!---->\n                  <div class=\"h-image__frame-container-outer\">\n                    <div class=\"h-image__frame-container\">\n                      <!---->\n                      <!---->\n                      <img loading=\"lazy\" decoding=\"async\" width=\"257\" height=\"400\" src=\"https:\/\/binnurdumanakademi.org\/wp-content\/uploads\/2024\/07\/itap.jpg\" class=\"wp-image-537 style-574-image style-local-485-c5-image\" alt=\"\" srcset=\"https:\/\/binnurdumanakademi.org\/wp-content\/uploads\/2024\/07\/itap.jpg 257w, https:\/\/binnurdumanakademi.org\/wp-content\/uploads\/2024\/07\/itap-193x300.jpg 193w\" sizes=\"auto, (max-width: 257px) 100vw, 257px\" \/>\n                      <div class=\"h-image__frame h-hide-lg h-hide-md h-hide-sm style-574-frameImage style-local-485-c5-frameImage\"><\/div>\n                    <\/div>\n                  <\/div>\n                <\/div>\n              <\/div>\n            <\/div>\n          <\/div>\n        <\/div>\n      <\/div>\n      <div data-colibri-id=\"485-c6\" class=\"h-row-container gutters-row-lg-2 gutters-row-md-2 gutters-row-0 gutters-row-v-lg-2 gutters-row-v-md-2 gutters-row-v-2 style-575 style-local-485-c6 position-relative\">\n        <!---->\n        <div class=\"h-row justify-content-lg-center justify-content-md-center justify-content-center align-items-lg-stretch align-items-md-stretch align-items-stretch gutters-col-lg-2 gutters-col-md-2 gutters-col-0 gutters-col-v-lg-2 gutters-col-v-md-2 gutters-col-v-2\">\n          <!---->\n          <div class=\"h-column h-column-container d-flex h-col-lg-auto h-col-md-auto h-col-auto style-576-outer style-local-485-c7-outer\">\n            <div data-colibri-id=\"485-c7\" class=\"d-flex h-flex-basis h-column__inner h-px-lg-0 h-px-md-0 h-px-0 v-inner-lg-0 v-inner-md-0 v-inner-0 style-576 style-local-485-c7 position-relative\">\n              <!---->\n              <!---->\n              <div class=\"w-100 h-y-container h-column__content h-column__v-align flex-basis-100 align-self-lg-start align-self-md-start align-self-start\">\n                <!---->\n                <div data-colibri-id=\"485-c8\" class=\"h-global-transition-all h-heading style-577 style-local-485-c8 position-relative h-element\">\n                  <!---->\n                  <div class=\"h-heading__outer style-577 style-local-485-c8\">\n                    <!---->\n                    <!---->\n                    <h3 class=\"\">Rezonans\n                      <br>Yazar: Binnur Duman<\/h3>\n                  <\/div>\n                <\/div>\n                <div data-colibri-id=\"485-c9\" class=\"h-text h-text-component style-578 style-local-485-c9 position-relative h-element\">\n                  <!---->\n                  <!---->\n                  <div class=\"\">\n                    <p>\u201cD\u00fc\u015f\u00fcncelerine dikkat et, kaderin olur. D\u00fcnyay\u0131 sen \u015fekillendiriyorsun.\u201d<\/p>\n                    <p>&nbsp;<\/p>\n                    <p>Evren bir enerjidir. Evrenin s\u0131rlar\u0131n\u0131 anlamak i\u00e7in Tesla\u2019n\u0131n da dedi\u011fi gibi enerjiyi ve titre\u015fimi d\u00fc\u015f\u00fcnmek gerekir. Dolay\u0131s\u0131yla duygular\u0131m\u0131z, d\u00fc\u015f\u00fcncelerimiz, hissetti\u011fimiz ya da d\u00fc\u015f\u00fcnd\u00fc\u011f\u00fcm\u00fcz her \u015fey, bir rezonans alan\u0131 olu\u015fturur.<\/p>\n                    <p>&nbsp;<\/p>\n                    <p>Bir durumla ya da duyguyla rezonans olu\u015fturmu\u015fsak, o ger\u00e7ekli\u011fi ya\u015farken buluruz kendimizi. Birbiriyle rezone olanlar, birbirleriyle etkile\u015fime girerler, yani benzer benzeri \u00e7eker. Titre\u015fimlerimizle uyumlu olan her \u015fey, hayat\u0131m\u0131zda\n                      ger\u00e7eklik bulur.<\/p>\n                    <p>&nbsp;<\/p>\n                    <p>\u201cBug\u00fcn de b\u00f6yle oldu\u201d diyemeyece\u011fimiz kadar k\u0131ymetlidir hayat. \u00c7\u00fcnk\u00fc her an, bir yarat\u0131m enerjisini beslemektedir. \u0130yi veya k\u00f6t\u00fc&#8230; \u0130nsan hangi rezonansla anbean neyi besleyip b\u00fcy\u00fctt\u00fc\u011f\u00fcn\u00fcn fark\u0131nda olmal\u0131d\u0131r.<\/p>\n                    <p>&nbsp;<\/p>\n                    <p>Kader, elbette cesareti sever, \u00e7\u00fcnk\u00fc ancak cesur olanlar imk\u00e2ns\u0131z\u0131n m\u00fcmk\u00fcn olabilece\u011fini yayarlar evrene. Rezonans kanunuyla olmazlar\u0131 oldurabilme becerisine sahip insano\u011flunun s\u0131\u011f sularda ac\u0131 i\u00e7inde k\u0131vranmas\u0131, sonsuz yeteneklerine\n                      kar\u015f\u0131 yapabilece\u011fi en b\u00fcy\u00fck haks\u0131zl\u0131k. D\u00fcnyay\u0131 kurtarabilme potansiyeline sahipken g\u00fcn\u00fc kurtarmay\u0131 zaferden saymaya son vermenin zaman\u0131 geldi. Rezonans kanununu hat\u0131rlay\u0131n, hemen \u015fimdi kullanmaya ba\u015flay\u0131n.<\/p>\n                    <p>\n                      <br>\n                    <\/p>\n                  <\/div>\n                <\/div>\n                <div data-colibri-id=\"485-c10\" class=\"h-x-container style-579 style-local-485-c10 position-relative h-element\">\n                  <!---->\n                  <div class=\"h-x-container-inner style-dynamic-485-c10-group style-579-spacing style-local-485-c10-spacing\"><span class=\"h-link__outer style-580-outer style-local-485-c11-outer d-inline-flex h-element\"><a h-use-smooth-scroll=\"true\" href=\"https:\/\/www.dr.com.tr\/kitap\/rezonans\/binnur-duman\/basvuru\/kisisel-gelisim\/urunno=0002117878001\"  data-colibri-id=\"485-c11\" class=\"d-flex w-100 align-items-center h-link style-580 style-local-485-c11 position-relative\"><!----><span  class=\"h-svg-icon h-link__icon style-580-icon style-local-485-c11-icon\"><!--Icon by Font Awesome (https:\/\/fontawesome.com)-->\n    <svg version=\"1.1\" xmlns=\"http:\/\/www.w3.org\/2000\/svg\" xmlns:xlink=\"http:\/\/www.w3.org\/1999\/xlink\" id=\"arrow-right\" viewBox=\"0 0 1536 1896.0833\">\n      <path d=\"M1472 960q0 54-37 91l-651 651q-39 37-91 37-51 0-90-37l-75-75q-38-38-38-91t38-91l293-293H117q-52 0-84.5-37.5T0 1024V896q0-53 32.5-90.5T117 768h704L528 474q-38-36-38-90t38-90l75-75q38-38 90-38 53 0 91 38l651 651q37 35 37 90z\"><\/path>\n    <\/svg><\/span> <span>Kitab\u0131m\u0131z\u0131 Sat\u0131n Almak \u0130\u00e7in Bu Linke Basabilirsiniz<\/span><\/a>\n                    <\/span>\n                  <\/div>\n                <\/div>\n              <\/div>\n            <\/div>\n          <\/div>\n        <\/div>\n      <\/div>\n    <\/div>\n  <\/div>\n  <div data-colibri-component=\"section\" data-colibri-id=\"485-c12\" id=\"custom-2\" class=\"h-section h-section-global-spacing d-flex align-items-lg-center align-items-md-center align-items-center style-665 style-local-485-c12 position-relative\">\n    <!---->\n    <!---->\n    <div class=\"h-section-grid-container h-section-boxed-container\">\n      <!---->\n      <div data-colibri-id=\"485-c15\" class=\"h-row-container gutters-row-lg-2 gutters-row-md-2 gutters-row-0 gutters-row-v-lg-2 gutters-row-v-md-2 gutters-row-v-2 style-668 style-local-485-c15 position-relative\">\n        <!---->\n        <div class=\"h-row justify-content-lg-center justify-content-md-center justify-content-center align-items-lg-stretch align-items-md-stretch align-items-stretch gutters-col-lg-2 gutters-col-md-2 gutters-col-0 gutters-col-v-lg-2 gutters-col-v-md-2 gutters-col-v-2\">\n          <!---->\n          <div class=\"h-column h-column-container d-flex h-col-lg-auto h-col-md-auto h-col-auto style-669-outer style-local-485-c16-outer\">\n            <div data-colibri-id=\"485-c16\" class=\"d-flex h-flex-basis h-column__inner h-px-lg-2 h-px-md-2 h-px-2 v-inner-lg-2 v-inner-md-2 v-inner-2 style-669 style-local-485-c16 position-relative\">\n              <!---->\n              <!---->\n              <div class=\"w-100 h-y-container h-column__content h-column__v-align flex-basis-100 align-self-lg-start align-self-md-start align-self-start\">\n                <!---->\n                <div data-colibri-id=\"485-c17\" class=\"h-global-transition-all h-heading style-670 style-local-485-c17 position-relative h-element\">\n                  <!---->\n                  <div class=\"h-heading__outer style-670 style-local-485-c17\">\n                    <!---->\n                    <!---->\n                    <h3 class=\"\">Kitap Tan\u0131t\u0131m G\u00fcnlerimiz<\/h3>\n                  <\/div>\n                <\/div>\n              <\/div>\n            <\/div>\n          <\/div>\n        <\/div>\n      <\/div>\n      <div data-colibri-id=\"485-c18\" class=\"h-row-container gutters-row-lg-2 gutters-row-md-2 gutters-row-0 gutters-row-v-lg-2 gutters-row-v-md-2 gutters-row-v-2 style-671 style-local-485-c18 position-relative\">\n        <!---->\n        <div class=\"h-row justify-content-lg-center justify-content-md-center justify-content-center align-items-lg-stretch align-items-md-stretch align-items-stretch gutters-col-lg-2 gutters-col-md-2 gutters-col-0 gutters-col-v-lg-2 gutters-col-v-md-2 gutters-col-v-2\">\n          <!---->\n          <div class=\"h-column h-column-container d-flex h-col-lg-auto h-col-md-auto h-col-auto style-672-outer style-local-485-c19-outer\">\n            <div data-colibri-id=\"485-c19\" class=\"d-flex h-flex-basis h-column__inner h-px-lg-2 h-px-md-2 h-px-2 v-inner-lg-2 v-inner-md-2 v-inner-2 style-672 style-local-485-c19 position-relative\">\n              <!---->\n              <!---->\n              <div class=\"w-100 h-y-container h-column__content h-column__v-align flex-basis-100 align-self-lg-start align-self-md-start align-self-start\">\n                <!---->\n                <div data-colibri-component=\"video\" data-colibri-id=\"485-c22\" class=\"d-block h-video d-block h-video style-675 style-local-485-c22 position-relative h-element\">\n                  <!---->\n                  <!---->\n                  <div class=\"video-container position-relative\">\n                    <div class=\"h-global-transition-all ratio-inner\"><video class='h-video-main' controls ><source src=https:\/\/binnurdumanakademi.org\/wp-content\/uploads\/2024\/07\/Azerbaycan-Libraff-30-Haziran-2024.mp4 type='video\/mp4' \/><\/video><\/div>\n                  <\/div>\n                <\/div>\n              <\/div>\n            <\/div>\n          <\/div>\n          <div class=\"h-column h-column-container d-flex h-col-lg-auto h-col-md-auto h-col-auto style-673-outer style-local-485-c20-outer\">\n            <div data-colibri-id=\"485-c20\" class=\"d-flex h-flex-basis h-column__inner h-px-lg-2 h-px-md-2 h-px-2 v-inner-lg-2 v-inner-md-2 v-inner-2 style-673 style-local-485-c20 position-relative\">\n              <!---->\n              <!---->\n              <div class=\"w-100 h-y-container h-column__content h-column__v-align flex-basis-100 align-self-lg-start align-self-md-start align-self-start\">\n                <!---->\n                <div data-colibri-component=\"video\" data-colibri-id=\"485-c24\" class=\"d-block h-video d-block h-video style-677 style-local-485-c24 position-relative h-element\">\n                  <!---->\n                  <!---->\n                  <div class=\"video-container position-relative\">\n                    <div class=\"h-global-transition-all ratio-inner\"><video class='h-video-main' controls ><source src=https:\/\/binnurdumanakademi.org\/wp-content\/uploads\/2024\/07\/REZONANS-imza-ve-soylesi-Gunu.mp4 type='video\/mp4' \/><\/video><\/div>\n                  <\/div>\n                <\/div>\n              <\/div>\n            <\/div>\n          <\/div>\n          <div class=\"h-column h-column-container d-flex h-col-lg-auto h-col-md-auto h-col-auto style-674-outer style-local-485-c21-outer\">\n            <div data-colibri-id=\"485-c21\" class=\"d-flex h-flex-basis h-column__inner h-px-lg-2 h-px-md-2 h-px-2 v-inner-lg-2 v-inner-md-2 v-inner-2 style-674 style-local-485-c21 position-relative\">\n              <!---->\n              <!---->\n              <div class=\"w-100 h-y-container h-column__content h-column__v-align flex-basis-100 align-self-lg-start align-self-md-start align-self-start\">\n                <!---->\n                <div data-colibri-component=\"video\" data-colibri-id=\"485-c26\" class=\"d-block h-video d-block h-video style-679 style-local-485-c26 position-relative h-element\">\n                  <!---->\n                  <!---->\n                  <div class=\"video-container position-relative\">\n                    <div class=\"h-global-transition-all ratio-inner\"><video class='h-video-main' controls ><source src=https:\/\/binnurdumanakademi.org\/wp-content\/uploads\/2024\/07\/Adsiz-tasarim-1.mp4 type='video\/mp4' \/><\/video><\/div>\n                  <\/div>\n                <\/div>\n              <\/div>\n            <\/div>\n          <\/div>\n        <\/div>\n      <\/div>\n    <\/div>\n  <\/div>\n<\/div>","protected":false},"excerpt":{"rendered":"<p>Rezonans Yazar: Binnur Duman \u201cD\u00fc\u015f\u00fcncelerine dikkat et, kaderin olur. D\u00fcnyay\u0131 sen \u015fekillendiriyorsun.\u201d &nbsp; Evren bir enerjidir. Evrenin s\u0131rlar\u0131n\u0131 anlamak i\u00e7in Tesla\u2019n\u0131n da dedi\u011fi gibi enerjiyi ve titre\u015fimi d\u00fc\u015f\u00fcnmek gerekir. Dolay\u0131s\u0131yla duygular\u0131m\u0131z, d\u00fc\u015f\u00fcncelerimiz, hissetti\u011fimiz ya da d\u00fc\u015f\u00fcnd\u00fc\u011f\u00fcm\u00fcz her \u015fey, bir rezonans alan\u0131 olu\u015fturur. &nbsp; Bir durumla ya da duyguyla rezonans olu\u015fturmu\u015fsak, o ger\u00e7ekli\u011fi ya\u015farken buluruz kendimizi. [&hellip;]<\/p>\n","protected":false},"author":1,"featured_media":0,"parent":0,"menu_order":0,"comment_status":"closed","ping_status":"closed","template":"page-templates\/full-width-page.php","meta":{"footnotes":""},"class_list":["post-485","page","type-page","status-publish","hentry"],"_links":{"self":[{"href":"https:\/\/binnurdumanakademi.org\/index.php\/wp-json\/wp\/v2\/pages\/485","targetHints":{"allow":["GET"]}}],"collection":[{"href":"https:\/\/binnurdumanakademi.org\/index.php\/wp-json\/wp\/v2\/pages"}],"about":[{"href":"https:\/\/binnurdumanakademi.org\/index.php\/wp-json\/wp\/v2\/types\/page"}],"author":[{"embeddable":true,"href":"https:\/\/binnurdumanakademi.org\/index.php\/wp-json\/wp\/v2\/users\/1"}],"replies":[{"embeddable":true,"href":"https:\/\/binnurdumanakademi.org\/index.php\/wp-json\/wp\/v2\/comments?post=485"}],"version-history":[{"count":5,"href":"https:\/\/binnurdumanakademi.org\/index.php\/wp-json\/wp\/v2\/pages\/485\/revisions"}],"predecessor-version":[{"id":640,"href":"https:\/\/binnurdumanakademi.org\/index.php\/wp-json\/wp\/v2\/pages\/485\/revisions\/640"}],"wp:attachment":[{"href":"https:\/\/binnurdumanakademi.org\/index.php\/wp-json\/wp\/v2\/media?parent=485"}],"curies":[{"name":"wp","href":"https:\/\/api.w.org\/{rel}","templated":true}]}}