{"id":42,"date":"2024-06-13T12:02:48","date_gmt":"2024-06-13T09:02:48","guid":{"rendered":"http:\/\/binnurdumanakademi.org\/?page_id=42"},"modified":"2024-07-10T15:51:43","modified_gmt":"2024-07-10T12:51:43","slug":"hakkimizda","status":"publish","type":"page","link":"https:\/\/binnurdumanakademi.org\/index.php\/hakkimizda\/","title":{"rendered":"Hakk\u0131m\u0131zda"},"content":{"rendered":"<div data-colibri-id=\"42-c1\" class=\"style-433 style-local-42-c1 position-relative\">\n  <!---->\n  <div data-colibri-component=\"section\" data-colibri-id=\"42-c2\" id=\"custom\" class=\"h-section h-section-global-spacing d-flex align-items-lg-center align-items-md-center align-items-center style-435 style-local-42-c2 position-relative\">\n    <!---->\n    <!---->\n    <div class=\"h-section-grid-container h-section-fluid-container\">\n      <!---->\n      <div data-colibri-id=\"42-c3\" class=\"h-row-container gutters-row-lg-0 gutters-row-md-0 gutters-row-0 gutters-row-v-lg-0 gutters-row-v-md-0 gutters-row-v-0 style-438 style-local-42-c3 position-relative\">\n        <!---->\n        <div class=\"h-row justify-content-lg-center justify-content-md-center justify-content-center align-items-lg-stretch align-items-md-stretch align-items-stretch gutters-col-lg-0 gutters-col-md-0 gutters-col-0 gutters-col-v-lg-0 gutters-col-v-md-0 gutters-col-v-0\">\n          <!---->\n          <div class=\"h-column h-column-container d-flex h-col-lg-12 h-col-md-12 h-col-12 style-439-outer style-local-42-c4-outer\">\n            <div data-colibri-id=\"42-c4\" class=\"d-flex h-flex-basis h-column__inner h-px-lg-0 h-px-md-0 h-px-0 v-inner-lg-0 v-inner-md-0 v-inner-0 style-439 style-local-42-c4 position-relative\">\n              <!---->\n              <!---->\n              <div class=\"w-100 h-y-container h-column__content h-column__v-align flex-basis-100 align-self-lg-start align-self-md-start align-self-start\">\n                <!---->\n                <div data-colibri-component=\"video\" data-colibri-id=\"42-c5\" class=\"d-block h-video d-block h-video style-663 style-local-42-c5 position-relative h-element\">\n                  <!---->\n                  <!---->\n                  <div class=\"video-container position-relative\">\n                    <div class=\"h-global-transition-all ratio-inner\"><iframe src=https:\/\/www.youtube.com\/embed\/q8vUDWFknJQ?autoplay=1&#038;mute=0&#038;modestbranding=0&#038;rel=0&#038;enablejsapi=1&#038; class='h-video-main'allow=\"autoplay\"  allowfullscreen><\/iframe><\/div>\n                  <\/div>\n                <\/div>\n              <\/div>\n            <\/div>\n          <\/div>\n        <\/div>\n      <\/div>\n      <div data-colibri-id=\"42-c7\" class=\"h-row-container gutters-row-lg-2 gutters-row-md-2 gutters-row-0 gutters-row-v-lg-2 gutters-row-v-md-2 gutters-row-v-2 style-441 style-local-42-c7 position-relative\">\n        <!---->\n        <div class=\"h-row justify-content-lg-center justify-content-md-center justify-content-center align-items-lg-stretch align-items-md-stretch align-items-stretch gutters-col-lg-2 gutters-col-md-2 gutters-col-0 gutters-col-v-lg-2 gutters-col-v-md-2 gutters-col-v-2\">\n          <!---->\n          <div class=\"h-column h-column-container d-flex h-col-lg-auto h-col-md-auto h-col-auto style-442-outer style-local-42-c8-outer\">\n            <div data-colibri-id=\"42-c8\" class=\"d-flex h-flex-basis h-column__inner h-px-lg-2 h-px-md-2 h-px-2 v-inner-lg-2 v-inner-md-2 v-inner-2 style-442 style-local-42-c8 position-relative\">\n              <!---->\n              <!---->\n              <div class=\"w-100 h-y-container h-column__content h-column__v-align flex-basis-100 align-self-lg-start align-self-md-start align-self-start\">\n                <!---->\n                <div data-colibri-id=\"42-c9\" class=\"h-text h-text-component style-443 style-local-42-c9 position-relative h-element\">\n                  <!---->\n                  <!---->\n                  <div class=\"\">\n                    <h3><span style=\"font-family: Alegreya;\">Binnur Duman kimdir?<\/span><\/h3>\n                    <p><span style=\"color: rgb(5, 5, 5); font-family: Alegreya;\">\u00d6zel hayat\u0131n mahremiyetine b\u00fcy\u00fck bir sayg\u0131 g\u00f6steren ve profesyonel ba\u015far\u0131lar\u0131yla tan\u0131nan \u00dcnl\u00fc&nbsp;<\/span>\n                      <a href=\"https:\/\/www.yenibakis.com.tr\/yasam\" style=\"color: rgb(5, 5, 5); font-family: Alegreya;\"\n                        class=\"customize-unpreviewable\"><strong>Ruhsal<\/strong><\/a><span style=\"color: rgb(5, 5, 5); font-family: Alegreya;\">&nbsp;\u2013&nbsp;<\/span>\n                      <a href=\"https:\/\/www.yenibakis.com.tr\/yasam\" style=\"color: rgb(5, 5, 5); font-family: Alegreya;\" class=\"customize-unpreviewable\"><strong>Spirit\u00fcel<\/strong><\/a><span style=\"color: rgb(5, 5, 5); font-family: Alegreya;\">&nbsp;Dan\u0131\u015fman Binnur Duman, m\u00fctevaz\u0131 ki\u015fili\u011fi ve zarafetiyle dikkat \u00e7ekiyor. Kendine \u00f6zg\u00fc bir d\u00fcnya g\u00f6r\u00fc\u015f\u00fcne sahip olan Duman, alan\u0131nda tecr\u00fcbe ve ba\u015far\u0131lar\u0131yla tan\u0131nan donan\u0131ml\u0131 bir uzman olarak \u00f6ne \u00e7\u0131k\u0131yor.<\/span><\/p>\n                    <p>\n                      <a href=\"https:\/\/www.yenibakis.com.tr\/yasam\" style=\"color: rgb(5, 5, 5); font-family: Alegreya;\" class=\"customize-unpreviewable\"><strong>Binnur Duman<\/strong><\/a><span style=\"color: rgb(5, 5, 5); font-family: Alegreya;\">&#8216;\u0131n akademik kariyeri, kimya ve fizik alanlar\u0131nda \u00e7ift anadal yaparak ba\u015flad\u0131 ve davran\u0131\u015f bilimleri \u00fczerine yapt\u0131\u011f\u0131 \u00e7al\u0131\u015fmalarla devam etti. \u00c7ocuklu\u011fundan itibaren fark etti\u011fi sezgisel yeteneklerini ve \u015fifa g\u00fc\u00e7lerini hayat\u0131 boyunca pozitif bir katk\u0131 olarak kullanan Duman, ruhsal tekam\u00fcl ve bilgelik e\u011fitimleriyle kendini s\u00fcrekli geli\u015ftirmeyi ihmal etmedi. Bu yolculu\u011fu, atalar\u0131ndan ald\u0131\u011f\u0131 \u015fifa g\u00fc\u00e7lerini ke\u015ffetme ve onlar\u0131 her alanda kullanma arzusuyla s\u00fcrd\u00fcrd\u00fc.<\/span><\/p>\n                    <p><span style=\"color: rgb(5, 5, 5); font-family: Alegreya;\">Ruhsal, zihinsel, bedensel ve ya\u015famsal iyile\u015fme konusunda derin bilgi ve tecr\u00fcbeye sahip olan Duman, edindi\u011fi bilgileri di\u011fer insanlara aktararak iyilik el\u00e7isi rol\u00fcn\u00fc \u00fcstleniyor. Onun temel amac\u0131, d\u00fcnyada pozitif d\u00fc\u015f\u00fcnceli ve iyi kalpli insanlar\u0131n say\u0131s\u0131n\u0131 art\u0131rmak.<\/span><\/p>\n                    <p><span style=\"color: rgb(5, 5, 5); font-family: Alegreya;\">33 y\u0131l boyunca \u00e7e\u015fitli e\u011fitim kurumlar\u0131 ve \u00fcniversitelerde e\u011fitim veren \u00fcnl\u00fc dan\u0131\u015fman, yakla\u015f\u0131k 16 y\u0131ld\u0131r Spirit\u00fcel alanda profesyonel e\u011fitimler sunuyor. Pandemi s\u00fcrecinde evde kalan insanlara sosyal medya arac\u0131l\u0131\u011f\u0131yla meditatif \u00e7al\u0131\u015fmalar ve canl\u0131 yay\u0131nlar yaparak moral vermi\u015f, bu zor zamanlarda takip\u00e7ilerine olumlu katk\u0131larda bulunmu\u015ftur.<\/span><\/p>\n                    <p><span style=\"color: rgb(5, 5, 5); font-family: Alegreya;\">Binnur Duman, ayn\u0131 zamanda bir\u00e7ok alanda uzmanl\u0131k ve sertifikalara sahiptir. Bunlar aras\u0131nda Uluda\u011f \u00dcniversitesi&#8217;nden ald\u0131\u011f\u0131 kimya ve fizik e\u011fitimleri, davran\u0131\u015f bilimleri \u00fczerine y\u00fcksek lisans\u0131, Avrupa E\u011fitim Enstit\u00fcs\u00fc&#8217;nden Holistik T\u0131p ve Profesyonel Hipnoz Teknikleri, Reiki Master-GrandMaster unvanlar\u0131 ve daha pek \u00e7oklar\u0131 yer al\u0131yor. Duman, ki\u015fisel geli\u015fim uzman\u0131, psi\u015fik ameliyat patent sahibi ve holistik \u015fifa sistemleri konusunda da derinlemesine bilgi sahibidir.<\/span><\/p>\n                    <p><span style=\"color: rgb(5, 5, 5); font-family: Alegreya;\">Kendini s\u00fcrekli geli\u015ftiren ve bu bilgilerini payla\u015fmaktan \u00e7ekinmeyen Binnur Duman, g\u00fcn\u00fcm\u00fczde spirit\u00fcel dan\u0131\u015fmanl\u0131k alan\u0131nda parlayan bir y\u0131ld\u0131z olarak kabul ediliyor. Her ad\u0131m\u0131nda bilgi ve tecr\u00fcbesini aktarmaya haz\u0131r bu etkileyici ki\u015filik, modern zamanlar\u0131n spirit\u00fcel ustas\u0131 olarak an\u0131lmay\u0131 hak ediyor.<\/span><\/p>\n                    <h3><span style=\"font-family: Alegreya;\">Binnur Duman&#8217;\u0131n hizmetleri<\/span><\/h3>\n                    <ul>\n                      <li><strong style=\"font-family: Alegreya; color: rgb(11, 11, 11);\">Ruhsal \u2013 Spirit\u00fcel Dan\u0131\u015fmanl\u0131k:<\/strong><span style=\"font-family: Alegreya; color: rgb(11, 11, 11);\">&nbsp;Bireylerin spirit\u00fcel yolculuklar\u0131na rehberlik ederek, ki\u015fisel ve ruhsal geli\u015fimlerine katk\u0131da bulunuyor.<\/span><\/li>\n                      <li><strong style=\"font-family: Alegreya; color: rgb(11, 11, 11);\">E\u011fitimler ve At\u00f6lye \u00c7al\u0131\u015fmalar\u0131:<\/strong><span style=\"font-family: Alegreya; color: rgb(11, 11, 11);\">&nbsp;Farkl\u0131 e\u011fitim kurumlar\u0131 ve \u00fcniversitelerde verdi\u011fi e\u011fitimler ve at\u00f6lye \u00e7al\u0131\u015fmalar\u0131 ile bilgi ve deneyimlerini payla\u015f\u0131yor.<\/span><\/li>\n                      <li><strong style=\"font-family: Alegreya; color: rgb(11, 11, 11);\">Meditatif \u00c7al\u0131\u015fmalar:<\/strong><span style=\"font-family: Alegreya; color: rgb(11, 11, 11);\">&nbsp;Sosyal medya \u00fczerinden ger\u00e7ekle\u015ftirdi\u011fi toplu meditatif \u00e7al\u0131\u015fmalar ile insanlar\u0131n zihinsel ve spirit\u00fcel huzur bulmalar\u0131na yard\u0131mc\u0131 oluyor.<\/span><\/li>\n                      <li><strong style=\"font-family: Alegreya; color: rgb(11, 11, 11);\">Profesyonel Ya\u015fam Ko\u00e7lu\u011fu ve Ergen Ko\u00e7lu\u011fu:<\/strong><span style=\"font-family: Alegreya; color: rgb(11, 11, 11);\">&nbsp;Ki\u015fisel geli\u015fim ve ya\u015fam ko\u00e7lu\u011fu hizmetleri sunarak bireylerin hayatlar\u0131n\u0131 daha iyi y\u00f6netmelerine destek sa\u011fl\u0131yor.<\/span><\/li>\n                      <li><strong style=\"font-family: Alegreya; color: rgb(11, 11, 11);\">Holistik \u015eifa Sistemleri:<\/strong><span style=\"font-family: Alegreya; color: rgb(11, 11, 11);\">&nbsp;\u00c7e\u015fitli holistik \u015fifa y\u00f6ntemleri uygulayarak, bireylerin fiziksel, zihinsel ve ruhsal sa\u011fl\u0131klar\u0131n\u0131 iyile\u015ftirmeyi ama\u00e7l\u0131yor.<\/span><\/li>\n                      <li><strong style=\"font-family: Alegreya; color: rgb(11, 11, 11);\">Reiki Uygulamalar\u0131:<\/strong><span style=\"font-family: Alegreya; color: rgb(11, 11, 11);\">&nbsp;Reiki Master-GrandMaster olarak enerji \u00e7al\u0131\u015fmalar\u0131 yaparak, bireylerin enerji dengelerini iyile\u015ftirmeye yard\u0131mc\u0131 oluyor.<\/span><\/li>\n                      <li><strong style=\"font-family: Alegreya; color: rgb(11, 11, 11);\">Kuantum Ya\u015fam Ko\u00e7lu\u011fu:<\/strong><span style=\"font-family: Alegreya; color: rgb(11, 11, 11);\">&nbsp;Kuantum fizi\u011finin prensiplerini kullanarak bireylerin ya\u015famlar\u0131nda pozitif de\u011fi\u015fiklikler yapmalar\u0131na rehberlik ediyor.<\/span><\/li>\n                      <li><strong style=\"font-family: Alegreya; color: rgb(11, 11, 11);\">Psi\u015fik Ameliyatlar:<\/strong><span style=\"font-family: Alegreya; color: rgb(11, 11, 11);\">&nbsp;\u00d6zel psi\u015fik yeteneklerini kullanarak, alternatif t\u0131p alan\u0131nda hizmetler sunuyor.<\/span><\/li>\n                      <li><strong style=\"font-family: Alegreya; color: rgb(11, 11, 11);\">Thetahealing Uygulamalar\u0131:<\/strong><span style=\"font-family: Alegreya; color: rgb(11, 11, 11);\">&nbsp;Temel, ileri ve derin kaz\u0131 teknikleri ile bireylerin bilin\u00e7alt\u0131 d\u00fczeydeki blokajlar\u0131 \u00e7\u00f6zmelerine yard\u0131mc\u0131 oluyor.<\/span><\/li>\n                      <li><strong style=\"font-family: Alegreya; color: rgb(11, 11, 11);\">Uyan\u0131\u015f ve Fark\u0131ndal\u0131k E\u011fitimleri:<\/strong><span style=\"font-family: Alegreya; color: rgb(11, 11, 11);\">&nbsp;Bireylerin kendilerini ve \u00e7evrelerini daha iyi anlamalar\u0131n\u0131 sa\u011flayacak uyan\u0131\u015f ve fark\u0131ndal\u0131k e\u011fitimleri veriyor.<\/span><\/li>\n                      <li><strong style=\"font-family: Alegreya; color: rgb(11, 11, 11);\">Sufizm ve Tasavvuf E\u011fitimleri:<\/strong><span style=\"font-family: Alegreya; color: rgb(11, 11, 11);\">&nbsp;Manevi ve mistik \u00f6\u011fretiler \u00fczerine e\u011fitimler sunarak, bireylerin spirit\u00fcel anlamda derinle\u015fmelerine olanak tan\u0131yor.<\/span><\/li>\n                      <li><strong style=\"font-family: Alegreya; color: rgb(11, 11, 11);\">\u015eaman \u015eifa Sistemleri:<\/strong><span style=\"font-family: Alegreya; color: rgb(11, 11, 11);\">&nbsp;Geleneksel \u015faman tekniklerini kullanarak, bireylerin ya\u015famlar\u0131na pozitif enerji ve \u015fifa getiriyor.<\/span><\/li>\n                      <li><strong style=\"font-family: Alegreya; color: rgb(11, 11, 11);\">Mindfulness Uygulamalar\u0131:<\/strong><span style=\"font-family: Alegreya; color: rgb(11, 11, 11);\">&nbsp;G\u00fcn\u00fcm\u00fcz\u00fcn pop\u00fcler meditasyon tekniklerinden biri olan mindfulness ile bireylere stres y\u00f6netimi ve huzur bulma konusunda yard\u0131mc\u0131 oluyor.<\/span><\/li>\n                    <\/ul>\n                    <p>\n                      <br>Binnur Duman Akademi, ki\u015fisel ve ruhsal geli\u015fime odaklanan bir e\u011fitim kurumudur. Binnur Duman \u00f6nc\u00fcl\u00fc\u011f\u00fcnde kurulan akademi, \u00e7e\u015fitli at\u00f6lye \u00e7al\u0131\u015fmalar\u0131, programlar ve kamplar arac\u0131l\u0131\u011f\u0131yla kat\u0131l\u0131mc\u0131lara \u015fifa, bilin\u00e7alt\u0131 d\u00f6n\u00fc\u015f\u00fcm\u00fc ve\n                      spirit\u00fcel fark\u0131ndal\u0131k konular\u0131nda bilgi ve beceri kazand\u0131rmay\u0131 ama\u00e7lamaktad\u0131r.<\/p>\n                    <p><strong>Binnur Duman Akademi&#8217;nin Sundu\u011fu Hizmetler:<\/strong><\/p>\n                    <ul>\n                      <li><strong>At\u00f6lye \u00c7al\u0131\u015fmalar\u0131:<\/strong> Binnur Duman Akademi, numeroloji, reiki, \u015fifal\u0131 bitkiler, meditasyon gibi \u00e7e\u015fitli konularda at\u00f6lye \u00e7al\u0131\u015fmalar\u0131 d\u00fczenlemektedir. Bu at\u00f6lyelerde kat\u0131l\u0131mc\u0131lar, bu alanlarda pratik bilgi ve deneyim\n                        kazanma imkan\u0131 bulmaktad\u0131r.<\/li>\n                      <li><strong>Programlar:<\/strong> Binnur Duman Akademi, ki\u015fisel d\u00f6n\u00fc\u015f\u00fcm ve ruhsal ayd\u0131nlanma \u00fczerine kapsaml\u0131 programlar sunmaktad\u0131r. Bu programlar, kat\u0131l\u0131mc\u0131lar\u0131n bilin\u00e7alt\u0131 kal\u0131plar\u0131n\u0131 ke\u015ffetmelerine, blokajlar\u0131n\u0131 \u00e7\u00f6zmelerine ve kendilerini\n                        daha iyi anlamalar\u0131na yard\u0131mc\u0131 olmay\u0131 ama\u00e7lamaktad\u0131r.<\/li>\n                      <li><strong>Kamplar:<\/strong> Binnur Duman Akademi, do\u011fayla i\u00e7 i\u00e7e ortamlarda d\u00fczenlenen kamplar ile kat\u0131l\u0131mc\u0131lara \u015fifa ve yenilenme deneyimi ya\u015fatmaktad\u0131r. Bu kamplarda yoga, meditasyon, nefes \u00e7al\u0131\u015fmalar\u0131 gibi \u00e7e\u015fitli aktiviteler yer\n                        almaktad\u0131r.<\/li>\n                    <\/ul>\n                    <p><strong>Binnur Duman Akademi&#8217;nin Hedef Kitlesi:<\/strong><\/p>\n                    <p>Binnur Duman Akademi, ki\u015fisel ve ruhsal geli\u015fime ilgi duyan herkese a\u00e7\u0131kt\u0131r. Akademi programlar\u0131 ve at\u00f6lyeleri, hayatlar\u0131nda daha fazla mutluluk, bolluk ve ba\u015far\u0131 elde etmek isteyenler, stres ve kayg\u0131 ile ba\u015fa \u00e7\u0131kmak isteyenler ve\n                      spirit\u00fcel fark\u0131ndal\u0131klar\u0131n\u0131 geli\u015ftirmek isteyenler i\u00e7in idealdir.<\/p>\n                    <p><strong>Binnur Duman Akademi Hakk\u0131nda Yorumlar:<\/strong><\/p>\n                    <p>Kat\u0131l\u0131mc\u0131lar, akademide ald\u0131klar\u0131 e\u011fitimlerden ve deneyimlerden memnuniyetlerini dile getirmektedir. \u00d6zellikle Binnur Duman&#8217;\u0131n samimi ve bilgili yakla\u015f\u0131m\u0131, programlar\u0131n ve at\u00f6lyelerin i\u00e7eri\u011fi ve do\u011fayla i\u00e7 i\u00e7e kamplar olduk\u00e7a be\u011fenilmektedir.<\/p>\n                  <\/div>\n                <\/div>\n              <\/div>\n            <\/div>\n          <\/div>\n        <\/div>\n      <\/div>\n    <\/div>\n  <\/div>\n<\/div>","protected":false},"excerpt":{"rendered":"<p>Binnur Duman kimdir? \u00d6zel hayat\u0131n mahremiyetine b\u00fcy\u00fck bir sayg\u0131 g\u00f6steren ve profesyonel ba\u015far\u0131lar\u0131yla tan\u0131nan \u00dcnl\u00fc&nbsp; Ruhsal&nbsp;\u2013&nbsp; Spirit\u00fcel&nbsp;Dan\u0131\u015fman Binnur Duman, m\u00fctevaz\u0131 ki\u015fili\u011fi ve zarafetiyle dikkat \u00e7ekiyor. Kendine \u00f6zg\u00fc bir d\u00fcnya g\u00f6r\u00fc\u015f\u00fcne sahip olan Duman, alan\u0131nda tecr\u00fcbe ve ba\u015far\u0131lar\u0131yla tan\u0131nan donan\u0131ml\u0131 bir uzman olarak \u00f6ne \u00e7\u0131k\u0131yor. Binnur Duman&#8216;\u0131n akademik kariyeri, kimya ve fizik alanlar\u0131nda \u00e7ift anadal yaparak [&hellip;]<\/p>\n","protected":false},"author":1,"featured_media":0,"parent":0,"menu_order":0,"comment_status":"closed","ping_status":"closed","template":"page-templates\/full-width-page.php","meta":{"footnotes":""},"class_list":["post-42","page","type-page","status-publish","hentry"],"_links":{"self":[{"href":"https:\/\/binnurdumanakademi.org\/index.php\/wp-json\/wp\/v2\/pages\/42","targetHints":{"allow":["GET"]}}],"collection":[{"href":"https:\/\/binnurdumanakademi.org\/index.php\/wp-json\/wp\/v2\/pages"}],"about":[{"href":"https:\/\/binnurdumanakademi.org\/index.php\/wp-json\/wp\/v2\/types\/page"}],"author":[{"embeddable":true,"href":"https:\/\/binnurdumanakademi.org\/index.php\/wp-json\/wp\/v2\/users\/1"}],"replies":[{"embeddable":true,"href":"https:\/\/binnurdumanakademi.org\/index.php\/wp-json\/wp\/v2\/comments?post=42"}],"version-history":[{"count":8,"href":"https:\/\/binnurdumanakademi.org\/index.php\/wp-json\/wp\/v2\/pages\/42\/revisions"}],"predecessor-version":[{"id":622,"href":"https:\/\/binnurdumanakademi.org\/index.php\/wp-json\/wp\/v2\/pages\/42\/revisions\/622"}],"wp:attachment":[{"href":"https:\/\/binnurdumanakademi.org\/index.php\/wp-json\/wp\/v2\/media?parent=42"}],"curies":[{"name":"wp","href":"https:\/\/api.w.org\/{rel}","templated":true}]}}